{"id":39200,"date":"2026-03-30T08:56:17","date_gmt":"2026-03-30T08:56:17","guid":{"rendered":"https:\/\/zebate24.pl\/?post_type=product&#038;p=39200"},"modified":"2026-03-30T09:02:53","modified_gmt":"2026-03-30T09:02:53","slug":"rigid-axle-zf-mt-l-3045-ii","status":"publish","type":"product","link":"https:\/\/zebate24.pl\/produkt\/rigid-axle-zf-mt-l-3045-ii\/","title":{"rendered":"Rigid axle ZF MT-L 3045"},"content":{"rendered":"<p>New, original rigid axle ZF<\/p>\n<p>MT-L 3045<\/p>\n","protected":false},"excerpt":{"rendered":"<p>MT-L 3045<\/p>\n","protected":false},"featured_media":39191,"comment_status":"open","ping_status":"closed","template":"","meta":{"_acf_changed":false,"inline_featured_image":false},"ze_product_categories":[15302],"product_brand":[],"product_cat":[52],"product_tag":[79,15475,15305,299],"class_list":{"0":"post-39200","1":"product","2":"type-product","3":"status-publish","4":"has-post-thumbnail","6":"ze_product_categories-mosty","7":"product_cat-czesci-zf","8":"product_tag-axle","9":"product_tag-mt-l-3045","10":"product_tag-rigid-axle","11":"product_tag-zf","13":"first","14":"instock","15":"shipping-taxable","16":"purchasable","17":"product-type-simple"},"yoast_head":"<!-- This site is optimized with the Yoast SEO plugin v27.6 - https:\/\/yoast.com\/product\/yoast-seo-wordpress\/ -->\n<title>Rigid axle ZF MT-L 3045 - Z\u0119bate 24<\/title>\n<meta name=\"robots\" content=\"index, follow, max-snippet:-1, max-image-preview:large, max-video-preview:-1\" \/>\n<link rel=\"canonical\" href=\"https:\/\/zebate24.pl\/produkt\/rigid-axle-zf-mt-l-3045-ii\/\" \/>\n<meta property=\"og:locale\" content=\"pl_PL\" \/>\n<meta property=\"og:type\" content=\"article\" \/>\n<meta property=\"og:title\" content=\"Rigid axle ZF MT-L 3045 - Z\u0119bate 24\" \/>\n<meta property=\"og:description\" content=\"MT-L 3045\" \/>\n<meta property=\"og:url\" content=\"https:\/\/zebate24.pl\/produkt\/rigid-axle-zf-mt-l-3045-ii\/\" \/>\n<meta property=\"og:site_name\" content=\"Z\u0119bate 24\" \/>\n<meta property=\"article:modified_time\" content=\"2026-03-30T09:02:53+00:00\" \/>\n<meta property=\"og:image\" content=\"https:\/\/zebate24.pl\/wp-content\/uploads\/2026\/03\/8-na-strone.jpg\" \/>\n\t<meta property=\"og:image:width\" content=\"300\" \/>\n\t<meta property=\"og:image:height\" content=\"300\" \/>\n\t<meta property=\"og:image:type\" content=\"image\/jpeg\" \/>\n<meta name=\"twitter:card\" content=\"summary_large_image\" \/>\n<meta name=\"twitter:label1\" content=\"Szacowany czas czytania\" \/>\n\t<meta name=\"twitter:data1\" content=\"1 minuta\" \/>\n<script type=\"application\/ld+json\" class=\"yoast-schema-graph\">{\"@context\":\"https:\\\/\\\/schema.org\",\"@graph\":[{\"@type\":\"WebPage\",\"@id\":\"https:\\\/\\\/zebate24.pl\\\/produkt\\\/rigid-axle-zf-mt-l-3045-ii\\\/\",\"url\":\"https:\\\/\\\/zebate24.pl\\\/produkt\\\/rigid-axle-zf-mt-l-3045-ii\\\/\",\"name\":\"Rigid axle ZF MT-L 3045 - Z\u0119bate 24\",\"isPartOf\":{\"@id\":\"https:\\\/\\\/zebate24.pl\\\/#website\"},\"primaryImageOfPage\":{\"@id\":\"https:\\\/\\\/zebate24.pl\\\/produkt\\\/rigid-axle-zf-mt-l-3045-ii\\\/#primaryimage\"},\"image\":{\"@id\":\"https:\\\/\\\/zebate24.pl\\\/produkt\\\/rigid-axle-zf-mt-l-3045-ii\\\/#primaryimage\"},\"thumbnailUrl\":\"https:\\\/\\\/zebate24.pl\\\/wp-content\\\/uploads\\\/2026\\\/03\\\/8-na-strone.jpg\",\"datePublished\":\"2026-03-30T08:56:17+00:00\",\"dateModified\":\"2026-03-30T09:02:53+00:00\",\"breadcrumb\":{\"@id\":\"https:\\\/\\\/zebate24.pl\\\/produkt\\\/rigid-axle-zf-mt-l-3045-ii\\\/#breadcrumb\"},\"inLanguage\":\"pl-PL\",\"potentialAction\":[{\"@type\":\"ReadAction\",\"target\":[\"https:\\\/\\\/zebate24.pl\\\/produkt\\\/rigid-axle-zf-mt-l-3045-ii\\\/\"]}]},{\"@type\":\"ImageObject\",\"inLanguage\":\"pl-PL\",\"@id\":\"https:\\\/\\\/zebate24.pl\\\/produkt\\\/rigid-axle-zf-mt-l-3045-ii\\\/#primaryimage\",\"url\":\"https:\\\/\\\/zebate24.pl\\\/wp-content\\\/uploads\\\/2026\\\/03\\\/8-na-strone.jpg\",\"contentUrl\":\"https:\\\/\\\/zebate24.pl\\\/wp-content\\\/uploads\\\/2026\\\/03\\\/8-na-strone.jpg\",\"width\":300,\"height\":300},{\"@type\":\"BreadcrumbList\",\"@id\":\"https:\\\/\\\/zebate24.pl\\\/produkt\\\/rigid-axle-zf-mt-l-3045-ii\\\/#breadcrumb\",\"itemListElement\":[{\"@type\":\"ListItem\",\"position\":1,\"name\":\"Strona g\u0142\u00f3wna\",\"item\":\"https:\\\/\\\/zebate24.pl\\\/\"},{\"@type\":\"ListItem\",\"position\":2,\"name\":\"Cz\u0119\u015bci\",\"item\":\"https:\\\/\\\/zebate24.pl\\\/czesci\\\/\"},{\"@type\":\"ListItem\",\"position\":3,\"name\":\"Rigid axle ZF MT-L 3045\"}]},{\"@type\":\"WebSite\",\"@id\":\"https:\\\/\\\/zebate24.pl\\\/#website\",\"url\":\"https:\\\/\\\/zebate24.pl\\\/\",\"name\":\"Z\u0119bate 24\",\"description\":\"Szeroka oferta cz\u0119\u015bci nap\u0119dowych! Ko\u0142a z\u0119bate, przek\u0142adnie k\u0105towe z\u0119bate, most carraro, dana, kessler, spicer, zf, ko\u0142a talerzowe, mosty nap\u0119dowe\",\"potentialAction\":[{\"@type\":\"SearchAction\",\"target\":{\"@type\":\"EntryPoint\",\"urlTemplate\":\"https:\\\/\\\/zebate24.pl\\\/?s={search_term_string}\"},\"query-input\":{\"@type\":\"PropertyValueSpecification\",\"valueRequired\":true,\"valueName\":\"search_term_string\"}}],\"inLanguage\":\"pl-PL\"}]}<\/script>\n<!-- \/ Yoast SEO plugin. -->","yoast_head_json":{"title":"Rigid axle ZF MT-L 3045 - Z\u0119bate 24","robots":{"index":"index","follow":"follow","max-snippet":"max-snippet:-1","max-image-preview":"max-image-preview:large","max-video-preview":"max-video-preview:-1"},"canonical":"https:\/\/zebate24.pl\/produkt\/rigid-axle-zf-mt-l-3045-ii\/","og_locale":"pl_PL","og_type":"article","og_title":"Rigid axle ZF MT-L 3045 - Z\u0119bate 24","og_description":"MT-L 3045","og_url":"https:\/\/zebate24.pl\/produkt\/rigid-axle-zf-mt-l-3045-ii\/","og_site_name":"Z\u0119bate 24","article_modified_time":"2026-03-30T09:02:53+00:00","og_image":[{"width":300,"height":300,"url":"https:\/\/zebate24.pl\/wp-content\/uploads\/2026\/03\/8-na-strone.jpg","type":"image\/jpeg"}],"twitter_card":"summary_large_image","twitter_misc":{"Szacowany czas czytania":"1 minuta"},"schema":{"@context":"https:\/\/schema.org","@graph":[{"@type":"WebPage","@id":"https:\/\/zebate24.pl\/produkt\/rigid-axle-zf-mt-l-3045-ii\/","url":"https:\/\/zebate24.pl\/produkt\/rigid-axle-zf-mt-l-3045-ii\/","name":"Rigid axle ZF MT-L 3045 - Z\u0119bate 24","isPartOf":{"@id":"https:\/\/zebate24.pl\/#website"},"primaryImageOfPage":{"@id":"https:\/\/zebate24.pl\/produkt\/rigid-axle-zf-mt-l-3045-ii\/#primaryimage"},"image":{"@id":"https:\/\/zebate24.pl\/produkt\/rigid-axle-zf-mt-l-3045-ii\/#primaryimage"},"thumbnailUrl":"https:\/\/zebate24.pl\/wp-content\/uploads\/2026\/03\/8-na-strone.jpg","datePublished":"2026-03-30T08:56:17+00:00","dateModified":"2026-03-30T09:02:53+00:00","breadcrumb":{"@id":"https:\/\/zebate24.pl\/produkt\/rigid-axle-zf-mt-l-3045-ii\/#breadcrumb"},"inLanguage":"pl-PL","potentialAction":[{"@type":"ReadAction","target":["https:\/\/zebate24.pl\/produkt\/rigid-axle-zf-mt-l-3045-ii\/"]}]},{"@type":"ImageObject","inLanguage":"pl-PL","@id":"https:\/\/zebate24.pl\/produkt\/rigid-axle-zf-mt-l-3045-ii\/#primaryimage","url":"https:\/\/zebate24.pl\/wp-content\/uploads\/2026\/03\/8-na-strone.jpg","contentUrl":"https:\/\/zebate24.pl\/wp-content\/uploads\/2026\/03\/8-na-strone.jpg","width":300,"height":300},{"@type":"BreadcrumbList","@id":"https:\/\/zebate24.pl\/produkt\/rigid-axle-zf-mt-l-3045-ii\/#breadcrumb","itemListElement":[{"@type":"ListItem","position":1,"name":"Strona g\u0142\u00f3wna","item":"https:\/\/zebate24.pl\/"},{"@type":"ListItem","position":2,"name":"Cz\u0119\u015bci","item":"https:\/\/zebate24.pl\/czesci\/"},{"@type":"ListItem","position":3,"name":"Rigid axle ZF MT-L 3045"}]},{"@type":"WebSite","@id":"https:\/\/zebate24.pl\/#website","url":"https:\/\/zebate24.pl\/","name":"Z\u0119bate 24","description":"Szeroka oferta cz\u0119\u015bci nap\u0119dowych! Ko\u0142a z\u0119bate, przek\u0142adnie k\u0105towe z\u0119bate, most carraro, dana, kessler, spicer, zf, ko\u0142a talerzowe, mosty nap\u0119dowe","potentialAction":[{"@type":"SearchAction","target":{"@type":"EntryPoint","urlTemplate":"https:\/\/zebate24.pl\/?s={search_term_string}"},"query-input":{"@type":"PropertyValueSpecification","valueRequired":true,"valueName":"search_term_string"}}],"inLanguage":"pl-PL"}]}},"acf":[],"gutenberg_blocks":[{"blockName":"custom-styles","attrs":{"styles":""}}],"meta_data":{"short_description":""},"_links":{"self":[{"href":"https:\/\/zebate24.pl\/index.php\/wp-json\/wp\/v2\/product\/39200","targetHints":{"allow":["GET"]}}],"collection":[{"href":"https:\/\/zebate24.pl\/index.php\/wp-json\/wp\/v2\/product"}],"about":[{"href":"https:\/\/zebate24.pl\/index.php\/wp-json\/wp\/v2\/types\/product"}],"replies":[{"embeddable":true,"href":"https:\/\/zebate24.pl\/index.php\/wp-json\/wp\/v2\/comments?post=39200"}],"wp:featuredmedia":[{"embeddable":true,"href":"https:\/\/zebate24.pl\/index.php\/wp-json\/wp\/v2\/media\/39191"}],"wp:attachment":[{"href":"https:\/\/zebate24.pl\/index.php\/wp-json\/wp\/v2\/media?parent=39200"}],"wp:term":[{"taxonomy":"ze_product_categories","embeddable":true,"href":"https:\/\/zebate24.pl\/index.php\/wp-json\/wp\/v2\/ze_product_categories?post=39200"},{"taxonomy":"product_brand","embeddable":true,"href":"https:\/\/zebate24.pl\/index.php\/wp-json\/wp\/v2\/product_brand?post=39200"},{"taxonomy":"product_cat","embeddable":true,"href":"https:\/\/zebate24.pl\/index.php\/wp-json\/wp\/v2\/product_cat?post=39200"},{"taxonomy":"product_tag","embeddable":true,"href":"https:\/\/zebate24.pl\/index.php\/wp-json\/wp\/v2\/product_tag?post=39200"}],"curies":[{"name":"wp","href":"https:\/\/api.w.org\/{rel}","templated":true}]}}