{"id":38755,"date":"2026-02-12T09:22:59","date_gmt":"2026-02-12T09:22:59","guid":{"rendered":"https:\/\/zebate24.pl\/?post_type=product&#038;p=38755"},"modified":"2026-02-12T10:13:37","modified_gmt":"2026-02-12T10:13:37","slug":"4858326-caterpillar-polos-kompletna","status":"publish","type":"product","link":"https:\/\/zebate24.pl\/produkt\/4858326-caterpillar-polos-kompletna\/","title":{"rendered":"485-8326 Caterpillar P\u00f3\u0142o\u015b kompletna"},"content":{"rendered":"<p>Nowa, oryginalna p\u00f3\u0142o\u015b kompletna Caterpillar.<\/p>\n<p>Nr-y por\u00f3wnawcze: 485-8326 \/ 4858326<\/p>\n","protected":false},"excerpt":{"rendered":"<p>kod producenta: 485-8326<\/p>\n","protected":false},"featured_media":38751,"comment_status":"open","ping_status":"closed","template":"","meta":{"_acf_changed":false,"inline_featured_image":false},"ze_product_categories":[12391],"product_cat":[27],"product_tag":[15166,15165,74,2133],"class_list":{"0":"post-38755","1":"product","2":"type-product","3":"status-publish","4":"has-post-thumbnail","6":"ze_product_categories-polosie","7":"product_cat-czesci-caterpillar","8":"product_tag-485-8326","9":"product_tag-15165","10":"product_tag-caterpillar","11":"product_tag-polos-kompletna","13":"first","14":"instock","15":"shipping-taxable","16":"purchasable","17":"product-type-simple"},"yoast_head":"<!-- This site is optimized with the Yoast SEO plugin v24.2 - https:\/\/yoast.com\/wordpress\/plugins\/seo\/ -->\n<title>485-8326 Caterpillar P\u00f3\u0142o\u015b kompletna - Z\u0119bate 24<\/title>\n<meta name=\"robots\" content=\"index, follow, max-snippet:-1, max-image-preview:large, max-video-preview:-1\" \/>\n<link rel=\"canonical\" href=\"https:\/\/zebate24.pl\/produkt\/4858326-caterpillar-polos-kompletna\/\" \/>\n<meta property=\"og:locale\" content=\"pl_PL\" \/>\n<meta property=\"og:type\" content=\"article\" \/>\n<meta property=\"og:title\" content=\"485-8326 Caterpillar P\u00f3\u0142o\u015b kompletna - Z\u0119bate 24\" \/>\n<meta property=\"og:description\" content=\"kod producenta: 485-8326\" \/>\n<meta property=\"og:url\" content=\"https:\/\/zebate24.pl\/produkt\/4858326-caterpillar-polos-kompletna\/\" \/>\n<meta property=\"og:site_name\" content=\"Z\u0119bate 24\" \/>\n<meta property=\"article:modified_time\" content=\"2026-02-12T10:13:37+00:00\" \/>\n<meta property=\"og:image\" content=\"https:\/\/zebate24.pl\/wp-content\/uploads\/2026\/02\/40119430-na-strone.jpg\" \/>\n\t<meta property=\"og:image:width\" content=\"300\" \/>\n\t<meta property=\"og:image:height\" content=\"300\" \/>\n\t<meta property=\"og:image:type\" content=\"image\/jpeg\" \/>\n<meta name=\"twitter:card\" content=\"summary_large_image\" \/>\n<meta name=\"twitter:label1\" content=\"Szacowany czas czytania\" \/>\n\t<meta name=\"twitter:data1\" content=\"1 minuta\" \/>\n<script type=\"application\/ld+json\" class=\"yoast-schema-graph\">{\"@context\":\"https:\/\/schema.org\",\"@graph\":[{\"@type\":\"WebPage\",\"@id\":\"https:\/\/zebate24.pl\/produkt\/4858326-caterpillar-polos-kompletna\/\",\"url\":\"https:\/\/zebate24.pl\/produkt\/4858326-caterpillar-polos-kompletna\/\",\"name\":\"485-8326 Caterpillar P\u00f3\u0142o\u015b kompletna - Z\u0119bate 24\",\"isPartOf\":{\"@id\":\"https:\/\/zebate24.pl\/#website\"},\"primaryImageOfPage\":{\"@id\":\"https:\/\/zebate24.pl\/produkt\/4858326-caterpillar-polos-kompletna\/#primaryimage\"},\"image\":{\"@id\":\"https:\/\/zebate24.pl\/produkt\/4858326-caterpillar-polos-kompletna\/#primaryimage\"},\"thumbnailUrl\":\"https:\/\/zebate24.pl\/wp-content\/uploads\/2026\/02\/40119430-na-strone.jpg\",\"datePublished\":\"2026-02-12T09:22:59+00:00\",\"dateModified\":\"2026-02-12T10:13:37+00:00\",\"breadcrumb\":{\"@id\":\"https:\/\/zebate24.pl\/produkt\/4858326-caterpillar-polos-kompletna\/#breadcrumb\"},\"inLanguage\":\"pl-PL\",\"potentialAction\":[{\"@type\":\"ReadAction\",\"target\":[\"https:\/\/zebate24.pl\/produkt\/4858326-caterpillar-polos-kompletna\/\"]}]},{\"@type\":\"ImageObject\",\"inLanguage\":\"pl-PL\",\"@id\":\"https:\/\/zebate24.pl\/produkt\/4858326-caterpillar-polos-kompletna\/#primaryimage\",\"url\":\"https:\/\/zebate24.pl\/wp-content\/uploads\/2026\/02\/40119430-na-strone.jpg\",\"contentUrl\":\"https:\/\/zebate24.pl\/wp-content\/uploads\/2026\/02\/40119430-na-strone.jpg\",\"width\":300,\"height\":300},{\"@type\":\"BreadcrumbList\",\"@id\":\"https:\/\/zebate24.pl\/produkt\/4858326-caterpillar-polos-kompletna\/#breadcrumb\",\"itemListElement\":[{\"@type\":\"ListItem\",\"position\":1,\"name\":\"Strona g\u0142\u00f3wna\",\"item\":\"https:\/\/zebate24.pl\/\"},{\"@type\":\"ListItem\",\"position\":2,\"name\":\"Cz\u0119\u015bci\",\"item\":\"https:\/\/zebate24.pl\/czesci\/\"},{\"@type\":\"ListItem\",\"position\":3,\"name\":\"485-8326 Caterpillar P\u00f3\u0142o\u015b kompletna\"}]},{\"@type\":\"WebSite\",\"@id\":\"https:\/\/zebate24.pl\/#website\",\"url\":\"https:\/\/zebate24.pl\/\",\"name\":\"Z\u0119bate 24\",\"description\":\"Szeroka oferta cz\u0119\u015bci nap\u0119dowych! Ko\u0142a z\u0119bate, przek\u0142adnie k\u0105towe z\u0119bate, most carraro, dana, kessler, spicer, zf, ko\u0142a talerzowe, mosty nap\u0119dowe\",\"potentialAction\":[{\"@type\":\"SearchAction\",\"target\":{\"@type\":\"EntryPoint\",\"urlTemplate\":\"https:\/\/zebate24.pl\/?s={search_term_string}\"},\"query-input\":{\"@type\":\"PropertyValueSpecification\",\"valueRequired\":true,\"valueName\":\"search_term_string\"}}],\"inLanguage\":\"pl-PL\"}]}<\/script>\n<!-- \/ Yoast SEO plugin. -->","yoast_head_json":{"title":"485-8326 Caterpillar P\u00f3\u0142o\u015b kompletna - Z\u0119bate 24","robots":{"index":"index","follow":"follow","max-snippet":"max-snippet:-1","max-image-preview":"max-image-preview:large","max-video-preview":"max-video-preview:-1"},"canonical":"https:\/\/zebate24.pl\/produkt\/4858326-caterpillar-polos-kompletna\/","og_locale":"pl_PL","og_type":"article","og_title":"485-8326 Caterpillar P\u00f3\u0142o\u015b kompletna - Z\u0119bate 24","og_description":"kod producenta: 485-8326","og_url":"https:\/\/zebate24.pl\/produkt\/4858326-caterpillar-polos-kompletna\/","og_site_name":"Z\u0119bate 24","article_modified_time":"2026-02-12T10:13:37+00:00","og_image":[{"width":300,"height":300,"url":"https:\/\/zebate24.pl\/wp-content\/uploads\/2026\/02\/40119430-na-strone.jpg","type":"image\/jpeg"}],"twitter_card":"summary_large_image","twitter_misc":{"Szacowany czas czytania":"1 minuta"},"schema":{"@context":"https:\/\/schema.org","@graph":[{"@type":"WebPage","@id":"https:\/\/zebate24.pl\/produkt\/4858326-caterpillar-polos-kompletna\/","url":"https:\/\/zebate24.pl\/produkt\/4858326-caterpillar-polos-kompletna\/","name":"485-8326 Caterpillar P\u00f3\u0142o\u015b kompletna - Z\u0119bate 24","isPartOf":{"@id":"https:\/\/zebate24.pl\/#website"},"primaryImageOfPage":{"@id":"https:\/\/zebate24.pl\/produkt\/4858326-caterpillar-polos-kompletna\/#primaryimage"},"image":{"@id":"https:\/\/zebate24.pl\/produkt\/4858326-caterpillar-polos-kompletna\/#primaryimage"},"thumbnailUrl":"https:\/\/zebate24.pl\/wp-content\/uploads\/2026\/02\/40119430-na-strone.jpg","datePublished":"2026-02-12T09:22:59+00:00","dateModified":"2026-02-12T10:13:37+00:00","breadcrumb":{"@id":"https:\/\/zebate24.pl\/produkt\/4858326-caterpillar-polos-kompletna\/#breadcrumb"},"inLanguage":"pl-PL","potentialAction":[{"@type":"ReadAction","target":["https:\/\/zebate24.pl\/produkt\/4858326-caterpillar-polos-kompletna\/"]}]},{"@type":"ImageObject","inLanguage":"pl-PL","@id":"https:\/\/zebate24.pl\/produkt\/4858326-caterpillar-polos-kompletna\/#primaryimage","url":"https:\/\/zebate24.pl\/wp-content\/uploads\/2026\/02\/40119430-na-strone.jpg","contentUrl":"https:\/\/zebate24.pl\/wp-content\/uploads\/2026\/02\/40119430-na-strone.jpg","width":300,"height":300},{"@type":"BreadcrumbList","@id":"https:\/\/zebate24.pl\/produkt\/4858326-caterpillar-polos-kompletna\/#breadcrumb","itemListElement":[{"@type":"ListItem","position":1,"name":"Strona g\u0142\u00f3wna","item":"https:\/\/zebate24.pl\/"},{"@type":"ListItem","position":2,"name":"Cz\u0119\u015bci","item":"https:\/\/zebate24.pl\/czesci\/"},{"@type":"ListItem","position":3,"name":"485-8326 Caterpillar P\u00f3\u0142o\u015b kompletna"}]},{"@type":"WebSite","@id":"https:\/\/zebate24.pl\/#website","url":"https:\/\/zebate24.pl\/","name":"Z\u0119bate 24","description":"Szeroka oferta cz\u0119\u015bci nap\u0119dowych! Ko\u0142a z\u0119bate, przek\u0142adnie k\u0105towe z\u0119bate, most carraro, dana, kessler, spicer, zf, ko\u0142a talerzowe, mosty nap\u0119dowe","potentialAction":[{"@type":"SearchAction","target":{"@type":"EntryPoint","urlTemplate":"https:\/\/zebate24.pl\/?s={search_term_string}"},"query-input":{"@type":"PropertyValueSpecification","valueRequired":true,"valueName":"search_term_string"}}],"inLanguage":"pl-PL"}]}},"gutenberg_blocks":[{"blockName":"custom-styles","attrs":{"styles":""}}],"meta_data":{"short_description":""},"acf":[],"_links":{"self":[{"href":"https:\/\/zebate24.pl\/index.php\/wp-json\/wp\/v2\/product\/38755","targetHints":{"allow":["GET"]}}],"collection":[{"href":"https:\/\/zebate24.pl\/index.php\/wp-json\/wp\/v2\/product"}],"about":[{"href":"https:\/\/zebate24.pl\/index.php\/wp-json\/wp\/v2\/types\/product"}],"replies":[{"embeddable":true,"href":"https:\/\/zebate24.pl\/index.php\/wp-json\/wp\/v2\/comments?post=38755"}],"wp:featuredmedia":[{"embeddable":true,"href":"https:\/\/zebate24.pl\/index.php\/wp-json\/wp\/v2\/media\/38751"}],"wp:attachment":[{"href":"https:\/\/zebate24.pl\/index.php\/wp-json\/wp\/v2\/media?parent=38755"}],"wp:term":[{"taxonomy":"ze_product_categories","embeddable":true,"href":"https:\/\/zebate24.pl\/index.php\/wp-json\/wp\/v2\/ze_product_categories?post=38755"},{"taxonomy":"product_cat","embeddable":true,"href":"https:\/\/zebate24.pl\/index.php\/wp-json\/wp\/v2\/product_cat?post=38755"},{"taxonomy":"product_tag","embeddable":true,"href":"https:\/\/zebate24.pl\/index.php\/wp-json\/wp\/v2\/product_tag?post=38755"}],"curies":[{"name":"wp","href":"https:\/\/api.w.org\/{rel}","templated":true}]}}