{"id":34762,"date":"2025-05-09T07:01:00","date_gmt":"2025-05-09T07:01:00","guid":{"rendered":"https:\/\/zebate24.pl\/?post_type=product&#038;p=34762"},"modified":"2025-05-09T07:01:02","modified_gmt":"2025-05-09T07:01:02","slug":"12285991-liebherr-dyferencjal-kompletny","status":"publish","type":"product","link":"https:\/\/zebate24.pl\/produkt\/12285991-liebherr-dyferencjal-kompletny\/","title":{"rendered":"12285991 Liebherr Dyferencja\u0142 kompletny"},"content":{"rendered":"<p>Nowy, dyferencja\u0142 kompletny Liebherr.<\/p>\n<p>Nr-y por\u00f3wnawcze: 12285991<\/p>\n","protected":false},"excerpt":{"rendered":"<p>Nowy, dyferencja\u0142 kompletny Liebherr.<\/p>\n<p>Nr-y por\u00f3wnawcze: 12285991<\/p>\n","protected":false},"featured_media":34754,"comment_status":"open","ping_status":"closed","template":"","meta":{"_acf_changed":false,"inline_featured_image":false},"ze_product_categories":[12386],"product_cat":[5035,50,5077,5080,5074],"product_tag":[12493,890,476],"class_list":{"0":"post-34762","1":"product","2":"type-product","3":"status-publish","4":"has-post-thumbnail","6":"ze_product_categories-dyferencjaly","7":"product_cat-czesci-agco","8":"product_cat-czesci-liebherr","9":"product_cat-uncategorized-de","10":"product_cat-uncategorized-fr","11":"product_cat-uncategorized-en","12":"product_tag-12493","13":"product_tag-dyferencjal-kompletny","14":"product_tag-liebherr","16":"first","17":"instock","18":"shipping-taxable","19":"purchasable","20":"product-type-simple"},"yoast_head":"<!-- This site is optimized with the Yoast SEO plugin v24.2 - https:\/\/yoast.com\/wordpress\/plugins\/seo\/ -->\n<title>12285991 Liebherr Dyferencja\u0142 kompletny - Z\u0119bate 24<\/title>\n<meta name=\"robots\" content=\"index, follow, max-snippet:-1, max-image-preview:large, max-video-preview:-1\" \/>\n<link rel=\"canonical\" href=\"https:\/\/zebate24.pl\/produkt\/12285991-liebherr-dyferencjal-kompletny\/\" \/>\n<meta property=\"og:locale\" content=\"pl_PL\" \/>\n<meta property=\"og:type\" content=\"article\" \/>\n<meta property=\"og:title\" content=\"12285991 Liebherr Dyferencja\u0142 kompletny - Z\u0119bate 24\" \/>\n<meta property=\"og:description\" content=\"Nowy, dyferencja\u0142 kompletny Liebherr.  Nr-y por\u00f3wnawcze: 12285991\" \/>\n<meta property=\"og:url\" content=\"https:\/\/zebate24.pl\/produkt\/12285991-liebherr-dyferencjal-kompletny\/\" \/>\n<meta property=\"og:site_name\" content=\"Z\u0119bate 24\" \/>\n<meta property=\"article:modified_time\" content=\"2025-05-09T07:01:02+00:00\" \/>\n<meta property=\"og:image\" content=\"https:\/\/zebate24.pl\/wp-content\/uploads\/2025\/05\/dyfer.jpg\" \/>\n\t<meta property=\"og:image:width\" content=\"300\" \/>\n\t<meta property=\"og:image:height\" content=\"300\" \/>\n\t<meta property=\"og:image:type\" content=\"image\/jpeg\" \/>\n<meta name=\"twitter:card\" content=\"summary_large_image\" \/>\n<meta name=\"twitter:label1\" content=\"Szacowany czas czytania\" \/>\n\t<meta name=\"twitter:data1\" content=\"1 minuta\" \/>\n<script type=\"application\/ld+json\" class=\"yoast-schema-graph\">{\"@context\":\"https:\/\/schema.org\",\"@graph\":[{\"@type\":\"WebPage\",\"@id\":\"https:\/\/zebate24.pl\/produkt\/12285991-liebherr-dyferencjal-kompletny\/\",\"url\":\"https:\/\/zebate24.pl\/produkt\/12285991-liebherr-dyferencjal-kompletny\/\",\"name\":\"12285991 Liebherr Dyferencja\u0142 kompletny - Z\u0119bate 24\",\"isPartOf\":{\"@id\":\"https:\/\/zebate24.pl\/#website\"},\"primaryImageOfPage\":{\"@id\":\"https:\/\/zebate24.pl\/produkt\/12285991-liebherr-dyferencjal-kompletny\/#primaryimage\"},\"image\":{\"@id\":\"https:\/\/zebate24.pl\/produkt\/12285991-liebherr-dyferencjal-kompletny\/#primaryimage\"},\"thumbnailUrl\":\"https:\/\/zebate24.pl\/wp-content\/uploads\/2025\/05\/dyfer.jpg\",\"datePublished\":\"2025-05-09T07:01:00+00:00\",\"dateModified\":\"2025-05-09T07:01:02+00:00\",\"breadcrumb\":{\"@id\":\"https:\/\/zebate24.pl\/produkt\/12285991-liebherr-dyferencjal-kompletny\/#breadcrumb\"},\"inLanguage\":\"pl-PL\",\"potentialAction\":[{\"@type\":\"ReadAction\",\"target\":[\"https:\/\/zebate24.pl\/produkt\/12285991-liebherr-dyferencjal-kompletny\/\"]}]},{\"@type\":\"ImageObject\",\"inLanguage\":\"pl-PL\",\"@id\":\"https:\/\/zebate24.pl\/produkt\/12285991-liebherr-dyferencjal-kompletny\/#primaryimage\",\"url\":\"https:\/\/zebate24.pl\/wp-content\/uploads\/2025\/05\/dyfer.jpg\",\"contentUrl\":\"https:\/\/zebate24.pl\/wp-content\/uploads\/2025\/05\/dyfer.jpg\",\"width\":300,\"height\":300},{\"@type\":\"BreadcrumbList\",\"@id\":\"https:\/\/zebate24.pl\/produkt\/12285991-liebherr-dyferencjal-kompletny\/#breadcrumb\",\"itemListElement\":[{\"@type\":\"ListItem\",\"position\":1,\"name\":\"Strona g\u0142\u00f3wna\",\"item\":\"https:\/\/zebate24.pl\/\"},{\"@type\":\"ListItem\",\"position\":2,\"name\":\"Cz\u0119\u015bci\",\"item\":\"https:\/\/zebate24.pl\/czesci\/\"},{\"@type\":\"ListItem\",\"position\":3,\"name\":\"12285991 Liebherr Dyferencja\u0142 kompletny\"}]},{\"@type\":\"WebSite\",\"@id\":\"https:\/\/zebate24.pl\/#website\",\"url\":\"https:\/\/zebate24.pl\/\",\"name\":\"Z\u0119bate 24\",\"description\":\"Szeroka oferta cz\u0119\u015bci nap\u0119dowych! Ko\u0142a z\u0119bate, przek\u0142adnie k\u0105towe z\u0119bate, most carraro, dana, kessler, spicer, zf, ko\u0142a talerzowe, mosty nap\u0119dowe\",\"potentialAction\":[{\"@type\":\"SearchAction\",\"target\":{\"@type\":\"EntryPoint\",\"urlTemplate\":\"https:\/\/zebate24.pl\/?s={search_term_string}\"},\"query-input\":{\"@type\":\"PropertyValueSpecification\",\"valueRequired\":true,\"valueName\":\"search_term_string\"}}],\"inLanguage\":\"pl-PL\"}]}<\/script>\n<!-- \/ Yoast SEO plugin. -->","yoast_head_json":{"title":"12285991 Liebherr Dyferencja\u0142 kompletny - Z\u0119bate 24","robots":{"index":"index","follow":"follow","max-snippet":"max-snippet:-1","max-image-preview":"max-image-preview:large","max-video-preview":"max-video-preview:-1"},"canonical":"https:\/\/zebate24.pl\/produkt\/12285991-liebherr-dyferencjal-kompletny\/","og_locale":"pl_PL","og_type":"article","og_title":"12285991 Liebherr Dyferencja\u0142 kompletny - Z\u0119bate 24","og_description":"Nowy, dyferencja\u0142 kompletny Liebherr.  Nr-y por\u00f3wnawcze: 12285991","og_url":"https:\/\/zebate24.pl\/produkt\/12285991-liebherr-dyferencjal-kompletny\/","og_site_name":"Z\u0119bate 24","article_modified_time":"2025-05-09T07:01:02+00:00","og_image":[{"width":300,"height":300,"url":"https:\/\/zebate24.pl\/wp-content\/uploads\/2025\/05\/dyfer.jpg","type":"image\/jpeg"}],"twitter_card":"summary_large_image","twitter_misc":{"Szacowany czas czytania":"1 minuta"},"schema":{"@context":"https:\/\/schema.org","@graph":[{"@type":"WebPage","@id":"https:\/\/zebate24.pl\/produkt\/12285991-liebherr-dyferencjal-kompletny\/","url":"https:\/\/zebate24.pl\/produkt\/12285991-liebherr-dyferencjal-kompletny\/","name":"12285991 Liebherr Dyferencja\u0142 kompletny - Z\u0119bate 24","isPartOf":{"@id":"https:\/\/zebate24.pl\/#website"},"primaryImageOfPage":{"@id":"https:\/\/zebate24.pl\/produkt\/12285991-liebherr-dyferencjal-kompletny\/#primaryimage"},"image":{"@id":"https:\/\/zebate24.pl\/produkt\/12285991-liebherr-dyferencjal-kompletny\/#primaryimage"},"thumbnailUrl":"https:\/\/zebate24.pl\/wp-content\/uploads\/2025\/05\/dyfer.jpg","datePublished":"2025-05-09T07:01:00+00:00","dateModified":"2025-05-09T07:01:02+00:00","breadcrumb":{"@id":"https:\/\/zebate24.pl\/produkt\/12285991-liebherr-dyferencjal-kompletny\/#breadcrumb"},"inLanguage":"pl-PL","potentialAction":[{"@type":"ReadAction","target":["https:\/\/zebate24.pl\/produkt\/12285991-liebherr-dyferencjal-kompletny\/"]}]},{"@type":"ImageObject","inLanguage":"pl-PL","@id":"https:\/\/zebate24.pl\/produkt\/12285991-liebherr-dyferencjal-kompletny\/#primaryimage","url":"https:\/\/zebate24.pl\/wp-content\/uploads\/2025\/05\/dyfer.jpg","contentUrl":"https:\/\/zebate24.pl\/wp-content\/uploads\/2025\/05\/dyfer.jpg","width":300,"height":300},{"@type":"BreadcrumbList","@id":"https:\/\/zebate24.pl\/produkt\/12285991-liebherr-dyferencjal-kompletny\/#breadcrumb","itemListElement":[{"@type":"ListItem","position":1,"name":"Strona g\u0142\u00f3wna","item":"https:\/\/zebate24.pl\/"},{"@type":"ListItem","position":2,"name":"Cz\u0119\u015bci","item":"https:\/\/zebate24.pl\/czesci\/"},{"@type":"ListItem","position":3,"name":"12285991 Liebherr Dyferencja\u0142 kompletny"}]},{"@type":"WebSite","@id":"https:\/\/zebate24.pl\/#website","url":"https:\/\/zebate24.pl\/","name":"Z\u0119bate 24","description":"Szeroka oferta cz\u0119\u015bci nap\u0119dowych! Ko\u0142a z\u0119bate, przek\u0142adnie k\u0105towe z\u0119bate, most carraro, dana, kessler, spicer, zf, ko\u0142a talerzowe, mosty nap\u0119dowe","potentialAction":[{"@type":"SearchAction","target":{"@type":"EntryPoint","urlTemplate":"https:\/\/zebate24.pl\/?s={search_term_string}"},"query-input":{"@type":"PropertyValueSpecification","valueRequired":true,"valueName":"search_term_string"}}],"inLanguage":"pl-PL"}]}},"gutenberg_blocks":[{"blockName":"custom-styles","attrs":{"styles":""}}],"meta_data":{"short_description":""},"acf":[],"_links":{"self":[{"href":"https:\/\/zebate24.pl\/index.php\/wp-json\/wp\/v2\/product\/34762","targetHints":{"allow":["GET"]}}],"collection":[{"href":"https:\/\/zebate24.pl\/index.php\/wp-json\/wp\/v2\/product"}],"about":[{"href":"https:\/\/zebate24.pl\/index.php\/wp-json\/wp\/v2\/types\/product"}],"replies":[{"embeddable":true,"href":"https:\/\/zebate24.pl\/index.php\/wp-json\/wp\/v2\/comments?post=34762"}],"wp:featuredmedia":[{"embeddable":true,"href":"https:\/\/zebate24.pl\/index.php\/wp-json\/wp\/v2\/media\/34754"}],"wp:attachment":[{"href":"https:\/\/zebate24.pl\/index.php\/wp-json\/wp\/v2\/media?parent=34762"}],"wp:term":[{"taxonomy":"ze_product_categories","embeddable":true,"href":"https:\/\/zebate24.pl\/index.php\/wp-json\/wp\/v2\/ze_product_categories?post=34762"},{"taxonomy":"product_cat","embeddable":true,"href":"https:\/\/zebate24.pl\/index.php\/wp-json\/wp\/v2\/product_cat?post=34762"},{"taxonomy":"product_tag","embeddable":true,"href":"https:\/\/zebate24.pl\/index.php\/wp-json\/wp\/v2\/product_tag?post=34762"}],"curies":[{"name":"wp","href":"https:\/\/api.w.org\/{rel}","templated":true}]}}