{"id":325,"date":"2018-07-18T21:19:42","date_gmt":"2018-07-18T21:19:42","guid":{"rendered":"http:\/\/zebate24.pl\/czesci\/bez-kategorii\/import-placeholder-for-327\/"},"modified":"2025-12-02T11:14:44","modified_gmt":"2025-12-02T11:14:44","slug":"40057-carraro-3-point-hitch-rods-parts","status":"publish","type":"product","link":"https:\/\/zebate24.pl\/produkt\/40057-carraro-3-point-hitch-rods-parts\/","title":{"rendered":"40057 Trzypunktowy uk\u0142ad zawieszenia Carraro, cz\u0119\u015bci dr\u0105\u017ck\u00f3w"},"content":{"rendered":"<p>Cz\u0119\u015bci dr\u0105\u017ck\u00f3w w uk\u0142adzie trzypunktowym Carraro odpowiadaj\u0105 za po\u0142\u0105czenie ci\u0105gnika z osprz\u0119tem rolniczym. Elementy te utrzymuj\u0105 stabilne zaczepienie, umo\u017cliwiaj\u0105 regulacj\u0119 po\u0142o\u017cenia narz\u0119dzia oraz przenosz\u0105 si\u0142y dzia\u0142aj\u0105ce podczas pracy w polu.<\/p>\n","protected":false},"excerpt":{"rendered":"<p>Kod producenta: 40057040057<br \/>\nCena: 41 EUR<br \/>\nProducent: Carraro<\/p>\n","protected":false},"featured_media":292,"comment_status":"closed","ping_status":"closed","template":"","meta":{"_acf_changed":false,"inline_featured_image":false},"ze_product_categories":[],"product_brand":[],"product_cat":[23],"product_tag":[],"class_list":{"0":"post-325","1":"product","2":"type-product","3":"status-publish","4":"has-post-thumbnail","6":"product_cat-czesci-carraro","8":"first","9":"instock","10":"shipping-taxable","11":"purchasable","12":"product-type-simple"},"yoast_head":"<!-- This site is optimized with the Yoast SEO plugin v27.6 - https:\/\/yoast.com\/product\/yoast-seo-wordpress\/ -->\n<title>40057 Trzypunktowy uk\u0142ad zawieszenia Carraro, cz\u0119\u015bci dr\u0105\u017ck\u00f3w - Z\u0119bate 24<\/title>\n<meta name=\"robots\" content=\"index, follow, max-snippet:-1, max-image-preview:large, max-video-preview:-1\" \/>\n<link rel=\"canonical\" href=\"https:\/\/zebate24.pl\/produkt\/40057-carraro-3-point-hitch-rods-parts\/\" \/>\n<meta property=\"og:locale\" content=\"pl_PL\" \/>\n<meta property=\"og:type\" content=\"article\" \/>\n<meta property=\"og:title\" content=\"40057 Trzypunktowy uk\u0142ad zawieszenia Carraro, cz\u0119\u015bci dr\u0105\u017ck\u00f3w - Z\u0119bate 24\" \/>\n<meta property=\"og:description\" content=\"Kod producenta: 40057040057 Cena: 41 EUR Producent: Carraro\" \/>\n<meta property=\"og:url\" content=\"https:\/\/zebate24.pl\/produkt\/40057-carraro-3-point-hitch-rods-parts\/\" \/>\n<meta property=\"og:site_name\" content=\"Z\u0119bate 24\" \/>\n<meta property=\"article:modified_time\" content=\"2025-12-02T11:14:44+00:00\" \/>\n<meta property=\"og:image\" content=\"https:\/\/zebate24.pl\/wp-content\/uploads\/2018\/07\/1529588407-min.jpg\" \/>\n\t<meta property=\"og:image:width\" content=\"401\" \/>\n\t<meta property=\"og:image:height\" content=\"319\" \/>\n\t<meta property=\"og:image:type\" content=\"image\/jpeg\" \/>\n<meta name=\"twitter:card\" content=\"summary_large_image\" \/>\n<meta name=\"twitter:label1\" content=\"Szacowany czas czytania\" \/>\n\t<meta name=\"twitter:data1\" content=\"1 minuta\" \/>\n<script type=\"application\/ld+json\" class=\"yoast-schema-graph\">{\"@context\":\"https:\\\/\\\/schema.org\",\"@graph\":[{\"@type\":\"WebPage\",\"@id\":\"https:\\\/\\\/zebate24.pl\\\/produkt\\\/40057-carraro-3-point-hitch-rods-parts\\\/\",\"url\":\"https:\\\/\\\/zebate24.pl\\\/produkt\\\/40057-carraro-3-point-hitch-rods-parts\\\/\",\"name\":\"40057 Trzypunktowy uk\u0142ad zawieszenia Carraro, cz\u0119\u015bci dr\u0105\u017ck\u00f3w - Z\u0119bate 24\",\"isPartOf\":{\"@id\":\"https:\\\/\\\/zebate24.pl\\\/#website\"},\"primaryImageOfPage\":{\"@id\":\"https:\\\/\\\/zebate24.pl\\\/produkt\\\/40057-carraro-3-point-hitch-rods-parts\\\/#primaryimage\"},\"image\":{\"@id\":\"https:\\\/\\\/zebate24.pl\\\/produkt\\\/40057-carraro-3-point-hitch-rods-parts\\\/#primaryimage\"},\"thumbnailUrl\":\"https:\\\/\\\/zebate24.pl\\\/wp-content\\\/uploads\\\/2018\\\/07\\\/1529588407-min.jpg\",\"datePublished\":\"2018-07-18T21:19:42+00:00\",\"dateModified\":\"2025-12-02T11:14:44+00:00\",\"breadcrumb\":{\"@id\":\"https:\\\/\\\/zebate24.pl\\\/produkt\\\/40057-carraro-3-point-hitch-rods-parts\\\/#breadcrumb\"},\"inLanguage\":\"pl-PL\",\"potentialAction\":[{\"@type\":\"ReadAction\",\"target\":[\"https:\\\/\\\/zebate24.pl\\\/produkt\\\/40057-carraro-3-point-hitch-rods-parts\\\/\"]}]},{\"@type\":\"ImageObject\",\"inLanguage\":\"pl-PL\",\"@id\":\"https:\\\/\\\/zebate24.pl\\\/produkt\\\/40057-carraro-3-point-hitch-rods-parts\\\/#primaryimage\",\"url\":\"https:\\\/\\\/zebate24.pl\\\/wp-content\\\/uploads\\\/2018\\\/07\\\/1529588407-min.jpg\",\"contentUrl\":\"https:\\\/\\\/zebate24.pl\\\/wp-content\\\/uploads\\\/2018\\\/07\\\/1529588407-min.jpg\",\"width\":401,\"height\":319},{\"@type\":\"BreadcrumbList\",\"@id\":\"https:\\\/\\\/zebate24.pl\\\/produkt\\\/40057-carraro-3-point-hitch-rods-parts\\\/#breadcrumb\",\"itemListElement\":[{\"@type\":\"ListItem\",\"position\":1,\"name\":\"Strona g\u0142\u00f3wna\",\"item\":\"https:\\\/\\\/zebate24.pl\\\/\"},{\"@type\":\"ListItem\",\"position\":2,\"name\":\"Cz\u0119\u015bci\",\"item\":\"https:\\\/\\\/zebate24.pl\\\/czesci\\\/\"},{\"@type\":\"ListItem\",\"position\":3,\"name\":\"40057 Trzypunktowy uk\u0142ad zawieszenia Carraro, cz\u0119\u015bci dr\u0105\u017ck\u00f3w\"}]},{\"@type\":\"WebSite\",\"@id\":\"https:\\\/\\\/zebate24.pl\\\/#website\",\"url\":\"https:\\\/\\\/zebate24.pl\\\/\",\"name\":\"Z\u0119bate 24\",\"description\":\"Szeroka oferta cz\u0119\u015bci nap\u0119dowych! Ko\u0142a z\u0119bate, przek\u0142adnie k\u0105towe z\u0119bate, most carraro, dana, kessler, spicer, zf, ko\u0142a talerzowe, mosty nap\u0119dowe\",\"potentialAction\":[{\"@type\":\"SearchAction\",\"target\":{\"@type\":\"EntryPoint\",\"urlTemplate\":\"https:\\\/\\\/zebate24.pl\\\/?s={search_term_string}\"},\"query-input\":{\"@type\":\"PropertyValueSpecification\",\"valueRequired\":true,\"valueName\":\"search_term_string\"}}],\"inLanguage\":\"pl-PL\"}]}<\/script>\n<!-- \/ Yoast SEO plugin. -->","yoast_head_json":{"title":"40057 Trzypunktowy uk\u0142ad zawieszenia Carraro, cz\u0119\u015bci dr\u0105\u017ck\u00f3w - Z\u0119bate 24","robots":{"index":"index","follow":"follow","max-snippet":"max-snippet:-1","max-image-preview":"max-image-preview:large","max-video-preview":"max-video-preview:-1"},"canonical":"https:\/\/zebate24.pl\/produkt\/40057-carraro-3-point-hitch-rods-parts\/","og_locale":"pl_PL","og_type":"article","og_title":"40057 Trzypunktowy uk\u0142ad zawieszenia Carraro, cz\u0119\u015bci dr\u0105\u017ck\u00f3w - Z\u0119bate 24","og_description":"Kod producenta: 40057040057 Cena: 41 EUR Producent: Carraro","og_url":"https:\/\/zebate24.pl\/produkt\/40057-carraro-3-point-hitch-rods-parts\/","og_site_name":"Z\u0119bate 24","article_modified_time":"2025-12-02T11:14:44+00:00","og_image":[{"width":401,"height":319,"url":"https:\/\/zebate24.pl\/wp-content\/uploads\/2018\/07\/1529588407-min.jpg","type":"image\/jpeg"}],"twitter_card":"summary_large_image","twitter_misc":{"Szacowany czas czytania":"1 minuta"},"schema":{"@context":"https:\/\/schema.org","@graph":[{"@type":"WebPage","@id":"https:\/\/zebate24.pl\/produkt\/40057-carraro-3-point-hitch-rods-parts\/","url":"https:\/\/zebate24.pl\/produkt\/40057-carraro-3-point-hitch-rods-parts\/","name":"40057 Trzypunktowy uk\u0142ad zawieszenia Carraro, cz\u0119\u015bci dr\u0105\u017ck\u00f3w - Z\u0119bate 24","isPartOf":{"@id":"https:\/\/zebate24.pl\/#website"},"primaryImageOfPage":{"@id":"https:\/\/zebate24.pl\/produkt\/40057-carraro-3-point-hitch-rods-parts\/#primaryimage"},"image":{"@id":"https:\/\/zebate24.pl\/produkt\/40057-carraro-3-point-hitch-rods-parts\/#primaryimage"},"thumbnailUrl":"https:\/\/zebate24.pl\/wp-content\/uploads\/2018\/07\/1529588407-min.jpg","datePublished":"2018-07-18T21:19:42+00:00","dateModified":"2025-12-02T11:14:44+00:00","breadcrumb":{"@id":"https:\/\/zebate24.pl\/produkt\/40057-carraro-3-point-hitch-rods-parts\/#breadcrumb"},"inLanguage":"pl-PL","potentialAction":[{"@type":"ReadAction","target":["https:\/\/zebate24.pl\/produkt\/40057-carraro-3-point-hitch-rods-parts\/"]}]},{"@type":"ImageObject","inLanguage":"pl-PL","@id":"https:\/\/zebate24.pl\/produkt\/40057-carraro-3-point-hitch-rods-parts\/#primaryimage","url":"https:\/\/zebate24.pl\/wp-content\/uploads\/2018\/07\/1529588407-min.jpg","contentUrl":"https:\/\/zebate24.pl\/wp-content\/uploads\/2018\/07\/1529588407-min.jpg","width":401,"height":319},{"@type":"BreadcrumbList","@id":"https:\/\/zebate24.pl\/produkt\/40057-carraro-3-point-hitch-rods-parts\/#breadcrumb","itemListElement":[{"@type":"ListItem","position":1,"name":"Strona g\u0142\u00f3wna","item":"https:\/\/zebate24.pl\/"},{"@type":"ListItem","position":2,"name":"Cz\u0119\u015bci","item":"https:\/\/zebate24.pl\/czesci\/"},{"@type":"ListItem","position":3,"name":"40057 Trzypunktowy uk\u0142ad zawieszenia Carraro, cz\u0119\u015bci dr\u0105\u017ck\u00f3w"}]},{"@type":"WebSite","@id":"https:\/\/zebate24.pl\/#website","url":"https:\/\/zebate24.pl\/","name":"Z\u0119bate 24","description":"Szeroka oferta cz\u0119\u015bci nap\u0119dowych! Ko\u0142a z\u0119bate, przek\u0142adnie k\u0105towe z\u0119bate, most carraro, dana, kessler, spicer, zf, ko\u0142a talerzowe, mosty nap\u0119dowe","potentialAction":[{"@type":"SearchAction","target":{"@type":"EntryPoint","urlTemplate":"https:\/\/zebate24.pl\/?s={search_term_string}"},"query-input":{"@type":"PropertyValueSpecification","valueRequired":true,"valueName":"search_term_string"}}],"inLanguage":"pl-PL"}]}},"acf":[],"gutenberg_blocks":[{"blockName":"custom-styles","attrs":{"styles":""}}],"meta_data":{"short_description":""},"_links":{"self":[{"href":"https:\/\/zebate24.pl\/index.php\/wp-json\/wp\/v2\/product\/325","targetHints":{"allow":["GET"]}}],"collection":[{"href":"https:\/\/zebate24.pl\/index.php\/wp-json\/wp\/v2\/product"}],"about":[{"href":"https:\/\/zebate24.pl\/index.php\/wp-json\/wp\/v2\/types\/product"}],"replies":[{"embeddable":true,"href":"https:\/\/zebate24.pl\/index.php\/wp-json\/wp\/v2\/comments?post=325"}],"wp:featuredmedia":[{"embeddable":true,"href":"https:\/\/zebate24.pl\/index.php\/wp-json\/wp\/v2\/media\/292"}],"wp:attachment":[{"href":"https:\/\/zebate24.pl\/index.php\/wp-json\/wp\/v2\/media?parent=325"}],"wp:term":[{"taxonomy":"ze_product_categories","embeddable":true,"href":"https:\/\/zebate24.pl\/index.php\/wp-json\/wp\/v2\/ze_product_categories?post=325"},{"taxonomy":"product_brand","embeddable":true,"href":"https:\/\/zebate24.pl\/index.php\/wp-json\/wp\/v2\/product_brand?post=325"},{"taxonomy":"product_cat","embeddable":true,"href":"https:\/\/zebate24.pl\/index.php\/wp-json\/wp\/v2\/product_cat?post=325"},{"taxonomy":"product_tag","embeddable":true,"href":"https:\/\/zebate24.pl\/index.php\/wp-json\/wp\/v2\/product_tag?post=325"}],"curies":[{"name":"wp","href":"https:\/\/api.w.org\/{rel}","templated":true}]}}