{"id":32271,"date":"2023-02-09T08:39:40","date_gmt":"2023-02-09T08:39:40","guid":{"rendered":"https:\/\/zebate24.pl\/?post_type=product&#038;p=32271"},"modified":"2023-02-09T08:39:42","modified_gmt":"2023-02-09T08:39:42","slug":"0501323111-zf-tarcza","status":"publish","type":"product","link":"https:\/\/zebate24.pl\/produkt\/0501323111-zf-tarcza\/","title":{"rendered":"0501323111 ZF Tarcza"},"content":{"rendered":"<p>Nowa, oryginalna Tarcza ZF.<\/p>\n<p>Nr-y por\u00f3wnawcze: 0501323111<\/p>\n","protected":false},"excerpt":{"rendered":"<p>Kod producenta: 0501323111<\/p>\n","protected":false},"featured_media":32272,"comment_status":"closed","ping_status":"closed","template":"","meta":{"_acf_changed":false,"inline_featured_image":false},"ze_product_categories":[12405],"product_cat":[52],"product_tag":[11269,11240,11270,281,299],"class_list":{"0":"post-32271","1":"product","2":"type-product","3":"status-publish","4":"has-post-thumbnail","6":"ze_product_categories-tarcze-i-przekladki","7":"product_cat-czesci-zf","8":"product_tag-11269","9":"product_tag-disc","10":"product_tag-inner-clutch-disc","11":"product_tag-tarcza","12":"product_tag-zf","14":"first","15":"instock","16":"shipping-taxable","17":"purchasable","18":"product-type-simple"},"yoast_head":"<!-- This site is optimized with the Yoast SEO plugin v24.2 - https:\/\/yoast.com\/wordpress\/plugins\/seo\/ -->\n<title>0501323111 ZF Tarcza - Z\u0119bate 24<\/title>\n<meta name=\"description\" content=\"Nowa, oryginalna Tarcza ZF 0501323111.\" \/>\n<meta name=\"robots\" content=\"index, follow, max-snippet:-1, max-image-preview:large, max-video-preview:-1\" \/>\n<link rel=\"canonical\" href=\"https:\/\/zebate24.pl\/produkt\/0501323111-zf-tarcza\/\" \/>\n<meta property=\"og:locale\" content=\"pl_PL\" \/>\n<meta property=\"og:type\" content=\"article\" \/>\n<meta property=\"og:title\" content=\"0501323111 ZF Tarcza - Z\u0119bate 24\" \/>\n<meta property=\"og:description\" content=\"Nowa, oryginalna Tarcza ZF 0501323111.\" \/>\n<meta property=\"og:url\" content=\"https:\/\/zebate24.pl\/produkt\/0501323111-zf-tarcza\/\" \/>\n<meta property=\"og:site_name\" content=\"Z\u0119bate 24\" \/>\n<meta property=\"article:modified_time\" content=\"2023-02-09T08:39:42+00:00\" \/>\n<meta property=\"og:image\" content=\"https:\/\/zebate24.pl\/wp-content\/uploads\/2023\/02\/tarcza2-e1675931969272.png\" \/>\n\t<meta property=\"og:image:width\" content=\"300\" \/>\n\t<meta property=\"og:image:height\" content=\"300\" \/>\n\t<meta property=\"og:image:type\" content=\"image\/png\" \/>\n<meta name=\"twitter:card\" content=\"summary_large_image\" \/>\n<meta name=\"twitter:label1\" content=\"Szacowany czas czytania\" \/>\n\t<meta name=\"twitter:data1\" content=\"1 minuta\" \/>\n<script type=\"application\/ld+json\" class=\"yoast-schema-graph\">{\"@context\":\"https:\/\/schema.org\",\"@graph\":[{\"@type\":\"WebPage\",\"@id\":\"https:\/\/zebate24.pl\/produkt\/0501323111-zf-tarcza\/\",\"url\":\"https:\/\/zebate24.pl\/produkt\/0501323111-zf-tarcza\/\",\"name\":\"0501323111 ZF Tarcza - Z\u0119bate 24\",\"isPartOf\":{\"@id\":\"https:\/\/zebate24.pl\/#website\"},\"primaryImageOfPage\":{\"@id\":\"https:\/\/zebate24.pl\/produkt\/0501323111-zf-tarcza\/#primaryimage\"},\"image\":{\"@id\":\"https:\/\/zebate24.pl\/produkt\/0501323111-zf-tarcza\/#primaryimage\"},\"thumbnailUrl\":\"https:\/\/zebate24.pl\/wp-content\/uploads\/2023\/02\/tarcza2-e1675931969272.png\",\"datePublished\":\"2023-02-09T08:39:40+00:00\",\"dateModified\":\"2023-02-09T08:39:42+00:00\",\"description\":\"Nowa, oryginalna Tarcza ZF 0501323111.\",\"breadcrumb\":{\"@id\":\"https:\/\/zebate24.pl\/produkt\/0501323111-zf-tarcza\/#breadcrumb\"},\"inLanguage\":\"pl-PL\",\"potentialAction\":[{\"@type\":\"ReadAction\",\"target\":[\"https:\/\/zebate24.pl\/produkt\/0501323111-zf-tarcza\/\"]}]},{\"@type\":\"ImageObject\",\"inLanguage\":\"pl-PL\",\"@id\":\"https:\/\/zebate24.pl\/produkt\/0501323111-zf-tarcza\/#primaryimage\",\"url\":\"https:\/\/zebate24.pl\/wp-content\/uploads\/2023\/02\/tarcza2-e1675931969272.png\",\"contentUrl\":\"https:\/\/zebate24.pl\/wp-content\/uploads\/2023\/02\/tarcza2-e1675931969272.png\",\"width\":300,\"height\":300},{\"@type\":\"BreadcrumbList\",\"@id\":\"https:\/\/zebate24.pl\/produkt\/0501323111-zf-tarcza\/#breadcrumb\",\"itemListElement\":[{\"@type\":\"ListItem\",\"position\":1,\"name\":\"Strona g\u0142\u00f3wna\",\"item\":\"https:\/\/zebate24.pl\/\"},{\"@type\":\"ListItem\",\"position\":2,\"name\":\"Cz\u0119\u015bci\",\"item\":\"https:\/\/zebate24.pl\/czesci\/\"},{\"@type\":\"ListItem\",\"position\":3,\"name\":\"0501323111 ZF Tarcza\"}]},{\"@type\":\"WebSite\",\"@id\":\"https:\/\/zebate24.pl\/#website\",\"url\":\"https:\/\/zebate24.pl\/\",\"name\":\"Z\u0119bate 24\",\"description\":\"Szeroka oferta cz\u0119\u015bci nap\u0119dowych! Ko\u0142a z\u0119bate, przek\u0142adnie k\u0105towe z\u0119bate, most carraro, dana, kessler, spicer, zf, ko\u0142a talerzowe, mosty nap\u0119dowe\",\"potentialAction\":[{\"@type\":\"SearchAction\",\"target\":{\"@type\":\"EntryPoint\",\"urlTemplate\":\"https:\/\/zebate24.pl\/?s={search_term_string}\"},\"query-input\":{\"@type\":\"PropertyValueSpecification\",\"valueRequired\":true,\"valueName\":\"search_term_string\"}}],\"inLanguage\":\"pl-PL\"}]}<\/script>\n<!-- \/ Yoast SEO plugin. -->","yoast_head_json":{"title":"0501323111 ZF Tarcza - Z\u0119bate 24","description":"Nowa, oryginalna Tarcza ZF 0501323111.","robots":{"index":"index","follow":"follow","max-snippet":"max-snippet:-1","max-image-preview":"max-image-preview:large","max-video-preview":"max-video-preview:-1"},"canonical":"https:\/\/zebate24.pl\/produkt\/0501323111-zf-tarcza\/","og_locale":"pl_PL","og_type":"article","og_title":"0501323111 ZF Tarcza - Z\u0119bate 24","og_description":"Nowa, oryginalna Tarcza ZF 0501323111.","og_url":"https:\/\/zebate24.pl\/produkt\/0501323111-zf-tarcza\/","og_site_name":"Z\u0119bate 24","article_modified_time":"2023-02-09T08:39:42+00:00","og_image":[{"width":300,"height":300,"url":"https:\/\/zebate24.pl\/wp-content\/uploads\/2023\/02\/tarcza2-e1675931969272.png","type":"image\/png"}],"twitter_card":"summary_large_image","twitter_misc":{"Szacowany czas czytania":"1 minuta"},"schema":{"@context":"https:\/\/schema.org","@graph":[{"@type":"WebPage","@id":"https:\/\/zebate24.pl\/produkt\/0501323111-zf-tarcza\/","url":"https:\/\/zebate24.pl\/produkt\/0501323111-zf-tarcza\/","name":"0501323111 ZF Tarcza - Z\u0119bate 24","isPartOf":{"@id":"https:\/\/zebate24.pl\/#website"},"primaryImageOfPage":{"@id":"https:\/\/zebate24.pl\/produkt\/0501323111-zf-tarcza\/#primaryimage"},"image":{"@id":"https:\/\/zebate24.pl\/produkt\/0501323111-zf-tarcza\/#primaryimage"},"thumbnailUrl":"https:\/\/zebate24.pl\/wp-content\/uploads\/2023\/02\/tarcza2-e1675931969272.png","datePublished":"2023-02-09T08:39:40+00:00","dateModified":"2023-02-09T08:39:42+00:00","description":"Nowa, oryginalna Tarcza ZF 0501323111.","breadcrumb":{"@id":"https:\/\/zebate24.pl\/produkt\/0501323111-zf-tarcza\/#breadcrumb"},"inLanguage":"pl-PL","potentialAction":[{"@type":"ReadAction","target":["https:\/\/zebate24.pl\/produkt\/0501323111-zf-tarcza\/"]}]},{"@type":"ImageObject","inLanguage":"pl-PL","@id":"https:\/\/zebate24.pl\/produkt\/0501323111-zf-tarcza\/#primaryimage","url":"https:\/\/zebate24.pl\/wp-content\/uploads\/2023\/02\/tarcza2-e1675931969272.png","contentUrl":"https:\/\/zebate24.pl\/wp-content\/uploads\/2023\/02\/tarcza2-e1675931969272.png","width":300,"height":300},{"@type":"BreadcrumbList","@id":"https:\/\/zebate24.pl\/produkt\/0501323111-zf-tarcza\/#breadcrumb","itemListElement":[{"@type":"ListItem","position":1,"name":"Strona g\u0142\u00f3wna","item":"https:\/\/zebate24.pl\/"},{"@type":"ListItem","position":2,"name":"Cz\u0119\u015bci","item":"https:\/\/zebate24.pl\/czesci\/"},{"@type":"ListItem","position":3,"name":"0501323111 ZF Tarcza"}]},{"@type":"WebSite","@id":"https:\/\/zebate24.pl\/#website","url":"https:\/\/zebate24.pl\/","name":"Z\u0119bate 24","description":"Szeroka oferta cz\u0119\u015bci nap\u0119dowych! Ko\u0142a z\u0119bate, przek\u0142adnie k\u0105towe z\u0119bate, most carraro, dana, kessler, spicer, zf, ko\u0142a talerzowe, mosty nap\u0119dowe","potentialAction":[{"@type":"SearchAction","target":{"@type":"EntryPoint","urlTemplate":"https:\/\/zebate24.pl\/?s={search_term_string}"},"query-input":{"@type":"PropertyValueSpecification","valueRequired":true,"valueName":"search_term_string"}}],"inLanguage":"pl-PL"}]}},"gutenberg_blocks":[{"blockName":"custom-styles","attrs":{"styles":""}}],"meta_data":false,"acf":[],"_links":{"self":[{"href":"https:\/\/zebate24.pl\/index.php\/wp-json\/wp\/v2\/product\/32271","targetHints":{"allow":["GET"]}}],"collection":[{"href":"https:\/\/zebate24.pl\/index.php\/wp-json\/wp\/v2\/product"}],"about":[{"href":"https:\/\/zebate24.pl\/index.php\/wp-json\/wp\/v2\/types\/product"}],"replies":[{"embeddable":true,"href":"https:\/\/zebate24.pl\/index.php\/wp-json\/wp\/v2\/comments?post=32271"}],"wp:featuredmedia":[{"embeddable":true,"href":"https:\/\/zebate24.pl\/index.php\/wp-json\/wp\/v2\/media\/32272"}],"wp:attachment":[{"href":"https:\/\/zebate24.pl\/index.php\/wp-json\/wp\/v2\/media?parent=32271"}],"wp:term":[{"taxonomy":"ze_product_categories","embeddable":true,"href":"https:\/\/zebate24.pl\/index.php\/wp-json\/wp\/v2\/ze_product_categories?post=32271"},{"taxonomy":"product_cat","embeddable":true,"href":"https:\/\/zebate24.pl\/index.php\/wp-json\/wp\/v2\/product_cat?post=32271"},{"taxonomy":"product_tag","embeddable":true,"href":"https:\/\/zebate24.pl\/index.php\/wp-json\/wp\/v2\/product_tag?post=32271"}],"curies":[{"name":"wp","href":"https:\/\/api.w.org\/{rel}","templated":true}]}}