{"id":30573,"date":"2022-09-22T07:31:17","date_gmt":"2022-09-22T07:31:17","guid":{"rendered":"https:\/\/zebate24.pl\/?post_type=product&#038;p=30573"},"modified":"2022-09-22T07:38:52","modified_gmt":"2022-09-22T07:38:52","slug":"v36247300-valtra-polos-krotka","status":"publish","type":"product","link":"https:\/\/zebate24.pl\/produkt\/v36247300-valtra-polos-krotka\/","title":{"rendered":"V36247300 Valtra P\u00f3\u0142o\u015b kr\u00f3tka"},"content":{"rendered":"<p>Nowa, oryginalna P\u00f3\u0142o\u015b kr\u00f3tka (OEM) Valtra.<\/p>\n<p>Nr-y por\u00f3wnawcze: V36247300<\/p>\n","protected":false},"excerpt":{"rendered":"<p>Kod producenta: V36247300<\/p>\n","protected":false},"featured_media":30572,"comment_status":"closed","ping_status":"closed","template":"","meta":{"_acf_changed":false,"inline_featured_image":false},"ze_product_categories":[12391],"product_cat":[39],"product_tag":[352,1684,5049,288],"class_list":{"0":"post-30573","1":"product","2":"type-product","3":"status-publish","4":"has-post-thumbnail","6":"ze_product_categories-polosie","7":"product_cat-czesci-valtra","8":"product_tag-polos","9":"product_tag-polos-krotka","10":"product_tag-v36247300","11":"product_tag-valtra","13":"first","14":"instock","15":"shipping-taxable","16":"purchasable","17":"product-type-simple"},"yoast_head":"<!-- This site is optimized with the Yoast SEO plugin v24.2 - https:\/\/yoast.com\/wordpress\/plugins\/seo\/ -->\n<title>V36247300 Valtra P\u00f3\u0142o\u015b kr\u00f3tka - Z\u0119bate 24<\/title>\n<meta name=\"description\" content=\"Nowa, oryginalna P\u00f3\u0142o\u015b kr\u00f3tka Valtra V36247300\" \/>\n<meta name=\"robots\" content=\"index, follow, max-snippet:-1, max-image-preview:large, max-video-preview:-1\" \/>\n<link rel=\"canonical\" href=\"https:\/\/zebate24.pl\/produkt\/v36247300-valtra-polos-krotka\/\" \/>\n<meta property=\"og:locale\" content=\"pl_PL\" \/>\n<meta property=\"og:type\" content=\"article\" \/>\n<meta property=\"og:title\" content=\"V36247300 Valtra P\u00f3\u0142o\u015b kr\u00f3tka - Z\u0119bate 24\" \/>\n<meta property=\"og:description\" content=\"Nowa, oryginalna P\u00f3\u0142o\u015b kr\u00f3tka Valtra V36247300\" \/>\n<meta property=\"og:url\" content=\"https:\/\/zebate24.pl\/produkt\/v36247300-valtra-polos-krotka\/\" \/>\n<meta property=\"og:site_name\" content=\"Z\u0119bate 24\" \/>\n<meta property=\"article:modified_time\" content=\"2022-09-22T07:38:52+00:00\" \/>\n<meta property=\"og:image\" content=\"https:\/\/zebate24.pl\/wp-content\/uploads\/2022\/09\/polos2-e1663831784922.png\" \/>\n\t<meta property=\"og:image:width\" content=\"300\" \/>\n\t<meta property=\"og:image:height\" content=\"300\" \/>\n\t<meta property=\"og:image:type\" content=\"image\/png\" \/>\n<meta name=\"twitter:card\" content=\"summary_large_image\" \/>\n<meta name=\"twitter:label1\" content=\"Szacowany czas czytania\" \/>\n\t<meta name=\"twitter:data1\" content=\"1 minuta\" \/>\n<script type=\"application\/ld+json\" class=\"yoast-schema-graph\">{\"@context\":\"https:\/\/schema.org\",\"@graph\":[{\"@type\":\"WebPage\",\"@id\":\"https:\/\/zebate24.pl\/produkt\/v36247300-valtra-polos-krotka\/\",\"url\":\"https:\/\/zebate24.pl\/produkt\/v36247300-valtra-polos-krotka\/\",\"name\":\"V36247300 Valtra P\u00f3\u0142o\u015b kr\u00f3tka - Z\u0119bate 24\",\"isPartOf\":{\"@id\":\"https:\/\/zebate24.pl\/#website\"},\"primaryImageOfPage\":{\"@id\":\"https:\/\/zebate24.pl\/produkt\/v36247300-valtra-polos-krotka\/#primaryimage\"},\"image\":{\"@id\":\"https:\/\/zebate24.pl\/produkt\/v36247300-valtra-polos-krotka\/#primaryimage\"},\"thumbnailUrl\":\"https:\/\/zebate24.pl\/wp-content\/uploads\/2022\/09\/polos2-e1663831784922.png\",\"datePublished\":\"2022-09-22T07:31:17+00:00\",\"dateModified\":\"2022-09-22T07:38:52+00:00\",\"description\":\"Nowa, oryginalna P\u00f3\u0142o\u015b kr\u00f3tka Valtra V36247300\",\"breadcrumb\":{\"@id\":\"https:\/\/zebate24.pl\/produkt\/v36247300-valtra-polos-krotka\/#breadcrumb\"},\"inLanguage\":\"pl-PL\",\"potentialAction\":[{\"@type\":\"ReadAction\",\"target\":[\"https:\/\/zebate24.pl\/produkt\/v36247300-valtra-polos-krotka\/\"]}]},{\"@type\":\"ImageObject\",\"inLanguage\":\"pl-PL\",\"@id\":\"https:\/\/zebate24.pl\/produkt\/v36247300-valtra-polos-krotka\/#primaryimage\",\"url\":\"https:\/\/zebate24.pl\/wp-content\/uploads\/2022\/09\/polos2-e1663831784922.png\",\"contentUrl\":\"https:\/\/zebate24.pl\/wp-content\/uploads\/2022\/09\/polos2-e1663831784922.png\",\"width\":300,\"height\":300},{\"@type\":\"BreadcrumbList\",\"@id\":\"https:\/\/zebate24.pl\/produkt\/v36247300-valtra-polos-krotka\/#breadcrumb\",\"itemListElement\":[{\"@type\":\"ListItem\",\"position\":1,\"name\":\"Strona g\u0142\u00f3wna\",\"item\":\"https:\/\/zebate24.pl\/\"},{\"@type\":\"ListItem\",\"position\":2,\"name\":\"Cz\u0119\u015bci\",\"item\":\"https:\/\/zebate24.pl\/czesci\/\"},{\"@type\":\"ListItem\",\"position\":3,\"name\":\"V36247300 Valtra P\u00f3\u0142o\u015b kr\u00f3tka\"}]},{\"@type\":\"WebSite\",\"@id\":\"https:\/\/zebate24.pl\/#website\",\"url\":\"https:\/\/zebate24.pl\/\",\"name\":\"Z\u0119bate 24\",\"description\":\"Szeroka oferta cz\u0119\u015bci nap\u0119dowych! Ko\u0142a z\u0119bate, przek\u0142adnie k\u0105towe z\u0119bate, most carraro, dana, kessler, spicer, zf, ko\u0142a talerzowe, mosty nap\u0119dowe\",\"potentialAction\":[{\"@type\":\"SearchAction\",\"target\":{\"@type\":\"EntryPoint\",\"urlTemplate\":\"https:\/\/zebate24.pl\/?s={search_term_string}\"},\"query-input\":{\"@type\":\"PropertyValueSpecification\",\"valueRequired\":true,\"valueName\":\"search_term_string\"}}],\"inLanguage\":\"pl-PL\"}]}<\/script>\n<!-- \/ Yoast SEO plugin. -->","yoast_head_json":{"title":"V36247300 Valtra P\u00f3\u0142o\u015b kr\u00f3tka - Z\u0119bate 24","description":"Nowa, oryginalna P\u00f3\u0142o\u015b kr\u00f3tka Valtra V36247300","robots":{"index":"index","follow":"follow","max-snippet":"max-snippet:-1","max-image-preview":"max-image-preview:large","max-video-preview":"max-video-preview:-1"},"canonical":"https:\/\/zebate24.pl\/produkt\/v36247300-valtra-polos-krotka\/","og_locale":"pl_PL","og_type":"article","og_title":"V36247300 Valtra P\u00f3\u0142o\u015b kr\u00f3tka - Z\u0119bate 24","og_description":"Nowa, oryginalna P\u00f3\u0142o\u015b kr\u00f3tka Valtra V36247300","og_url":"https:\/\/zebate24.pl\/produkt\/v36247300-valtra-polos-krotka\/","og_site_name":"Z\u0119bate 24","article_modified_time":"2022-09-22T07:38:52+00:00","og_image":[{"width":300,"height":300,"url":"https:\/\/zebate24.pl\/wp-content\/uploads\/2022\/09\/polos2-e1663831784922.png","type":"image\/png"}],"twitter_card":"summary_large_image","twitter_misc":{"Szacowany czas czytania":"1 minuta"},"schema":{"@context":"https:\/\/schema.org","@graph":[{"@type":"WebPage","@id":"https:\/\/zebate24.pl\/produkt\/v36247300-valtra-polos-krotka\/","url":"https:\/\/zebate24.pl\/produkt\/v36247300-valtra-polos-krotka\/","name":"V36247300 Valtra P\u00f3\u0142o\u015b kr\u00f3tka - Z\u0119bate 24","isPartOf":{"@id":"https:\/\/zebate24.pl\/#website"},"primaryImageOfPage":{"@id":"https:\/\/zebate24.pl\/produkt\/v36247300-valtra-polos-krotka\/#primaryimage"},"image":{"@id":"https:\/\/zebate24.pl\/produkt\/v36247300-valtra-polos-krotka\/#primaryimage"},"thumbnailUrl":"https:\/\/zebate24.pl\/wp-content\/uploads\/2022\/09\/polos2-e1663831784922.png","datePublished":"2022-09-22T07:31:17+00:00","dateModified":"2022-09-22T07:38:52+00:00","description":"Nowa, oryginalna P\u00f3\u0142o\u015b kr\u00f3tka Valtra V36247300","breadcrumb":{"@id":"https:\/\/zebate24.pl\/produkt\/v36247300-valtra-polos-krotka\/#breadcrumb"},"inLanguage":"pl-PL","potentialAction":[{"@type":"ReadAction","target":["https:\/\/zebate24.pl\/produkt\/v36247300-valtra-polos-krotka\/"]}]},{"@type":"ImageObject","inLanguage":"pl-PL","@id":"https:\/\/zebate24.pl\/produkt\/v36247300-valtra-polos-krotka\/#primaryimage","url":"https:\/\/zebate24.pl\/wp-content\/uploads\/2022\/09\/polos2-e1663831784922.png","contentUrl":"https:\/\/zebate24.pl\/wp-content\/uploads\/2022\/09\/polos2-e1663831784922.png","width":300,"height":300},{"@type":"BreadcrumbList","@id":"https:\/\/zebate24.pl\/produkt\/v36247300-valtra-polos-krotka\/#breadcrumb","itemListElement":[{"@type":"ListItem","position":1,"name":"Strona g\u0142\u00f3wna","item":"https:\/\/zebate24.pl\/"},{"@type":"ListItem","position":2,"name":"Cz\u0119\u015bci","item":"https:\/\/zebate24.pl\/czesci\/"},{"@type":"ListItem","position":3,"name":"V36247300 Valtra P\u00f3\u0142o\u015b kr\u00f3tka"}]},{"@type":"WebSite","@id":"https:\/\/zebate24.pl\/#website","url":"https:\/\/zebate24.pl\/","name":"Z\u0119bate 24","description":"Szeroka oferta cz\u0119\u015bci nap\u0119dowych! Ko\u0142a z\u0119bate, przek\u0142adnie k\u0105towe z\u0119bate, most carraro, dana, kessler, spicer, zf, ko\u0142a talerzowe, mosty nap\u0119dowe","potentialAction":[{"@type":"SearchAction","target":{"@type":"EntryPoint","urlTemplate":"https:\/\/zebate24.pl\/?s={search_term_string}"},"query-input":{"@type":"PropertyValueSpecification","valueRequired":true,"valueName":"search_term_string"}}],"inLanguage":"pl-PL"}]}},"gutenberg_blocks":[{"blockName":"custom-styles","attrs":{"styles":""}}],"meta_data":false,"acf":[],"_links":{"self":[{"href":"https:\/\/zebate24.pl\/index.php\/wp-json\/wp\/v2\/product\/30573","targetHints":{"allow":["GET"]}}],"collection":[{"href":"https:\/\/zebate24.pl\/index.php\/wp-json\/wp\/v2\/product"}],"about":[{"href":"https:\/\/zebate24.pl\/index.php\/wp-json\/wp\/v2\/types\/product"}],"replies":[{"embeddable":true,"href":"https:\/\/zebate24.pl\/index.php\/wp-json\/wp\/v2\/comments?post=30573"}],"wp:featuredmedia":[{"embeddable":true,"href":"https:\/\/zebate24.pl\/index.php\/wp-json\/wp\/v2\/media\/30572"}],"wp:attachment":[{"href":"https:\/\/zebate24.pl\/index.php\/wp-json\/wp\/v2\/media?parent=30573"}],"wp:term":[{"taxonomy":"ze_product_categories","embeddable":true,"href":"https:\/\/zebate24.pl\/index.php\/wp-json\/wp\/v2\/ze_product_categories?post=30573"},{"taxonomy":"product_cat","embeddable":true,"href":"https:\/\/zebate24.pl\/index.php\/wp-json\/wp\/v2\/product_cat?post=30573"},{"taxonomy":"product_tag","embeddable":true,"href":"https:\/\/zebate24.pl\/index.php\/wp-json\/wp\/v2\/product_tag?post=30573"}],"curies":[{"name":"wp","href":"https:\/\/api.w.org\/{rel}","templated":true}]}}