{"id":30498,"date":"2022-09-12T13:07:11","date_gmt":"2022-09-12T13:07:11","guid":{"rendered":"https:\/\/zebate24.pl\/?post_type=product&#038;p=30498"},"modified":"2022-09-12T13:08:19","modified_gmt":"2022-09-12T13:08:19","slug":"513547-moxy-flange-shaft","status":"publish","type":"product","link":"https:\/\/zebate24.pl\/produkt\/513547-moxy-flange-shaft\/","title":{"rendered":"513547 Moxy Flange shaft"},"content":{"rendered":"<p>Flange shaft (OEM) Moxy.<\/p>\n<p>Nr-y por\u00f3wnawcze: 513547<\/p>\n","protected":false},"excerpt":{"rendered":"<p>Kod producenta: 513547<\/p>\n","protected":false},"featured_media":30494,"comment_status":"closed","ping_status":"closed","template":"","meta":{"_acf_changed":false,"inline_featured_image":false},"ze_product_categories":[],"product_cat":[4995],"product_tag":[5001,5000,4998],"class_list":{"0":"post-30498","1":"product","2":"type-product","3":"status-publish","4":"has-post-thumbnail","6":"product_cat-czesci-moxy","7":"product_tag-5001","8":"product_tag-flange-shaft","9":"product_tag-moxy","11":"first","12":"instock","13":"shipping-taxable","14":"purchasable","15":"product-type-simple"},"yoast_head":"<!-- This site is optimized with the Yoast SEO plugin v24.2 - https:\/\/yoast.com\/wordpress\/plugins\/seo\/ -->\n<title>513547 Moxy Flange shaft - Z\u0119bate 24<\/title>\n<meta name=\"robots\" content=\"index, follow, max-snippet:-1, max-image-preview:large, max-video-preview:-1\" \/>\n<link rel=\"canonical\" href=\"https:\/\/zebate24.pl\/produkt\/513547-moxy-flange-shaft\/\" \/>\n<meta property=\"og:locale\" content=\"pl_PL\" \/>\n<meta property=\"og:type\" content=\"article\" \/>\n<meta property=\"og:title\" content=\"513547 Moxy Flange shaft - Z\u0119bate 24\" \/>\n<meta property=\"og:description\" content=\"Kod producenta: 513547\" \/>\n<meta property=\"og:url\" content=\"https:\/\/zebate24.pl\/produkt\/513547-moxy-flange-shaft\/\" \/>\n<meta property=\"og:site_name\" content=\"Z\u0119bate 24\" \/>\n<meta property=\"article:modified_time\" content=\"2022-09-12T13:08:19+00:00\" \/>\n<meta property=\"og:image\" content=\"https:\/\/zebate24.pl\/wp-content\/uploads\/2022\/09\/flange-shaft-e1662987493517.png\" \/>\n\t<meta property=\"og:image:width\" content=\"300\" \/>\n\t<meta property=\"og:image:height\" content=\"230\" \/>\n\t<meta property=\"og:image:type\" content=\"image\/png\" \/>\n<meta name=\"twitter:card\" content=\"summary_large_image\" \/>\n<script type=\"application\/ld+json\" class=\"yoast-schema-graph\">{\"@context\":\"https:\/\/schema.org\",\"@graph\":[{\"@type\":\"WebPage\",\"@id\":\"https:\/\/zebate24.pl\/produkt\/513547-moxy-flange-shaft\/\",\"url\":\"https:\/\/zebate24.pl\/produkt\/513547-moxy-flange-shaft\/\",\"name\":\"513547 Moxy Flange shaft - Z\u0119bate 24\",\"isPartOf\":{\"@id\":\"https:\/\/zebate24.pl\/#website\"},\"primaryImageOfPage\":{\"@id\":\"https:\/\/zebate24.pl\/produkt\/513547-moxy-flange-shaft\/#primaryimage\"},\"image\":{\"@id\":\"https:\/\/zebate24.pl\/produkt\/513547-moxy-flange-shaft\/#primaryimage\"},\"thumbnailUrl\":\"https:\/\/zebate24.pl\/wp-content\/uploads\/2022\/09\/flange-shaft-e1662987493517.png\",\"datePublished\":\"2022-09-12T13:07:11+00:00\",\"dateModified\":\"2022-09-12T13:08:19+00:00\",\"breadcrumb\":{\"@id\":\"https:\/\/zebate24.pl\/produkt\/513547-moxy-flange-shaft\/#breadcrumb\"},\"inLanguage\":\"pl-PL\",\"potentialAction\":[{\"@type\":\"ReadAction\",\"target\":[\"https:\/\/zebate24.pl\/produkt\/513547-moxy-flange-shaft\/\"]}]},{\"@type\":\"ImageObject\",\"inLanguage\":\"pl-PL\",\"@id\":\"https:\/\/zebate24.pl\/produkt\/513547-moxy-flange-shaft\/#primaryimage\",\"url\":\"https:\/\/zebate24.pl\/wp-content\/uploads\/2022\/09\/flange-shaft-e1662987493517.png\",\"contentUrl\":\"https:\/\/zebate24.pl\/wp-content\/uploads\/2022\/09\/flange-shaft-e1662987493517.png\",\"width\":300,\"height\":230},{\"@type\":\"BreadcrumbList\",\"@id\":\"https:\/\/zebate24.pl\/produkt\/513547-moxy-flange-shaft\/#breadcrumb\",\"itemListElement\":[{\"@type\":\"ListItem\",\"position\":1,\"name\":\"Strona g\u0142\u00f3wna\",\"item\":\"https:\/\/zebate24.pl\/\"},{\"@type\":\"ListItem\",\"position\":2,\"name\":\"Cz\u0119\u015bci\",\"item\":\"https:\/\/zebate24.pl\/czesci\/\"},{\"@type\":\"ListItem\",\"position\":3,\"name\":\"513547 Moxy Flange shaft\"}]},{\"@type\":\"WebSite\",\"@id\":\"https:\/\/zebate24.pl\/#website\",\"url\":\"https:\/\/zebate24.pl\/\",\"name\":\"Z\u0119bate 24\",\"description\":\"Szeroka oferta cz\u0119\u015bci nap\u0119dowych! Ko\u0142a z\u0119bate, przek\u0142adnie k\u0105towe z\u0119bate, most carraro, dana, kessler, spicer, zf, ko\u0142a talerzowe, mosty nap\u0119dowe\",\"potentialAction\":[{\"@type\":\"SearchAction\",\"target\":{\"@type\":\"EntryPoint\",\"urlTemplate\":\"https:\/\/zebate24.pl\/?s={search_term_string}\"},\"query-input\":{\"@type\":\"PropertyValueSpecification\",\"valueRequired\":true,\"valueName\":\"search_term_string\"}}],\"inLanguage\":\"pl-PL\"}]}<\/script>\n<!-- \/ Yoast SEO plugin. -->","yoast_head_json":{"title":"513547 Moxy Flange shaft - Z\u0119bate 24","robots":{"index":"index","follow":"follow","max-snippet":"max-snippet:-1","max-image-preview":"max-image-preview:large","max-video-preview":"max-video-preview:-1"},"canonical":"https:\/\/zebate24.pl\/produkt\/513547-moxy-flange-shaft\/","og_locale":"pl_PL","og_type":"article","og_title":"513547 Moxy Flange shaft - Z\u0119bate 24","og_description":"Kod producenta: 513547","og_url":"https:\/\/zebate24.pl\/produkt\/513547-moxy-flange-shaft\/","og_site_name":"Z\u0119bate 24","article_modified_time":"2022-09-12T13:08:19+00:00","og_image":[{"width":300,"height":230,"url":"https:\/\/zebate24.pl\/wp-content\/uploads\/2022\/09\/flange-shaft-e1662987493517.png","type":"image\/png"}],"twitter_card":"summary_large_image","schema":{"@context":"https:\/\/schema.org","@graph":[{"@type":"WebPage","@id":"https:\/\/zebate24.pl\/produkt\/513547-moxy-flange-shaft\/","url":"https:\/\/zebate24.pl\/produkt\/513547-moxy-flange-shaft\/","name":"513547 Moxy Flange shaft - Z\u0119bate 24","isPartOf":{"@id":"https:\/\/zebate24.pl\/#website"},"primaryImageOfPage":{"@id":"https:\/\/zebate24.pl\/produkt\/513547-moxy-flange-shaft\/#primaryimage"},"image":{"@id":"https:\/\/zebate24.pl\/produkt\/513547-moxy-flange-shaft\/#primaryimage"},"thumbnailUrl":"https:\/\/zebate24.pl\/wp-content\/uploads\/2022\/09\/flange-shaft-e1662987493517.png","datePublished":"2022-09-12T13:07:11+00:00","dateModified":"2022-09-12T13:08:19+00:00","breadcrumb":{"@id":"https:\/\/zebate24.pl\/produkt\/513547-moxy-flange-shaft\/#breadcrumb"},"inLanguage":"pl-PL","potentialAction":[{"@type":"ReadAction","target":["https:\/\/zebate24.pl\/produkt\/513547-moxy-flange-shaft\/"]}]},{"@type":"ImageObject","inLanguage":"pl-PL","@id":"https:\/\/zebate24.pl\/produkt\/513547-moxy-flange-shaft\/#primaryimage","url":"https:\/\/zebate24.pl\/wp-content\/uploads\/2022\/09\/flange-shaft-e1662987493517.png","contentUrl":"https:\/\/zebate24.pl\/wp-content\/uploads\/2022\/09\/flange-shaft-e1662987493517.png","width":300,"height":230},{"@type":"BreadcrumbList","@id":"https:\/\/zebate24.pl\/produkt\/513547-moxy-flange-shaft\/#breadcrumb","itemListElement":[{"@type":"ListItem","position":1,"name":"Strona g\u0142\u00f3wna","item":"https:\/\/zebate24.pl\/"},{"@type":"ListItem","position":2,"name":"Cz\u0119\u015bci","item":"https:\/\/zebate24.pl\/czesci\/"},{"@type":"ListItem","position":3,"name":"513547 Moxy Flange shaft"}]},{"@type":"WebSite","@id":"https:\/\/zebate24.pl\/#website","url":"https:\/\/zebate24.pl\/","name":"Z\u0119bate 24","description":"Szeroka oferta cz\u0119\u015bci nap\u0119dowych! Ko\u0142a z\u0119bate, przek\u0142adnie k\u0105towe z\u0119bate, most carraro, dana, kessler, spicer, zf, ko\u0142a talerzowe, mosty nap\u0119dowe","potentialAction":[{"@type":"SearchAction","target":{"@type":"EntryPoint","urlTemplate":"https:\/\/zebate24.pl\/?s={search_term_string}"},"query-input":{"@type":"PropertyValueSpecification","valueRequired":true,"valueName":"search_term_string"}}],"inLanguage":"pl-PL"}]}},"gutenberg_blocks":[{"blockName":"custom-styles","attrs":{"styles":""}}],"meta_data":false,"acf":[],"_links":{"self":[{"href":"https:\/\/zebate24.pl\/index.php\/wp-json\/wp\/v2\/product\/30498","targetHints":{"allow":["GET"]}}],"collection":[{"href":"https:\/\/zebate24.pl\/index.php\/wp-json\/wp\/v2\/product"}],"about":[{"href":"https:\/\/zebate24.pl\/index.php\/wp-json\/wp\/v2\/types\/product"}],"replies":[{"embeddable":true,"href":"https:\/\/zebate24.pl\/index.php\/wp-json\/wp\/v2\/comments?post=30498"}],"wp:featuredmedia":[{"embeddable":true,"href":"https:\/\/zebate24.pl\/index.php\/wp-json\/wp\/v2\/media\/30494"}],"wp:attachment":[{"href":"https:\/\/zebate24.pl\/index.php\/wp-json\/wp\/v2\/media?parent=30498"}],"wp:term":[{"taxonomy":"ze_product_categories","embeddable":true,"href":"https:\/\/zebate24.pl\/index.php\/wp-json\/wp\/v2\/ze_product_categories?post=30498"},{"taxonomy":"product_cat","embeddable":true,"href":"https:\/\/zebate24.pl\/index.php\/wp-json\/wp\/v2\/product_cat?post=30498"},{"taxonomy":"product_tag","embeddable":true,"href":"https:\/\/zebate24.pl\/index.php\/wp-json\/wp\/v2\/product_tag?post=30498"}],"curies":[{"name":"wp","href":"https:\/\/api.w.org\/{rel}","templated":true}]}}