{"id":29784,"date":"2021-07-14T13:30:26","date_gmt":"2021-07-14T13:30:26","guid":{"rendered":"http:\/\/zebate24.pl\/?post_type=product&#038;p=29784"},"modified":"2021-07-14T13:32:21","modified_gmt":"2021-07-14T13:32:21","slug":"153399-doosan-lozysko","status":"publish","type":"product","link":"https:\/\/zebate24.pl\/produkt\/153399-doosan-lozysko\/","title":{"rendered":"153399 Doosan \u0141o\u017cysko"},"content":{"rendered":"<p>Nowe, oryginalne \u0141o\u017cysko (OEM) Doosan.<\/p>\n<p>Nr-y por\u00f3wnawcze: 153399<\/p>\n","protected":false},"excerpt":{"rendered":"<p>Kod producenta: 153399<\/p>\n","protected":false},"featured_media":29780,"comment_status":"closed","ping_status":"closed","template":"","meta":{"_acf_changed":false,"inline_featured_image":false},"ze_product_categories":[12395],"product_cat":[55],"product_tag":[4496,775,87],"class_list":{"0":"post-29784","1":"product","2":"type-product","3":"status-publish","4":"has-post-thumbnail","6":"ze_product_categories-lozyska","7":"product_cat-czesci-doosan","8":"product_tag-4496","9":"product_tag-doosan","10":"product_tag-lozysko","12":"first","13":"instock","14":"shipping-taxable","15":"purchasable","16":"product-type-simple"},"yoast_head":"<!-- This site is optimized with the Yoast SEO plugin v24.2 - https:\/\/yoast.com\/wordpress\/plugins\/seo\/ -->\n<title>153399 Doosan \u0141o\u017cysko - Cz\u0119\u015bci Doosan<\/title>\n<meta name=\"robots\" content=\"index, follow, max-snippet:-1, max-image-preview:large, max-video-preview:-1\" \/>\n<link rel=\"canonical\" href=\"https:\/\/zebate24.pl\/produkt\/153399-doosan-lozysko\/\" \/>\n<meta property=\"og:locale\" content=\"pl_PL\" \/>\n<meta property=\"og:type\" content=\"article\" \/>\n<meta property=\"og:title\" content=\"153399 Doosan \u0141o\u017cysko - Cz\u0119\u015bci Doosan\" \/>\n<meta property=\"og:description\" content=\"Kod producenta: 153399\" \/>\n<meta property=\"og:url\" content=\"https:\/\/zebate24.pl\/produkt\/153399-doosan-lozysko\/\" \/>\n<meta property=\"og:site_name\" content=\"Z\u0119bate 24\" \/>\n<meta property=\"article:modified_time\" content=\"2021-07-14T13:32:21+00:00\" \/>\n<meta property=\"og:image\" content=\"https:\/\/zebate24.pl\/wp-content\/uploads\/2021\/07\/\u0142o\u017cysko-3.jpg\" \/>\n\t<meta property=\"og:image:width\" content=\"324\" \/>\n\t<meta property=\"og:image:height\" content=\"324\" \/>\n\t<meta property=\"og:image:type\" content=\"image\/jpeg\" \/>\n<meta name=\"twitter:card\" content=\"summary_large_image\" \/>\n<script type=\"application\/ld+json\" class=\"yoast-schema-graph\">{\"@context\":\"https:\/\/schema.org\",\"@graph\":[{\"@type\":\"WebPage\",\"@id\":\"https:\/\/zebate24.pl\/produkt\/153399-doosan-lozysko\/\",\"url\":\"https:\/\/zebate24.pl\/produkt\/153399-doosan-lozysko\/\",\"name\":\"153399 Doosan \u0141o\u017cysko - Cz\u0119\u015bci Doosan\",\"isPartOf\":{\"@id\":\"https:\/\/zebate24.pl\/#website\"},\"primaryImageOfPage\":{\"@id\":\"https:\/\/zebate24.pl\/produkt\/153399-doosan-lozysko\/#primaryimage\"},\"image\":{\"@id\":\"https:\/\/zebate24.pl\/produkt\/153399-doosan-lozysko\/#primaryimage\"},\"thumbnailUrl\":\"https:\/\/zebate24.pl\/wp-content\/uploads\/2021\/07\/\u0142o\u017cysko-3.jpg\",\"datePublished\":\"2021-07-14T13:30:26+00:00\",\"dateModified\":\"2021-07-14T13:32:21+00:00\",\"breadcrumb\":{\"@id\":\"https:\/\/zebate24.pl\/produkt\/153399-doosan-lozysko\/#breadcrumb\"},\"inLanguage\":\"pl-PL\",\"potentialAction\":[{\"@type\":\"ReadAction\",\"target\":[\"https:\/\/zebate24.pl\/produkt\/153399-doosan-lozysko\/\"]}]},{\"@type\":\"ImageObject\",\"inLanguage\":\"pl-PL\",\"@id\":\"https:\/\/zebate24.pl\/produkt\/153399-doosan-lozysko\/#primaryimage\",\"url\":\"https:\/\/zebate24.pl\/wp-content\/uploads\/2021\/07\/\u0142o\u017cysko-3.jpg\",\"contentUrl\":\"https:\/\/zebate24.pl\/wp-content\/uploads\/2021\/07\/\u0142o\u017cysko-3.jpg\",\"width\":324,\"height\":324},{\"@type\":\"BreadcrumbList\",\"@id\":\"https:\/\/zebate24.pl\/produkt\/153399-doosan-lozysko\/#breadcrumb\",\"itemListElement\":[{\"@type\":\"ListItem\",\"position\":1,\"name\":\"Strona g\u0142\u00f3wna\",\"item\":\"https:\/\/zebate24.pl\/\"},{\"@type\":\"ListItem\",\"position\":2,\"name\":\"Cz\u0119\u015bci\",\"item\":\"https:\/\/zebate24.pl\/czesci\/\"},{\"@type\":\"ListItem\",\"position\":3,\"name\":\"153399 Doosan \u0141o\u017cysko\"}]},{\"@type\":\"WebSite\",\"@id\":\"https:\/\/zebate24.pl\/#website\",\"url\":\"https:\/\/zebate24.pl\/\",\"name\":\"Z\u0119bate 24\",\"description\":\"Szeroka oferta cz\u0119\u015bci nap\u0119dowych! Ko\u0142a z\u0119bate, przek\u0142adnie k\u0105towe z\u0119bate, most carraro, dana, kessler, spicer, zf, ko\u0142a talerzowe, mosty nap\u0119dowe\",\"potentialAction\":[{\"@type\":\"SearchAction\",\"target\":{\"@type\":\"EntryPoint\",\"urlTemplate\":\"https:\/\/zebate24.pl\/?s={search_term_string}\"},\"query-input\":{\"@type\":\"PropertyValueSpecification\",\"valueRequired\":true,\"valueName\":\"search_term_string\"}}],\"inLanguage\":\"pl-PL\"}]}<\/script>\n<!-- \/ Yoast SEO plugin. -->","yoast_head_json":{"title":"153399 Doosan \u0141o\u017cysko - Cz\u0119\u015bci Doosan","robots":{"index":"index","follow":"follow","max-snippet":"max-snippet:-1","max-image-preview":"max-image-preview:large","max-video-preview":"max-video-preview:-1"},"canonical":"https:\/\/zebate24.pl\/produkt\/153399-doosan-lozysko\/","og_locale":"pl_PL","og_type":"article","og_title":"153399 Doosan \u0141o\u017cysko - Cz\u0119\u015bci Doosan","og_description":"Kod producenta: 153399","og_url":"https:\/\/zebate24.pl\/produkt\/153399-doosan-lozysko\/","og_site_name":"Z\u0119bate 24","article_modified_time":"2021-07-14T13:32:21+00:00","og_image":[{"width":324,"height":324,"url":"https:\/\/zebate24.pl\/wp-content\/uploads\/2021\/07\/\u0142o\u017cysko-3.jpg","type":"image\/jpeg"}],"twitter_card":"summary_large_image","schema":{"@context":"https:\/\/schema.org","@graph":[{"@type":"WebPage","@id":"https:\/\/zebate24.pl\/produkt\/153399-doosan-lozysko\/","url":"https:\/\/zebate24.pl\/produkt\/153399-doosan-lozysko\/","name":"153399 Doosan \u0141o\u017cysko - Cz\u0119\u015bci Doosan","isPartOf":{"@id":"https:\/\/zebate24.pl\/#website"},"primaryImageOfPage":{"@id":"https:\/\/zebate24.pl\/produkt\/153399-doosan-lozysko\/#primaryimage"},"image":{"@id":"https:\/\/zebate24.pl\/produkt\/153399-doosan-lozysko\/#primaryimage"},"thumbnailUrl":"https:\/\/zebate24.pl\/wp-content\/uploads\/2021\/07\/\u0142o\u017cysko-3.jpg","datePublished":"2021-07-14T13:30:26+00:00","dateModified":"2021-07-14T13:32:21+00:00","breadcrumb":{"@id":"https:\/\/zebate24.pl\/produkt\/153399-doosan-lozysko\/#breadcrumb"},"inLanguage":"pl-PL","potentialAction":[{"@type":"ReadAction","target":["https:\/\/zebate24.pl\/produkt\/153399-doosan-lozysko\/"]}]},{"@type":"ImageObject","inLanguage":"pl-PL","@id":"https:\/\/zebate24.pl\/produkt\/153399-doosan-lozysko\/#primaryimage","url":"https:\/\/zebate24.pl\/wp-content\/uploads\/2021\/07\/\u0142o\u017cysko-3.jpg","contentUrl":"https:\/\/zebate24.pl\/wp-content\/uploads\/2021\/07\/\u0142o\u017cysko-3.jpg","width":324,"height":324},{"@type":"BreadcrumbList","@id":"https:\/\/zebate24.pl\/produkt\/153399-doosan-lozysko\/#breadcrumb","itemListElement":[{"@type":"ListItem","position":1,"name":"Strona g\u0142\u00f3wna","item":"https:\/\/zebate24.pl\/"},{"@type":"ListItem","position":2,"name":"Cz\u0119\u015bci","item":"https:\/\/zebate24.pl\/czesci\/"},{"@type":"ListItem","position":3,"name":"153399 Doosan \u0141o\u017cysko"}]},{"@type":"WebSite","@id":"https:\/\/zebate24.pl\/#website","url":"https:\/\/zebate24.pl\/","name":"Z\u0119bate 24","description":"Szeroka oferta cz\u0119\u015bci nap\u0119dowych! Ko\u0142a z\u0119bate, przek\u0142adnie k\u0105towe z\u0119bate, most carraro, dana, kessler, spicer, zf, ko\u0142a talerzowe, mosty nap\u0119dowe","potentialAction":[{"@type":"SearchAction","target":{"@type":"EntryPoint","urlTemplate":"https:\/\/zebate24.pl\/?s={search_term_string}"},"query-input":{"@type":"PropertyValueSpecification","valueRequired":true,"valueName":"search_term_string"}}],"inLanguage":"pl-PL"}]}},"gutenberg_blocks":[{"blockName":"custom-styles","attrs":{"styles":""}}],"meta_data":false,"acf":[],"_links":{"self":[{"href":"https:\/\/zebate24.pl\/index.php\/wp-json\/wp\/v2\/product\/29784","targetHints":{"allow":["GET"]}}],"collection":[{"href":"https:\/\/zebate24.pl\/index.php\/wp-json\/wp\/v2\/product"}],"about":[{"href":"https:\/\/zebate24.pl\/index.php\/wp-json\/wp\/v2\/types\/product"}],"replies":[{"embeddable":true,"href":"https:\/\/zebate24.pl\/index.php\/wp-json\/wp\/v2\/comments?post=29784"}],"wp:featuredmedia":[{"embeddable":true,"href":"https:\/\/zebate24.pl\/index.php\/wp-json\/wp\/v2\/media\/29780"}],"wp:attachment":[{"href":"https:\/\/zebate24.pl\/index.php\/wp-json\/wp\/v2\/media?parent=29784"}],"wp:term":[{"taxonomy":"ze_product_categories","embeddable":true,"href":"https:\/\/zebate24.pl\/index.php\/wp-json\/wp\/v2\/ze_product_categories?post=29784"},{"taxonomy":"product_cat","embeddable":true,"href":"https:\/\/zebate24.pl\/index.php\/wp-json\/wp\/v2\/product_cat?post=29784"},{"taxonomy":"product_tag","embeddable":true,"href":"https:\/\/zebate24.pl\/index.php\/wp-json\/wp\/v2\/product_tag?post=29784"}],"curies":[{"name":"wp","href":"https:\/\/api.w.org\/{rel}","templated":true}]}}