{"id":29626,"date":"2021-07-06T07:50:32","date_gmt":"2021-07-06T07:50:32","guid":{"rendered":"http:\/\/zebate24.pl\/?post_type=product&#038;p=29626"},"modified":"2021-07-06T07:50:33","modified_gmt":"2021-07-06T07:50:33","slug":"932-03-020-01-dana-spicer-oslona","status":"publish","type":"product","link":"https:\/\/zebate24.pl\/produkt\/932-03-020-01-dana-spicer-oslona\/","title":{"rendered":"932.03.020.01 Dana Spicer Os\u0142ona"},"content":{"rendered":"<p>Nowa, oryginalna Os\u0142ona (OEM) Dana Spicer.<\/p>\n<p>Nr-y por\u00f3wnawcze: 932.03.020.01, 9320302001<\/p>\n","protected":false},"excerpt":{"rendered":"<p>Kod producenta: 932.03.020.01<\/p>\n","protected":false},"featured_media":29627,"comment_status":"closed","ping_status":"closed","template":"","meta":{"_acf_changed":false,"inline_featured_image":false},"ze_product_categories":[12426],"product_cat":[45],"product_tag":[226,124,204],"class_list":{"0":"post-29626","1":"product","2":"type-product","3":"status-publish","4":"has-post-thumbnail","6":"ze_product_categories-oslony","7":"product_cat-czesci-dana-spicer-clark-hurth","8":"product_tag-932-03-020-01","9":"product_tag-dana-spicer","10":"product_tag-oslona","12":"first","13":"instock","14":"shipping-taxable","15":"purchasable","16":"product-type-simple"},"yoast_head":"<!-- This site is optimized with the Yoast SEO plugin v24.2 - https:\/\/yoast.com\/wordpress\/plugins\/seo\/ -->\n<title>932.03.020.01 Dana Spicer Os\u0142ona - Z\u0119bate 24<\/title>\n<meta name=\"robots\" content=\"index, follow, max-snippet:-1, max-image-preview:large, max-video-preview:-1\" \/>\n<link rel=\"canonical\" href=\"https:\/\/zebate24.pl\/produkt\/932-03-020-01-dana-spicer-oslona\/\" \/>\n<meta property=\"og:locale\" content=\"pl_PL\" \/>\n<meta property=\"og:type\" content=\"article\" \/>\n<meta property=\"og:title\" content=\"932.03.020.01 Dana Spicer Os\u0142ona - Z\u0119bate 24\" \/>\n<meta property=\"og:description\" content=\"Kod producenta: 932.03.020.01\" \/>\n<meta property=\"og:url\" content=\"https:\/\/zebate24.pl\/produkt\/932-03-020-01-dana-spicer-oslona\/\" \/>\n<meta property=\"og:site_name\" content=\"Z\u0119bate 24\" \/>\n<meta property=\"article:modified_time\" content=\"2021-07-06T07:50:33+00:00\" \/>\n<meta property=\"og:image\" content=\"https:\/\/zebate24.pl\/wp-content\/uploads\/2021\/07\/os\u0142ona.jpg\" \/>\n\t<meta property=\"og:image:width\" content=\"200\" \/>\n\t<meta property=\"og:image:height\" content=\"200\" \/>\n\t<meta property=\"og:image:type\" content=\"image\/jpeg\" \/>\n<meta name=\"twitter:card\" content=\"summary_large_image\" \/>\n<script type=\"application\/ld+json\" class=\"yoast-schema-graph\">{\"@context\":\"https:\/\/schema.org\",\"@graph\":[{\"@type\":\"WebPage\",\"@id\":\"https:\/\/zebate24.pl\/produkt\/932-03-020-01-dana-spicer-oslona\/\",\"url\":\"https:\/\/zebate24.pl\/produkt\/932-03-020-01-dana-spicer-oslona\/\",\"name\":\"932.03.020.01 Dana Spicer Os\u0142ona - Z\u0119bate 24\",\"isPartOf\":{\"@id\":\"https:\/\/zebate24.pl\/#website\"},\"primaryImageOfPage\":{\"@id\":\"https:\/\/zebate24.pl\/produkt\/932-03-020-01-dana-spicer-oslona\/#primaryimage\"},\"image\":{\"@id\":\"https:\/\/zebate24.pl\/produkt\/932-03-020-01-dana-spicer-oslona\/#primaryimage\"},\"thumbnailUrl\":\"https:\/\/zebate24.pl\/wp-content\/uploads\/2021\/07\/os\u0142ona.jpg\",\"datePublished\":\"2021-07-06T07:50:32+00:00\",\"dateModified\":\"2021-07-06T07:50:33+00:00\",\"breadcrumb\":{\"@id\":\"https:\/\/zebate24.pl\/produkt\/932-03-020-01-dana-spicer-oslona\/#breadcrumb\"},\"inLanguage\":\"pl-PL\",\"potentialAction\":[{\"@type\":\"ReadAction\",\"target\":[\"https:\/\/zebate24.pl\/produkt\/932-03-020-01-dana-spicer-oslona\/\"]}]},{\"@type\":\"ImageObject\",\"inLanguage\":\"pl-PL\",\"@id\":\"https:\/\/zebate24.pl\/produkt\/932-03-020-01-dana-spicer-oslona\/#primaryimage\",\"url\":\"https:\/\/zebate24.pl\/wp-content\/uploads\/2021\/07\/os\u0142ona.jpg\",\"contentUrl\":\"https:\/\/zebate24.pl\/wp-content\/uploads\/2021\/07\/os\u0142ona.jpg\",\"width\":200,\"height\":200},{\"@type\":\"BreadcrumbList\",\"@id\":\"https:\/\/zebate24.pl\/produkt\/932-03-020-01-dana-spicer-oslona\/#breadcrumb\",\"itemListElement\":[{\"@type\":\"ListItem\",\"position\":1,\"name\":\"Strona g\u0142\u00f3wna\",\"item\":\"https:\/\/zebate24.pl\/\"},{\"@type\":\"ListItem\",\"position\":2,\"name\":\"Cz\u0119\u015bci\",\"item\":\"https:\/\/zebate24.pl\/czesci\/\"},{\"@type\":\"ListItem\",\"position\":3,\"name\":\"932.03.020.01 Dana Spicer Os\u0142ona\"}]},{\"@type\":\"WebSite\",\"@id\":\"https:\/\/zebate24.pl\/#website\",\"url\":\"https:\/\/zebate24.pl\/\",\"name\":\"Z\u0119bate 24\",\"description\":\"Szeroka oferta cz\u0119\u015bci nap\u0119dowych! Ko\u0142a z\u0119bate, przek\u0142adnie k\u0105towe z\u0119bate, most carraro, dana, kessler, spicer, zf, ko\u0142a talerzowe, mosty nap\u0119dowe\",\"potentialAction\":[{\"@type\":\"SearchAction\",\"target\":{\"@type\":\"EntryPoint\",\"urlTemplate\":\"https:\/\/zebate24.pl\/?s={search_term_string}\"},\"query-input\":{\"@type\":\"PropertyValueSpecification\",\"valueRequired\":true,\"valueName\":\"search_term_string\"}}],\"inLanguage\":\"pl-PL\"}]}<\/script>\n<!-- \/ Yoast SEO plugin. -->","yoast_head_json":{"title":"932.03.020.01 Dana Spicer Os\u0142ona - Z\u0119bate 24","robots":{"index":"index","follow":"follow","max-snippet":"max-snippet:-1","max-image-preview":"max-image-preview:large","max-video-preview":"max-video-preview:-1"},"canonical":"https:\/\/zebate24.pl\/produkt\/932-03-020-01-dana-spicer-oslona\/","og_locale":"pl_PL","og_type":"article","og_title":"932.03.020.01 Dana Spicer Os\u0142ona - Z\u0119bate 24","og_description":"Kod producenta: 932.03.020.01","og_url":"https:\/\/zebate24.pl\/produkt\/932-03-020-01-dana-spicer-oslona\/","og_site_name":"Z\u0119bate 24","article_modified_time":"2021-07-06T07:50:33+00:00","og_image":[{"width":200,"height":200,"url":"https:\/\/zebate24.pl\/wp-content\/uploads\/2021\/07\/os\u0142ona.jpg","type":"image\/jpeg"}],"twitter_card":"summary_large_image","schema":{"@context":"https:\/\/schema.org","@graph":[{"@type":"WebPage","@id":"https:\/\/zebate24.pl\/produkt\/932-03-020-01-dana-spicer-oslona\/","url":"https:\/\/zebate24.pl\/produkt\/932-03-020-01-dana-spicer-oslona\/","name":"932.03.020.01 Dana Spicer Os\u0142ona - Z\u0119bate 24","isPartOf":{"@id":"https:\/\/zebate24.pl\/#website"},"primaryImageOfPage":{"@id":"https:\/\/zebate24.pl\/produkt\/932-03-020-01-dana-spicer-oslona\/#primaryimage"},"image":{"@id":"https:\/\/zebate24.pl\/produkt\/932-03-020-01-dana-spicer-oslona\/#primaryimage"},"thumbnailUrl":"https:\/\/zebate24.pl\/wp-content\/uploads\/2021\/07\/os\u0142ona.jpg","datePublished":"2021-07-06T07:50:32+00:00","dateModified":"2021-07-06T07:50:33+00:00","breadcrumb":{"@id":"https:\/\/zebate24.pl\/produkt\/932-03-020-01-dana-spicer-oslona\/#breadcrumb"},"inLanguage":"pl-PL","potentialAction":[{"@type":"ReadAction","target":["https:\/\/zebate24.pl\/produkt\/932-03-020-01-dana-spicer-oslona\/"]}]},{"@type":"ImageObject","inLanguage":"pl-PL","@id":"https:\/\/zebate24.pl\/produkt\/932-03-020-01-dana-spicer-oslona\/#primaryimage","url":"https:\/\/zebate24.pl\/wp-content\/uploads\/2021\/07\/os\u0142ona.jpg","contentUrl":"https:\/\/zebate24.pl\/wp-content\/uploads\/2021\/07\/os\u0142ona.jpg","width":200,"height":200},{"@type":"BreadcrumbList","@id":"https:\/\/zebate24.pl\/produkt\/932-03-020-01-dana-spicer-oslona\/#breadcrumb","itemListElement":[{"@type":"ListItem","position":1,"name":"Strona g\u0142\u00f3wna","item":"https:\/\/zebate24.pl\/"},{"@type":"ListItem","position":2,"name":"Cz\u0119\u015bci","item":"https:\/\/zebate24.pl\/czesci\/"},{"@type":"ListItem","position":3,"name":"932.03.020.01 Dana Spicer Os\u0142ona"}]},{"@type":"WebSite","@id":"https:\/\/zebate24.pl\/#website","url":"https:\/\/zebate24.pl\/","name":"Z\u0119bate 24","description":"Szeroka oferta cz\u0119\u015bci nap\u0119dowych! Ko\u0142a z\u0119bate, przek\u0142adnie k\u0105towe z\u0119bate, most carraro, dana, kessler, spicer, zf, ko\u0142a talerzowe, mosty nap\u0119dowe","potentialAction":[{"@type":"SearchAction","target":{"@type":"EntryPoint","urlTemplate":"https:\/\/zebate24.pl\/?s={search_term_string}"},"query-input":{"@type":"PropertyValueSpecification","valueRequired":true,"valueName":"search_term_string"}}],"inLanguage":"pl-PL"}]}},"gutenberg_blocks":[{"blockName":"custom-styles","attrs":{"styles":""}}],"meta_data":false,"acf":[],"_links":{"self":[{"href":"https:\/\/zebate24.pl\/index.php\/wp-json\/wp\/v2\/product\/29626","targetHints":{"allow":["GET"]}}],"collection":[{"href":"https:\/\/zebate24.pl\/index.php\/wp-json\/wp\/v2\/product"}],"about":[{"href":"https:\/\/zebate24.pl\/index.php\/wp-json\/wp\/v2\/types\/product"}],"replies":[{"embeddable":true,"href":"https:\/\/zebate24.pl\/index.php\/wp-json\/wp\/v2\/comments?post=29626"}],"wp:featuredmedia":[{"embeddable":true,"href":"https:\/\/zebate24.pl\/index.php\/wp-json\/wp\/v2\/media\/29627"}],"wp:attachment":[{"href":"https:\/\/zebate24.pl\/index.php\/wp-json\/wp\/v2\/media?parent=29626"}],"wp:term":[{"taxonomy":"ze_product_categories","embeddable":true,"href":"https:\/\/zebate24.pl\/index.php\/wp-json\/wp\/v2\/ze_product_categories?post=29626"},{"taxonomy":"product_cat","embeddable":true,"href":"https:\/\/zebate24.pl\/index.php\/wp-json\/wp\/v2\/product_cat?post=29626"},{"taxonomy":"product_tag","embeddable":true,"href":"https:\/\/zebate24.pl\/index.php\/wp-json\/wp\/v2\/product_tag?post=29626"}],"curies":[{"name":"wp","href":"https:\/\/api.w.org\/{rel}","templated":true}]}}