{"id":29603,"date":"2021-07-05T11:41:22","date_gmt":"2021-07-05T11:41:22","guid":{"rendered":"http:\/\/zebate24.pl\/?post_type=product&#038;p=29603"},"modified":"2021-07-05T11:42:12","modified_gmt":"2021-07-05T11:42:12","slug":"564223-manitou-sworzen","status":"publish","type":"product","link":"https:\/\/zebate24.pl\/produkt\/564223-manitou-sworzen\/","title":{"rendered":"564223 Manitou Sworze\u0144"},"content":{"rendered":"<p>Nowy, oryginalny Sworze\u0144 (OEM) Manitou.<\/p>\n<p>Nr-y por\u00f3wnawcze: 564223<\/p>\n","protected":false},"excerpt":{"rendered":"<p>Kod producenta: 564223<\/p>\n","protected":false},"featured_media":29602,"comment_status":"closed","ping_status":"closed","template":"","meta":{"_acf_changed":false,"inline_featured_image":false},"ze_product_categories":[12389],"product_cat":[34],"product_tag":[4372,325,100],"class_list":{"0":"post-29603","1":"product","2":"type-product","3":"status-publish","4":"has-post-thumbnail","6":"ze_product_categories-sworznie","7":"product_cat-czesci-manitou","8":"product_tag-4372","9":"product_tag-manitou","10":"product_tag-sworzen","12":"first","13":"instock","14":"shipping-taxable","15":"purchasable","16":"product-type-simple"},"yoast_head":"<!-- This site is optimized with the Yoast SEO plugin v24.2 - https:\/\/yoast.com\/wordpress\/plugins\/seo\/ -->\n<title>564223 Manitou Sworze\u0144 - Z\u0119bate 24<\/title>\n<meta name=\"robots\" content=\"index, follow, max-snippet:-1, max-image-preview:large, max-video-preview:-1\" \/>\n<link rel=\"canonical\" href=\"https:\/\/zebate24.pl\/produkt\/564223-manitou-sworzen\/\" \/>\n<meta property=\"og:locale\" content=\"pl_PL\" \/>\n<meta property=\"og:type\" content=\"article\" \/>\n<meta property=\"og:title\" content=\"564223 Manitou Sworze\u0144 - Z\u0119bate 24\" \/>\n<meta property=\"og:description\" content=\"Kod producenta: 564223\" \/>\n<meta property=\"og:url\" content=\"https:\/\/zebate24.pl\/produkt\/564223-manitou-sworzen\/\" \/>\n<meta property=\"og:site_name\" content=\"Z\u0119bate 24\" \/>\n<meta property=\"article:modified_time\" content=\"2021-07-05T11:42:12+00:00\" \/>\n<meta property=\"og:image\" content=\"https:\/\/zebate24.pl\/wp-content\/uploads\/2021\/07\/sworze\u0144.jpg\" \/>\n\t<meta property=\"og:image:width\" content=\"200\" \/>\n\t<meta property=\"og:image:height\" content=\"200\" \/>\n\t<meta property=\"og:image:type\" content=\"image\/jpeg\" \/>\n<meta name=\"twitter:card\" content=\"summary_large_image\" \/>\n<script type=\"application\/ld+json\" class=\"yoast-schema-graph\">{\"@context\":\"https:\/\/schema.org\",\"@graph\":[{\"@type\":\"WebPage\",\"@id\":\"https:\/\/zebate24.pl\/produkt\/564223-manitou-sworzen\/\",\"url\":\"https:\/\/zebate24.pl\/produkt\/564223-manitou-sworzen\/\",\"name\":\"564223 Manitou Sworze\u0144 - Z\u0119bate 24\",\"isPartOf\":{\"@id\":\"https:\/\/zebate24.pl\/#website\"},\"primaryImageOfPage\":{\"@id\":\"https:\/\/zebate24.pl\/produkt\/564223-manitou-sworzen\/#primaryimage\"},\"image\":{\"@id\":\"https:\/\/zebate24.pl\/produkt\/564223-manitou-sworzen\/#primaryimage\"},\"thumbnailUrl\":\"https:\/\/zebate24.pl\/wp-content\/uploads\/2021\/07\/sworze\u0144.jpg\",\"datePublished\":\"2021-07-05T11:41:22+00:00\",\"dateModified\":\"2021-07-05T11:42:12+00:00\",\"breadcrumb\":{\"@id\":\"https:\/\/zebate24.pl\/produkt\/564223-manitou-sworzen\/#breadcrumb\"},\"inLanguage\":\"pl-PL\",\"potentialAction\":[{\"@type\":\"ReadAction\",\"target\":[\"https:\/\/zebate24.pl\/produkt\/564223-manitou-sworzen\/\"]}]},{\"@type\":\"ImageObject\",\"inLanguage\":\"pl-PL\",\"@id\":\"https:\/\/zebate24.pl\/produkt\/564223-manitou-sworzen\/#primaryimage\",\"url\":\"https:\/\/zebate24.pl\/wp-content\/uploads\/2021\/07\/sworze\u0144.jpg\",\"contentUrl\":\"https:\/\/zebate24.pl\/wp-content\/uploads\/2021\/07\/sworze\u0144.jpg\",\"width\":200,\"height\":200},{\"@type\":\"BreadcrumbList\",\"@id\":\"https:\/\/zebate24.pl\/produkt\/564223-manitou-sworzen\/#breadcrumb\",\"itemListElement\":[{\"@type\":\"ListItem\",\"position\":1,\"name\":\"Strona g\u0142\u00f3wna\",\"item\":\"https:\/\/zebate24.pl\/\"},{\"@type\":\"ListItem\",\"position\":2,\"name\":\"Cz\u0119\u015bci\",\"item\":\"https:\/\/zebate24.pl\/czesci\/\"},{\"@type\":\"ListItem\",\"position\":3,\"name\":\"564223 Manitou Sworze\u0144\"}]},{\"@type\":\"WebSite\",\"@id\":\"https:\/\/zebate24.pl\/#website\",\"url\":\"https:\/\/zebate24.pl\/\",\"name\":\"Z\u0119bate 24\",\"description\":\"Szeroka oferta cz\u0119\u015bci nap\u0119dowych! Ko\u0142a z\u0119bate, przek\u0142adnie k\u0105towe z\u0119bate, most carraro, dana, kessler, spicer, zf, ko\u0142a talerzowe, mosty nap\u0119dowe\",\"potentialAction\":[{\"@type\":\"SearchAction\",\"target\":{\"@type\":\"EntryPoint\",\"urlTemplate\":\"https:\/\/zebate24.pl\/?s={search_term_string}\"},\"query-input\":{\"@type\":\"PropertyValueSpecification\",\"valueRequired\":true,\"valueName\":\"search_term_string\"}}],\"inLanguage\":\"pl-PL\"}]}<\/script>\n<!-- \/ Yoast SEO plugin. -->","yoast_head_json":{"title":"564223 Manitou Sworze\u0144 - Z\u0119bate 24","robots":{"index":"index","follow":"follow","max-snippet":"max-snippet:-1","max-image-preview":"max-image-preview:large","max-video-preview":"max-video-preview:-1"},"canonical":"https:\/\/zebate24.pl\/produkt\/564223-manitou-sworzen\/","og_locale":"pl_PL","og_type":"article","og_title":"564223 Manitou Sworze\u0144 - Z\u0119bate 24","og_description":"Kod producenta: 564223","og_url":"https:\/\/zebate24.pl\/produkt\/564223-manitou-sworzen\/","og_site_name":"Z\u0119bate 24","article_modified_time":"2021-07-05T11:42:12+00:00","og_image":[{"width":200,"height":200,"url":"https:\/\/zebate24.pl\/wp-content\/uploads\/2021\/07\/sworze\u0144.jpg","type":"image\/jpeg"}],"twitter_card":"summary_large_image","schema":{"@context":"https:\/\/schema.org","@graph":[{"@type":"WebPage","@id":"https:\/\/zebate24.pl\/produkt\/564223-manitou-sworzen\/","url":"https:\/\/zebate24.pl\/produkt\/564223-manitou-sworzen\/","name":"564223 Manitou Sworze\u0144 - Z\u0119bate 24","isPartOf":{"@id":"https:\/\/zebate24.pl\/#website"},"primaryImageOfPage":{"@id":"https:\/\/zebate24.pl\/produkt\/564223-manitou-sworzen\/#primaryimage"},"image":{"@id":"https:\/\/zebate24.pl\/produkt\/564223-manitou-sworzen\/#primaryimage"},"thumbnailUrl":"https:\/\/zebate24.pl\/wp-content\/uploads\/2021\/07\/sworze\u0144.jpg","datePublished":"2021-07-05T11:41:22+00:00","dateModified":"2021-07-05T11:42:12+00:00","breadcrumb":{"@id":"https:\/\/zebate24.pl\/produkt\/564223-manitou-sworzen\/#breadcrumb"},"inLanguage":"pl-PL","potentialAction":[{"@type":"ReadAction","target":["https:\/\/zebate24.pl\/produkt\/564223-manitou-sworzen\/"]}]},{"@type":"ImageObject","inLanguage":"pl-PL","@id":"https:\/\/zebate24.pl\/produkt\/564223-manitou-sworzen\/#primaryimage","url":"https:\/\/zebate24.pl\/wp-content\/uploads\/2021\/07\/sworze\u0144.jpg","contentUrl":"https:\/\/zebate24.pl\/wp-content\/uploads\/2021\/07\/sworze\u0144.jpg","width":200,"height":200},{"@type":"BreadcrumbList","@id":"https:\/\/zebate24.pl\/produkt\/564223-manitou-sworzen\/#breadcrumb","itemListElement":[{"@type":"ListItem","position":1,"name":"Strona g\u0142\u00f3wna","item":"https:\/\/zebate24.pl\/"},{"@type":"ListItem","position":2,"name":"Cz\u0119\u015bci","item":"https:\/\/zebate24.pl\/czesci\/"},{"@type":"ListItem","position":3,"name":"564223 Manitou Sworze\u0144"}]},{"@type":"WebSite","@id":"https:\/\/zebate24.pl\/#website","url":"https:\/\/zebate24.pl\/","name":"Z\u0119bate 24","description":"Szeroka oferta cz\u0119\u015bci nap\u0119dowych! Ko\u0142a z\u0119bate, przek\u0142adnie k\u0105towe z\u0119bate, most carraro, dana, kessler, spicer, zf, ko\u0142a talerzowe, mosty nap\u0119dowe","potentialAction":[{"@type":"SearchAction","target":{"@type":"EntryPoint","urlTemplate":"https:\/\/zebate24.pl\/?s={search_term_string}"},"query-input":{"@type":"PropertyValueSpecification","valueRequired":true,"valueName":"search_term_string"}}],"inLanguage":"pl-PL"}]}},"gutenberg_blocks":[{"blockName":"custom-styles","attrs":{"styles":""}}],"meta_data":false,"acf":[],"_links":{"self":[{"href":"https:\/\/zebate24.pl\/index.php\/wp-json\/wp\/v2\/product\/29603","targetHints":{"allow":["GET"]}}],"collection":[{"href":"https:\/\/zebate24.pl\/index.php\/wp-json\/wp\/v2\/product"}],"about":[{"href":"https:\/\/zebate24.pl\/index.php\/wp-json\/wp\/v2\/types\/product"}],"replies":[{"embeddable":true,"href":"https:\/\/zebate24.pl\/index.php\/wp-json\/wp\/v2\/comments?post=29603"}],"wp:featuredmedia":[{"embeddable":true,"href":"https:\/\/zebate24.pl\/index.php\/wp-json\/wp\/v2\/media\/29602"}],"wp:attachment":[{"href":"https:\/\/zebate24.pl\/index.php\/wp-json\/wp\/v2\/media?parent=29603"}],"wp:term":[{"taxonomy":"ze_product_categories","embeddable":true,"href":"https:\/\/zebate24.pl\/index.php\/wp-json\/wp\/v2\/ze_product_categories?post=29603"},{"taxonomy":"product_cat","embeddable":true,"href":"https:\/\/zebate24.pl\/index.php\/wp-json\/wp\/v2\/product_cat?post=29603"},{"taxonomy":"product_tag","embeddable":true,"href":"https:\/\/zebate24.pl\/index.php\/wp-json\/wp\/v2\/product_tag?post=29603"}],"curies":[{"name":"wp","href":"https:\/\/api.w.org\/{rel}","templated":true}]}}