{"id":29558,"date":"2021-06-15T09:06:18","date_gmt":"2021-06-15T09:06:18","guid":{"rendered":"http:\/\/zebate24.pl\/?post_type=product&#038;p=29558"},"modified":"2025-05-30T09:04:56","modified_gmt":"2025-05-30T09:04:56","slug":"4207547-dana-spicer-pierscien","status":"publish","type":"product","link":"https:\/\/zebate24.pl\/produkt\/4207547-dana-spicer-pierscien\/","title":{"rendered":"4207547 Dana Spicer Pier\u015bcie\u0144"},"content":{"rendered":"<p>Nowy Pier\u015bcie\u0144 Dana Spicer.<\/p>\n<p>Nr-y por\u00f3wnawcze: <span style=\"font-family: Calibri;\">4207547<\/span><\/p>\n","protected":false},"excerpt":{"rendered":"<p>Kod producenta: <span style=\"font-family: Calibri;\">4207547<\/span><\/p>\n","protected":false},"featured_media":35429,"comment_status":"closed","ping_status":"closed","template":"","meta":{"_acf_changed":false,"inline_featured_image":false},"ze_product_categories":[12413],"product_cat":[45],"product_tag":[4344,124,127],"class_list":{"0":"post-29558","1":"product","2":"type-product","3":"status-publish","4":"has-post-thumbnail","6":"ze_product_categories-pierscienie","7":"product_cat-czesci-dana-spicer-clark-hurth","8":"product_tag-4344","9":"product_tag-dana-spicer","10":"product_tag-pierscien","12":"first","13":"instock","14":"shipping-taxable","15":"purchasable","16":"product-type-simple"},"yoast_head":"<!-- This site is optimized with the Yoast SEO plugin v24.2 - https:\/\/yoast.com\/wordpress\/plugins\/seo\/ -->\n<title>4207547 Dana Spicer Pier\u015bcie\u0144 - Z\u0119bate 24<\/title>\n<meta name=\"robots\" content=\"index, follow, max-snippet:-1, max-image-preview:large, max-video-preview:-1\" \/>\n<link rel=\"canonical\" href=\"https:\/\/zebate24.pl\/produkt\/4207547-dana-spicer-pierscien\/\" \/>\n<meta property=\"og:locale\" content=\"pl_PL\" \/>\n<meta property=\"og:type\" content=\"article\" \/>\n<meta property=\"og:title\" content=\"4207547 Dana Spicer Pier\u015bcie\u0144 - Z\u0119bate 24\" \/>\n<meta property=\"og:description\" content=\"Kod producenta: 4207547\" \/>\n<meta property=\"og:url\" content=\"https:\/\/zebate24.pl\/produkt\/4207547-dana-spicer-pierscien\/\" \/>\n<meta property=\"og:site_name\" content=\"Z\u0119bate 24\" \/>\n<meta property=\"article:modified_time\" content=\"2025-05-30T09:04:56+00:00\" \/>\n<meta property=\"og:image\" content=\"https:\/\/zebate24.pl\/wp-content\/uploads\/2021\/06\/40046068str.jpg\" \/>\n\t<meta property=\"og:image:width\" content=\"300\" \/>\n\t<meta property=\"og:image:height\" content=\"300\" \/>\n\t<meta property=\"og:image:type\" content=\"image\/jpeg\" \/>\n<meta name=\"twitter:card\" content=\"summary_large_image\" \/>\n<meta name=\"twitter:label1\" content=\"Szacowany czas czytania\" \/>\n\t<meta name=\"twitter:data1\" content=\"1 minuta\" \/>\n<script type=\"application\/ld+json\" class=\"yoast-schema-graph\">{\"@context\":\"https:\/\/schema.org\",\"@graph\":[{\"@type\":\"WebPage\",\"@id\":\"https:\/\/zebate24.pl\/produkt\/4207547-dana-spicer-pierscien\/\",\"url\":\"https:\/\/zebate24.pl\/produkt\/4207547-dana-spicer-pierscien\/\",\"name\":\"4207547 Dana Spicer Pier\u015bcie\u0144 - Z\u0119bate 24\",\"isPartOf\":{\"@id\":\"https:\/\/zebate24.pl\/#website\"},\"primaryImageOfPage\":{\"@id\":\"https:\/\/zebate24.pl\/produkt\/4207547-dana-spicer-pierscien\/#primaryimage\"},\"image\":{\"@id\":\"https:\/\/zebate24.pl\/produkt\/4207547-dana-spicer-pierscien\/#primaryimage\"},\"thumbnailUrl\":\"https:\/\/zebate24.pl\/wp-content\/uploads\/2021\/06\/40046068str.jpg\",\"datePublished\":\"2021-06-15T09:06:18+00:00\",\"dateModified\":\"2025-05-30T09:04:56+00:00\",\"breadcrumb\":{\"@id\":\"https:\/\/zebate24.pl\/produkt\/4207547-dana-spicer-pierscien\/#breadcrumb\"},\"inLanguage\":\"pl-PL\",\"potentialAction\":[{\"@type\":\"ReadAction\",\"target\":[\"https:\/\/zebate24.pl\/produkt\/4207547-dana-spicer-pierscien\/\"]}]},{\"@type\":\"ImageObject\",\"inLanguage\":\"pl-PL\",\"@id\":\"https:\/\/zebate24.pl\/produkt\/4207547-dana-spicer-pierscien\/#primaryimage\",\"url\":\"https:\/\/zebate24.pl\/wp-content\/uploads\/2021\/06\/40046068str.jpg\",\"contentUrl\":\"https:\/\/zebate24.pl\/wp-content\/uploads\/2021\/06\/40046068str.jpg\",\"width\":300,\"height\":300},{\"@type\":\"BreadcrumbList\",\"@id\":\"https:\/\/zebate24.pl\/produkt\/4207547-dana-spicer-pierscien\/#breadcrumb\",\"itemListElement\":[{\"@type\":\"ListItem\",\"position\":1,\"name\":\"Strona g\u0142\u00f3wna\",\"item\":\"https:\/\/zebate24.pl\/\"},{\"@type\":\"ListItem\",\"position\":2,\"name\":\"Cz\u0119\u015bci\",\"item\":\"https:\/\/zebate24.pl\/czesci\/\"},{\"@type\":\"ListItem\",\"position\":3,\"name\":\"4207547 Dana Spicer Pier\u015bcie\u0144\"}]},{\"@type\":\"WebSite\",\"@id\":\"https:\/\/zebate24.pl\/#website\",\"url\":\"https:\/\/zebate24.pl\/\",\"name\":\"Z\u0119bate 24\",\"description\":\"Szeroka oferta cz\u0119\u015bci nap\u0119dowych! Ko\u0142a z\u0119bate, przek\u0142adnie k\u0105towe z\u0119bate, most carraro, dana, kessler, spicer, zf, ko\u0142a talerzowe, mosty nap\u0119dowe\",\"potentialAction\":[{\"@type\":\"SearchAction\",\"target\":{\"@type\":\"EntryPoint\",\"urlTemplate\":\"https:\/\/zebate24.pl\/?s={search_term_string}\"},\"query-input\":{\"@type\":\"PropertyValueSpecification\",\"valueRequired\":true,\"valueName\":\"search_term_string\"}}],\"inLanguage\":\"pl-PL\"}]}<\/script>\n<!-- \/ Yoast SEO plugin. -->","yoast_head_json":{"title":"4207547 Dana Spicer Pier\u015bcie\u0144 - Z\u0119bate 24","robots":{"index":"index","follow":"follow","max-snippet":"max-snippet:-1","max-image-preview":"max-image-preview:large","max-video-preview":"max-video-preview:-1"},"canonical":"https:\/\/zebate24.pl\/produkt\/4207547-dana-spicer-pierscien\/","og_locale":"pl_PL","og_type":"article","og_title":"4207547 Dana Spicer Pier\u015bcie\u0144 - Z\u0119bate 24","og_description":"Kod producenta: 4207547","og_url":"https:\/\/zebate24.pl\/produkt\/4207547-dana-spicer-pierscien\/","og_site_name":"Z\u0119bate 24","article_modified_time":"2025-05-30T09:04:56+00:00","og_image":[{"width":300,"height":300,"url":"https:\/\/zebate24.pl\/wp-content\/uploads\/2021\/06\/40046068str.jpg","type":"image\/jpeg"}],"twitter_card":"summary_large_image","twitter_misc":{"Szacowany czas czytania":"1 minuta"},"schema":{"@context":"https:\/\/schema.org","@graph":[{"@type":"WebPage","@id":"https:\/\/zebate24.pl\/produkt\/4207547-dana-spicer-pierscien\/","url":"https:\/\/zebate24.pl\/produkt\/4207547-dana-spicer-pierscien\/","name":"4207547 Dana Spicer Pier\u015bcie\u0144 - Z\u0119bate 24","isPartOf":{"@id":"https:\/\/zebate24.pl\/#website"},"primaryImageOfPage":{"@id":"https:\/\/zebate24.pl\/produkt\/4207547-dana-spicer-pierscien\/#primaryimage"},"image":{"@id":"https:\/\/zebate24.pl\/produkt\/4207547-dana-spicer-pierscien\/#primaryimage"},"thumbnailUrl":"https:\/\/zebate24.pl\/wp-content\/uploads\/2021\/06\/40046068str.jpg","datePublished":"2021-06-15T09:06:18+00:00","dateModified":"2025-05-30T09:04:56+00:00","breadcrumb":{"@id":"https:\/\/zebate24.pl\/produkt\/4207547-dana-spicer-pierscien\/#breadcrumb"},"inLanguage":"pl-PL","potentialAction":[{"@type":"ReadAction","target":["https:\/\/zebate24.pl\/produkt\/4207547-dana-spicer-pierscien\/"]}]},{"@type":"ImageObject","inLanguage":"pl-PL","@id":"https:\/\/zebate24.pl\/produkt\/4207547-dana-spicer-pierscien\/#primaryimage","url":"https:\/\/zebate24.pl\/wp-content\/uploads\/2021\/06\/40046068str.jpg","contentUrl":"https:\/\/zebate24.pl\/wp-content\/uploads\/2021\/06\/40046068str.jpg","width":300,"height":300},{"@type":"BreadcrumbList","@id":"https:\/\/zebate24.pl\/produkt\/4207547-dana-spicer-pierscien\/#breadcrumb","itemListElement":[{"@type":"ListItem","position":1,"name":"Strona g\u0142\u00f3wna","item":"https:\/\/zebate24.pl\/"},{"@type":"ListItem","position":2,"name":"Cz\u0119\u015bci","item":"https:\/\/zebate24.pl\/czesci\/"},{"@type":"ListItem","position":3,"name":"4207547 Dana Spicer Pier\u015bcie\u0144"}]},{"@type":"WebSite","@id":"https:\/\/zebate24.pl\/#website","url":"https:\/\/zebate24.pl\/","name":"Z\u0119bate 24","description":"Szeroka oferta cz\u0119\u015bci nap\u0119dowych! Ko\u0142a z\u0119bate, przek\u0142adnie k\u0105towe z\u0119bate, most carraro, dana, kessler, spicer, zf, ko\u0142a talerzowe, mosty nap\u0119dowe","potentialAction":[{"@type":"SearchAction","target":{"@type":"EntryPoint","urlTemplate":"https:\/\/zebate24.pl\/?s={search_term_string}"},"query-input":{"@type":"PropertyValueSpecification","valueRequired":true,"valueName":"search_term_string"}}],"inLanguage":"pl-PL"}]}},"gutenberg_blocks":[{"blockName":"custom-styles","attrs":{"styles":""}}],"meta_data":{"short_description":""},"acf":[],"_links":{"self":[{"href":"https:\/\/zebate24.pl\/index.php\/wp-json\/wp\/v2\/product\/29558","targetHints":{"allow":["GET"]}}],"collection":[{"href":"https:\/\/zebate24.pl\/index.php\/wp-json\/wp\/v2\/product"}],"about":[{"href":"https:\/\/zebate24.pl\/index.php\/wp-json\/wp\/v2\/types\/product"}],"replies":[{"embeddable":true,"href":"https:\/\/zebate24.pl\/index.php\/wp-json\/wp\/v2\/comments?post=29558"}],"wp:featuredmedia":[{"embeddable":true,"href":"https:\/\/zebate24.pl\/index.php\/wp-json\/wp\/v2\/media\/35429"}],"wp:attachment":[{"href":"https:\/\/zebate24.pl\/index.php\/wp-json\/wp\/v2\/media?parent=29558"}],"wp:term":[{"taxonomy":"ze_product_categories","embeddable":true,"href":"https:\/\/zebate24.pl\/index.php\/wp-json\/wp\/v2\/ze_product_categories?post=29558"},{"taxonomy":"product_cat","embeddable":true,"href":"https:\/\/zebate24.pl\/index.php\/wp-json\/wp\/v2\/product_cat?post=29558"},{"taxonomy":"product_tag","embeddable":true,"href":"https:\/\/zebate24.pl\/index.php\/wp-json\/wp\/v2\/product_tag?post=29558"}],"curies":[{"name":"wp","href":"https:\/\/api.w.org\/{rel}","templated":true}]}}