{"id":28979,"date":"2021-03-04T09:27:54","date_gmt":"2021-03-04T09:27:54","guid":{"rendered":"http:\/\/zebate24.pl\/?post_type=product&#038;p=28979"},"modified":"2021-03-04T09:28:43","modified_gmt":"2021-03-04T09:28:43","slug":"zgaq-02701-hyundai-kolo-koronowe","status":"publish","type":"product","link":"https:\/\/zebate24.pl\/produkt\/zgaq-02701-hyundai-kolo-koronowe\/","title":{"rendered":"ZGAQ-02701 Hyundai Ko\u0142o koronowe"},"content":{"rendered":"<p>Nowe, oryginalne Ko\u0142o koronowe (OEM) Hyundai.<\/p>\n<p>Nr-y por\u00f3wnawcze: ZGAQ-02701<\/p>\n","protected":false},"excerpt":{"rendered":"<p>Kod producenta: ZGAQ-02701<\/p>\n","protected":false},"featured_media":28972,"comment_status":"closed","ping_status":"closed","template":"","meta":{"_acf_changed":false,"inline_featured_image":false},"ze_product_categories":[],"product_cat":[57],"product_tag":[119,586,3928],"class_list":{"0":"post-28979","1":"product","2":"type-product","3":"status-publish","4":"has-post-thumbnail","6":"product_cat-czesci-hyundai","7":"product_tag-hyundai","8":"product_tag-kolo-koronowe","9":"product_tag-zgaq-02701","11":"first","12":"instock","13":"shipping-taxable","14":"purchasable","15":"product-type-simple"},"yoast_head":"<!-- This site is optimized with the Yoast SEO plugin v24.2 - https:\/\/yoast.com\/wordpress\/plugins\/seo\/ -->\n<title>ZGAQ-02701 Hyundai Ko\u0142o koronowe - Z\u0119bate 24<\/title>\n<meta name=\"robots\" content=\"index, follow, max-snippet:-1, max-image-preview:large, max-video-preview:-1\" \/>\n<link rel=\"canonical\" href=\"https:\/\/zebate24.pl\/produkt\/zgaq-02701-hyundai-kolo-koronowe\/\" \/>\n<meta property=\"og:locale\" content=\"pl_PL\" \/>\n<meta property=\"og:type\" content=\"article\" \/>\n<meta property=\"og:title\" content=\"ZGAQ-02701 Hyundai Ko\u0142o koronowe - Z\u0119bate 24\" \/>\n<meta property=\"og:description\" content=\"Kod producenta: ZGAQ-02701\" \/>\n<meta property=\"og:url\" content=\"https:\/\/zebate24.pl\/produkt\/zgaq-02701-hyundai-kolo-koronowe\/\" \/>\n<meta property=\"og:site_name\" content=\"Z\u0119bate 24\" \/>\n<meta property=\"article:modified_time\" content=\"2021-03-04T09:28:43+00:00\" \/>\n<meta property=\"og:image\" content=\"https:\/\/zebate24.pl\/wp-content\/uploads\/2021\/03\/ko\u0142o-koronowe.jpg\" \/>\n\t<meta property=\"og:image:width\" content=\"324\" \/>\n\t<meta property=\"og:image:height\" content=\"324\" \/>\n\t<meta property=\"og:image:type\" content=\"image\/jpeg\" \/>\n<meta name=\"twitter:card\" content=\"summary_large_image\" \/>\n<script type=\"application\/ld+json\" class=\"yoast-schema-graph\">{\"@context\":\"https:\/\/schema.org\",\"@graph\":[{\"@type\":\"WebPage\",\"@id\":\"https:\/\/zebate24.pl\/produkt\/zgaq-02701-hyundai-kolo-koronowe\/\",\"url\":\"https:\/\/zebate24.pl\/produkt\/zgaq-02701-hyundai-kolo-koronowe\/\",\"name\":\"ZGAQ-02701 Hyundai Ko\u0142o koronowe - Z\u0119bate 24\",\"isPartOf\":{\"@id\":\"https:\/\/zebate24.pl\/#website\"},\"primaryImageOfPage\":{\"@id\":\"https:\/\/zebate24.pl\/produkt\/zgaq-02701-hyundai-kolo-koronowe\/#primaryimage\"},\"image\":{\"@id\":\"https:\/\/zebate24.pl\/produkt\/zgaq-02701-hyundai-kolo-koronowe\/#primaryimage\"},\"thumbnailUrl\":\"https:\/\/zebate24.pl\/wp-content\/uploads\/2021\/03\/ko\u0142o-koronowe.jpg\",\"datePublished\":\"2021-03-04T09:27:54+00:00\",\"dateModified\":\"2021-03-04T09:28:43+00:00\",\"breadcrumb\":{\"@id\":\"https:\/\/zebate24.pl\/produkt\/zgaq-02701-hyundai-kolo-koronowe\/#breadcrumb\"},\"inLanguage\":\"pl-PL\",\"potentialAction\":[{\"@type\":\"ReadAction\",\"target\":[\"https:\/\/zebate24.pl\/produkt\/zgaq-02701-hyundai-kolo-koronowe\/\"]}]},{\"@type\":\"ImageObject\",\"inLanguage\":\"pl-PL\",\"@id\":\"https:\/\/zebate24.pl\/produkt\/zgaq-02701-hyundai-kolo-koronowe\/#primaryimage\",\"url\":\"https:\/\/zebate24.pl\/wp-content\/uploads\/2021\/03\/ko\u0142o-koronowe.jpg\",\"contentUrl\":\"https:\/\/zebate24.pl\/wp-content\/uploads\/2021\/03\/ko\u0142o-koronowe.jpg\",\"width\":324,\"height\":324},{\"@type\":\"BreadcrumbList\",\"@id\":\"https:\/\/zebate24.pl\/produkt\/zgaq-02701-hyundai-kolo-koronowe\/#breadcrumb\",\"itemListElement\":[{\"@type\":\"ListItem\",\"position\":1,\"name\":\"Strona g\u0142\u00f3wna\",\"item\":\"https:\/\/zebate24.pl\/\"},{\"@type\":\"ListItem\",\"position\":2,\"name\":\"Cz\u0119\u015bci\",\"item\":\"https:\/\/zebate24.pl\/czesci\/\"},{\"@type\":\"ListItem\",\"position\":3,\"name\":\"ZGAQ-02701 Hyundai Ko\u0142o koronowe\"}]},{\"@type\":\"WebSite\",\"@id\":\"https:\/\/zebate24.pl\/#website\",\"url\":\"https:\/\/zebate24.pl\/\",\"name\":\"Z\u0119bate 24\",\"description\":\"Szeroka oferta cz\u0119\u015bci nap\u0119dowych! Ko\u0142a z\u0119bate, przek\u0142adnie k\u0105towe z\u0119bate, most carraro, dana, kessler, spicer, zf, ko\u0142a talerzowe, mosty nap\u0119dowe\",\"potentialAction\":[{\"@type\":\"SearchAction\",\"target\":{\"@type\":\"EntryPoint\",\"urlTemplate\":\"https:\/\/zebate24.pl\/?s={search_term_string}\"},\"query-input\":{\"@type\":\"PropertyValueSpecification\",\"valueRequired\":true,\"valueName\":\"search_term_string\"}}],\"inLanguage\":\"pl-PL\"}]}<\/script>\n<!-- \/ Yoast SEO plugin. -->","yoast_head_json":{"title":"ZGAQ-02701 Hyundai Ko\u0142o koronowe - Z\u0119bate 24","robots":{"index":"index","follow":"follow","max-snippet":"max-snippet:-1","max-image-preview":"max-image-preview:large","max-video-preview":"max-video-preview:-1"},"canonical":"https:\/\/zebate24.pl\/produkt\/zgaq-02701-hyundai-kolo-koronowe\/","og_locale":"pl_PL","og_type":"article","og_title":"ZGAQ-02701 Hyundai Ko\u0142o koronowe - Z\u0119bate 24","og_description":"Kod producenta: ZGAQ-02701","og_url":"https:\/\/zebate24.pl\/produkt\/zgaq-02701-hyundai-kolo-koronowe\/","og_site_name":"Z\u0119bate 24","article_modified_time":"2021-03-04T09:28:43+00:00","og_image":[{"width":324,"height":324,"url":"https:\/\/zebate24.pl\/wp-content\/uploads\/2021\/03\/ko\u0142o-koronowe.jpg","type":"image\/jpeg"}],"twitter_card":"summary_large_image","schema":{"@context":"https:\/\/schema.org","@graph":[{"@type":"WebPage","@id":"https:\/\/zebate24.pl\/produkt\/zgaq-02701-hyundai-kolo-koronowe\/","url":"https:\/\/zebate24.pl\/produkt\/zgaq-02701-hyundai-kolo-koronowe\/","name":"ZGAQ-02701 Hyundai Ko\u0142o koronowe - Z\u0119bate 24","isPartOf":{"@id":"https:\/\/zebate24.pl\/#website"},"primaryImageOfPage":{"@id":"https:\/\/zebate24.pl\/produkt\/zgaq-02701-hyundai-kolo-koronowe\/#primaryimage"},"image":{"@id":"https:\/\/zebate24.pl\/produkt\/zgaq-02701-hyundai-kolo-koronowe\/#primaryimage"},"thumbnailUrl":"https:\/\/zebate24.pl\/wp-content\/uploads\/2021\/03\/ko\u0142o-koronowe.jpg","datePublished":"2021-03-04T09:27:54+00:00","dateModified":"2021-03-04T09:28:43+00:00","breadcrumb":{"@id":"https:\/\/zebate24.pl\/produkt\/zgaq-02701-hyundai-kolo-koronowe\/#breadcrumb"},"inLanguage":"pl-PL","potentialAction":[{"@type":"ReadAction","target":["https:\/\/zebate24.pl\/produkt\/zgaq-02701-hyundai-kolo-koronowe\/"]}]},{"@type":"ImageObject","inLanguage":"pl-PL","@id":"https:\/\/zebate24.pl\/produkt\/zgaq-02701-hyundai-kolo-koronowe\/#primaryimage","url":"https:\/\/zebate24.pl\/wp-content\/uploads\/2021\/03\/ko\u0142o-koronowe.jpg","contentUrl":"https:\/\/zebate24.pl\/wp-content\/uploads\/2021\/03\/ko\u0142o-koronowe.jpg","width":324,"height":324},{"@type":"BreadcrumbList","@id":"https:\/\/zebate24.pl\/produkt\/zgaq-02701-hyundai-kolo-koronowe\/#breadcrumb","itemListElement":[{"@type":"ListItem","position":1,"name":"Strona g\u0142\u00f3wna","item":"https:\/\/zebate24.pl\/"},{"@type":"ListItem","position":2,"name":"Cz\u0119\u015bci","item":"https:\/\/zebate24.pl\/czesci\/"},{"@type":"ListItem","position":3,"name":"ZGAQ-02701 Hyundai Ko\u0142o koronowe"}]},{"@type":"WebSite","@id":"https:\/\/zebate24.pl\/#website","url":"https:\/\/zebate24.pl\/","name":"Z\u0119bate 24","description":"Szeroka oferta cz\u0119\u015bci nap\u0119dowych! Ko\u0142a z\u0119bate, przek\u0142adnie k\u0105towe z\u0119bate, most carraro, dana, kessler, spicer, zf, ko\u0142a talerzowe, mosty nap\u0119dowe","potentialAction":[{"@type":"SearchAction","target":{"@type":"EntryPoint","urlTemplate":"https:\/\/zebate24.pl\/?s={search_term_string}"},"query-input":{"@type":"PropertyValueSpecification","valueRequired":true,"valueName":"search_term_string"}}],"inLanguage":"pl-PL"}]}},"gutenberg_blocks":[{"blockName":"custom-styles","attrs":{"styles":""}}],"meta_data":false,"acf":[],"_links":{"self":[{"href":"https:\/\/zebate24.pl\/index.php\/wp-json\/wp\/v2\/product\/28979","targetHints":{"allow":["GET"]}}],"collection":[{"href":"https:\/\/zebate24.pl\/index.php\/wp-json\/wp\/v2\/product"}],"about":[{"href":"https:\/\/zebate24.pl\/index.php\/wp-json\/wp\/v2\/types\/product"}],"replies":[{"embeddable":true,"href":"https:\/\/zebate24.pl\/index.php\/wp-json\/wp\/v2\/comments?post=28979"}],"wp:featuredmedia":[{"embeddable":true,"href":"https:\/\/zebate24.pl\/index.php\/wp-json\/wp\/v2\/media\/28972"}],"wp:attachment":[{"href":"https:\/\/zebate24.pl\/index.php\/wp-json\/wp\/v2\/media?parent=28979"}],"wp:term":[{"taxonomy":"ze_product_categories","embeddable":true,"href":"https:\/\/zebate24.pl\/index.php\/wp-json\/wp\/v2\/ze_product_categories?post=28979"},{"taxonomy":"product_cat","embeddable":true,"href":"https:\/\/zebate24.pl\/index.php\/wp-json\/wp\/v2\/product_cat?post=28979"},{"taxonomy":"product_tag","embeddable":true,"href":"https:\/\/zebate24.pl\/index.php\/wp-json\/wp\/v2\/product_tag?post=28979"}],"curies":[{"name":"wp","href":"https:\/\/api.w.org\/{rel}","templated":true}]}}