{"id":27447,"date":"2020-09-07T09:06:05","date_gmt":"2020-09-07T09:06:05","guid":{"rendered":"http:\/\/zebate24.pl\/?post_type=product&#038;p=27447"},"modified":"2020-09-07T09:07:01","modified_gmt":"2020-09-07T09:07:01","slug":"705837-manitou-zwolnica","status":"publish","type":"product","link":"https:\/\/zebate24.pl\/produkt\/705837-manitou-zwolnica\/","title":{"rendered":"705837 Manitou Zwolnica"},"content":{"rendered":"<p>Nowa oryginalna (OEM) zwolnica. Maniotu.<br \/>\n<strong>Nr-y por\u00f3wnawcze: <span style=\"font-family: Calibri;\"> 705837<\/span><\/strong><br \/>\n<strong>Pasuje do:<\/strong> Manitou MLT 629, 633, 634, 730, 732, 733, 735, 740, 741, 742, 845, 935, 940, 1035, 1040,<br \/>\nMT 732, 835, 845, 932, 940, 1030, 1044, 1058, 1135, 1233, 1240, 1330, 1332, 1335, 1337, 1340, 1435, 1440, 1637, 1740, 1840, MVT 1232, 1332, 1340, MRT 1542, 1650, 1850, 2145, MLB 625, ML 635<\/p>\n<p><strong>Zestaw zawiera:<\/strong> obudow\u0119 przek\u0142adni planetarnej, wieniec z\u0119baty z supportem, satelity, \u0142o\u017cyska satelit oraz zabezpieczenia.<\/p>\n<p>&nbsp;<\/p>\n<h1><span style=\"font-size: 16px;\">\u00a0<\/span><\/h1>\n","protected":false},"excerpt":{"rendered":"<p>producent: Orygina\u0142 OEM<br \/>\nkod producenta:<span style=\"font-family: Calibri;\"> <span style=\"font-family: Calibri;\"> 705837<\/span><\/span><\/p>\n","protected":false},"featured_media":4316,"comment_status":"closed","ping_status":"closed","template":"","meta":{"_acf_changed":false,"inline_featured_image":false},"ze_product_categories":[12419],"product_cat":[34],"product_tag":[2836,325,95],"class_list":{"0":"post-27447","1":"product","2":"type-product","3":"status-publish","4":"has-post-thumbnail","6":"ze_product_categories-przekladnie","7":"product_cat-czesci-manitou","8":"product_tag-2836","9":"product_tag-manitou","10":"product_tag-zwolnica","12":"first","13":"instock","14":"shipping-taxable","15":"purchasable","16":"product-type-simple"},"yoast_head":"<!-- This site is optimized with the Yoast SEO plugin v24.2 - https:\/\/yoast.com\/wordpress\/plugins\/seo\/ -->\n<title>705837 Manitou Zwolnica - Z\u0119bate 24<\/title>\n<meta name=\"robots\" content=\"index, follow, max-snippet:-1, max-image-preview:large, max-video-preview:-1\" \/>\n<link rel=\"canonical\" href=\"https:\/\/zebate24.pl\/produkt\/705837-manitou-zwolnica\/\" \/>\n<meta property=\"og:locale\" content=\"pl_PL\" \/>\n<meta property=\"og:type\" content=\"article\" \/>\n<meta property=\"og:title\" content=\"705837 Manitou Zwolnica - Z\u0119bate 24\" \/>\n<meta property=\"og:description\" content=\"producent: Orygina\u0142 OEM kod producenta: 705837\" \/>\n<meta property=\"og:url\" content=\"https:\/\/zebate24.pl\/produkt\/705837-manitou-zwolnica\/\" \/>\n<meta property=\"og:site_name\" content=\"Z\u0119bate 24\" \/>\n<meta property=\"article:modified_time\" content=\"2020-09-07T09:07:01+00:00\" \/>\n<meta property=\"og:image\" content=\"https:\/\/zebate24.pl\/wp-content\/uploads\/2018\/07\/Zwolnica.jpg\" \/>\n\t<meta property=\"og:image:width\" content=\"300\" \/>\n\t<meta property=\"og:image:height\" content=\"300\" \/>\n\t<meta property=\"og:image:type\" content=\"image\/jpeg\" \/>\n<meta name=\"twitter:card\" content=\"summary_large_image\" \/>\n<script type=\"application\/ld+json\" class=\"yoast-schema-graph\">{\"@context\":\"https:\/\/schema.org\",\"@graph\":[{\"@type\":\"WebPage\",\"@id\":\"https:\/\/zebate24.pl\/produkt\/705837-manitou-zwolnica\/\",\"url\":\"https:\/\/zebate24.pl\/produkt\/705837-manitou-zwolnica\/\",\"name\":\"705837 Manitou Zwolnica - Z\u0119bate 24\",\"isPartOf\":{\"@id\":\"https:\/\/zebate24.pl\/#website\"},\"primaryImageOfPage\":{\"@id\":\"https:\/\/zebate24.pl\/produkt\/705837-manitou-zwolnica\/#primaryimage\"},\"image\":{\"@id\":\"https:\/\/zebate24.pl\/produkt\/705837-manitou-zwolnica\/#primaryimage\"},\"thumbnailUrl\":\"https:\/\/zebate24.pl\/wp-content\/uploads\/2018\/07\/Zwolnica.jpg\",\"datePublished\":\"2020-09-07T09:06:05+00:00\",\"dateModified\":\"2020-09-07T09:07:01+00:00\",\"breadcrumb\":{\"@id\":\"https:\/\/zebate24.pl\/produkt\/705837-manitou-zwolnica\/#breadcrumb\"},\"inLanguage\":\"pl-PL\",\"potentialAction\":[{\"@type\":\"ReadAction\",\"target\":[\"https:\/\/zebate24.pl\/produkt\/705837-manitou-zwolnica\/\"]}]},{\"@type\":\"ImageObject\",\"inLanguage\":\"pl-PL\",\"@id\":\"https:\/\/zebate24.pl\/produkt\/705837-manitou-zwolnica\/#primaryimage\",\"url\":\"https:\/\/zebate24.pl\/wp-content\/uploads\/2018\/07\/Zwolnica.jpg\",\"contentUrl\":\"https:\/\/zebate24.pl\/wp-content\/uploads\/2018\/07\/Zwolnica.jpg\",\"width\":300,\"height\":300},{\"@type\":\"BreadcrumbList\",\"@id\":\"https:\/\/zebate24.pl\/produkt\/705837-manitou-zwolnica\/#breadcrumb\",\"itemListElement\":[{\"@type\":\"ListItem\",\"position\":1,\"name\":\"Strona g\u0142\u00f3wna\",\"item\":\"https:\/\/zebate24.pl\/\"},{\"@type\":\"ListItem\",\"position\":2,\"name\":\"Cz\u0119\u015bci\",\"item\":\"https:\/\/zebate24.pl\/czesci\/\"},{\"@type\":\"ListItem\",\"position\":3,\"name\":\"705837 Manitou Zwolnica\"}]},{\"@type\":\"WebSite\",\"@id\":\"https:\/\/zebate24.pl\/#website\",\"url\":\"https:\/\/zebate24.pl\/\",\"name\":\"Z\u0119bate 24\",\"description\":\"Szeroka oferta cz\u0119\u015bci nap\u0119dowych! Ko\u0142a z\u0119bate, przek\u0142adnie k\u0105towe z\u0119bate, most carraro, dana, kessler, spicer, zf, ko\u0142a talerzowe, mosty nap\u0119dowe\",\"potentialAction\":[{\"@type\":\"SearchAction\",\"target\":{\"@type\":\"EntryPoint\",\"urlTemplate\":\"https:\/\/zebate24.pl\/?s={search_term_string}\"},\"query-input\":{\"@type\":\"PropertyValueSpecification\",\"valueRequired\":true,\"valueName\":\"search_term_string\"}}],\"inLanguage\":\"pl-PL\"}]}<\/script>\n<!-- \/ Yoast SEO plugin. -->","yoast_head_json":{"title":"705837 Manitou Zwolnica - Z\u0119bate 24","robots":{"index":"index","follow":"follow","max-snippet":"max-snippet:-1","max-image-preview":"max-image-preview:large","max-video-preview":"max-video-preview:-1"},"canonical":"https:\/\/zebate24.pl\/produkt\/705837-manitou-zwolnica\/","og_locale":"pl_PL","og_type":"article","og_title":"705837 Manitou Zwolnica - Z\u0119bate 24","og_description":"producent: Orygina\u0142 OEM kod producenta: 705837","og_url":"https:\/\/zebate24.pl\/produkt\/705837-manitou-zwolnica\/","og_site_name":"Z\u0119bate 24","article_modified_time":"2020-09-07T09:07:01+00:00","og_image":[{"width":300,"height":300,"url":"https:\/\/zebate24.pl\/wp-content\/uploads\/2018\/07\/Zwolnica.jpg","type":"image\/jpeg"}],"twitter_card":"summary_large_image","schema":{"@context":"https:\/\/schema.org","@graph":[{"@type":"WebPage","@id":"https:\/\/zebate24.pl\/produkt\/705837-manitou-zwolnica\/","url":"https:\/\/zebate24.pl\/produkt\/705837-manitou-zwolnica\/","name":"705837 Manitou Zwolnica - Z\u0119bate 24","isPartOf":{"@id":"https:\/\/zebate24.pl\/#website"},"primaryImageOfPage":{"@id":"https:\/\/zebate24.pl\/produkt\/705837-manitou-zwolnica\/#primaryimage"},"image":{"@id":"https:\/\/zebate24.pl\/produkt\/705837-manitou-zwolnica\/#primaryimage"},"thumbnailUrl":"https:\/\/zebate24.pl\/wp-content\/uploads\/2018\/07\/Zwolnica.jpg","datePublished":"2020-09-07T09:06:05+00:00","dateModified":"2020-09-07T09:07:01+00:00","breadcrumb":{"@id":"https:\/\/zebate24.pl\/produkt\/705837-manitou-zwolnica\/#breadcrumb"},"inLanguage":"pl-PL","potentialAction":[{"@type":"ReadAction","target":["https:\/\/zebate24.pl\/produkt\/705837-manitou-zwolnica\/"]}]},{"@type":"ImageObject","inLanguage":"pl-PL","@id":"https:\/\/zebate24.pl\/produkt\/705837-manitou-zwolnica\/#primaryimage","url":"https:\/\/zebate24.pl\/wp-content\/uploads\/2018\/07\/Zwolnica.jpg","contentUrl":"https:\/\/zebate24.pl\/wp-content\/uploads\/2018\/07\/Zwolnica.jpg","width":300,"height":300},{"@type":"BreadcrumbList","@id":"https:\/\/zebate24.pl\/produkt\/705837-manitou-zwolnica\/#breadcrumb","itemListElement":[{"@type":"ListItem","position":1,"name":"Strona g\u0142\u00f3wna","item":"https:\/\/zebate24.pl\/"},{"@type":"ListItem","position":2,"name":"Cz\u0119\u015bci","item":"https:\/\/zebate24.pl\/czesci\/"},{"@type":"ListItem","position":3,"name":"705837 Manitou Zwolnica"}]},{"@type":"WebSite","@id":"https:\/\/zebate24.pl\/#website","url":"https:\/\/zebate24.pl\/","name":"Z\u0119bate 24","description":"Szeroka oferta cz\u0119\u015bci nap\u0119dowych! Ko\u0142a z\u0119bate, przek\u0142adnie k\u0105towe z\u0119bate, most carraro, dana, kessler, spicer, zf, ko\u0142a talerzowe, mosty nap\u0119dowe","potentialAction":[{"@type":"SearchAction","target":{"@type":"EntryPoint","urlTemplate":"https:\/\/zebate24.pl\/?s={search_term_string}"},"query-input":{"@type":"PropertyValueSpecification","valueRequired":true,"valueName":"search_term_string"}}],"inLanguage":"pl-PL"}]}},"gutenberg_blocks":[{"blockName":"custom-styles","attrs":{"styles":""}}],"meta_data":false,"acf":[],"_links":{"self":[{"href":"https:\/\/zebate24.pl\/index.php\/wp-json\/wp\/v2\/product\/27447","targetHints":{"allow":["GET"]}}],"collection":[{"href":"https:\/\/zebate24.pl\/index.php\/wp-json\/wp\/v2\/product"}],"about":[{"href":"https:\/\/zebate24.pl\/index.php\/wp-json\/wp\/v2\/types\/product"}],"replies":[{"embeddable":true,"href":"https:\/\/zebate24.pl\/index.php\/wp-json\/wp\/v2\/comments?post=27447"}],"wp:featuredmedia":[{"embeddable":true,"href":"https:\/\/zebate24.pl\/index.php\/wp-json\/wp\/v2\/media\/4316"}],"wp:attachment":[{"href":"https:\/\/zebate24.pl\/index.php\/wp-json\/wp\/v2\/media?parent=27447"}],"wp:term":[{"taxonomy":"ze_product_categories","embeddable":true,"href":"https:\/\/zebate24.pl\/index.php\/wp-json\/wp\/v2\/ze_product_categories?post=27447"},{"taxonomy":"product_cat","embeddable":true,"href":"https:\/\/zebate24.pl\/index.php\/wp-json\/wp\/v2\/product_cat?post=27447"},{"taxonomy":"product_tag","embeddable":true,"href":"https:\/\/zebate24.pl\/index.php\/wp-json\/wp\/v2\/product_tag?post=27447"}],"curies":[{"name":"wp","href":"https:\/\/api.w.org\/{rel}","templated":true}]}}