{"id":269,"date":"2018-07-18T17:40:46","date_gmt":"2018-07-18T17:40:46","guid":{"rendered":"http:\/\/zebate24.pl\/?post_type=product&#038;p=269"},"modified":"2020-11-23T10:48:55","modified_gmt":"2020-11-23T10:48:55","slug":"0-010-0970-3-50-same-deutz-fahr-walek-atakujacy-kolo-talerzowe-10x35","status":"publish","type":"product","link":"https:\/\/zebate24.pl\/produkt\/0-010-0970-3-50-same-deutz-fahr-walek-atakujacy-kolo-talerzowe-10x35\/","title":{"rendered":"0.010.0970.3\/50 SAME DEUTZ FAHR WA\u0141EK ATAKUJ\u0104CY KO\u0141O TALERZOWE 10X35"},"content":{"rendered":"<p>Nowy wa\u0142ek atakuj\u0105cy z ko\u0142em talerzowym.<br \/>\nBevel Gear Set<br \/>\n<strong>N-ry por\u00f3wnawcze:<\/strong>\u00a0<span class=\"st\">0.010.0970.3\/50\u00a0 0.010.0970.3\/40 0.010.0970.3\/30\u00a0 0.010.0970.3\/20\u00a0 0.010.0970.3\/10\u00a0 0.010.0970.3<\/span><\/p>\n<p>&nbsp;<\/p>\n<p><span class=\"st\"><strong>Pasuje do:<\/strong><br \/>\nDeutz Fahr<br \/>\nAgrofarm 100, Agrofarm 100 Ecoline,<br \/>\nAgrofarm 420, Agrofarm 420 Profiline, Agrofarm 430, Agrofarm 430G,<br \/>\nAgrofarm 420T,<br \/>\nAgroplus 100, Agroplus 75, Agroplus 85, Agroplus 95, Agroplus 95 New,<br \/>\nAgrotrac 100, Agrotrac 110,<br \/>\nHurlimann<br \/>\nXB105, XB85, XB95,<br \/>\nXB Max 100, XB Max 110,<br \/>\nXB100T,<br \/>\nXT105, XT110, XT85, XT95,<br \/>\nXT100, XT110,<br \/>\nLamborghini<br \/>\nR3.105, R3.75, R3.85, R3.95,<br \/>\nR3 Evo 100, R3 Evo 100 Target,<br \/>\nR3 Evo 100, R3 Evo 110,<br \/>\nR3.100T,<br \/>\nR4.105, R4.110, R4.85, R4.95,<br \/>\nR4.100, R4.110,<br \/>\nR5.100, R5.110,<br \/>\nSame<br \/>\nExplorer 75, Explorer 85, Explorer 95,<br \/>\nExplorer3 100T,<br \/>\nExplorer3 100, Explorer3 105, Explorer3 110,<br \/>\nLaser 100, Laser 110,<br \/>\nSilver 105, Silver 110, Silver 85, Silver 95,<br \/>\nSilver3 100, Silver3 110,\u00a0<\/span><\/p>\n","protected":false},"excerpt":{"rendered":"<p><strong>producent:\u00a0<\/strong>Wysoka Jako\u015b\u0107<br \/>\n<strong>kod producenta:\u00a0<\/strong>0.010.0970.3\/50 00100970350 0.010.0970.3\/20<\/p>\n","protected":false},"featured_media":8294,"comment_status":"closed","ping_status":"closed","template":"","meta":{"_acf_changed":false,"inline_featured_image":false},"ze_product_categories":[],"product_cat":[22],"product_tag":[],"class_list":{"0":"post-269","1":"product","2":"type-product","3":"status-publish","4":"has-post-thumbnail","6":"product_cat-czesci-same-deutz-fahr","8":"first","9":"instock","10":"shipping-taxable","11":"purchasable","12":"product-type-simple"},"yoast_head":"<!-- This site is optimized with the Yoast SEO plugin v24.2 - https:\/\/yoast.com\/wordpress\/plugins\/seo\/ -->\n<title>0.010.0970.3\/50 SAME DEUTZ FAHR WA\u0141EK ATAKUJ\u0104CY KO\u0141O TALERZOWE 10X35 - Z\u0119bate 24<\/title>\n<meta name=\"robots\" content=\"index, follow, max-snippet:-1, max-image-preview:large, max-video-preview:-1\" \/>\n<link rel=\"canonical\" href=\"https:\/\/zebate24.pl\/produkt\/0-010-0970-3-50-same-deutz-fahr-walek-atakujacy-kolo-talerzowe-10x35\/\" \/>\n<meta property=\"og:locale\" content=\"pl_PL\" \/>\n<meta property=\"og:type\" content=\"article\" \/>\n<meta property=\"og:title\" content=\"0.010.0970.3\/50 SAME DEUTZ FAHR WA\u0141EK ATAKUJ\u0104CY KO\u0141O TALERZOWE 10X35 - Z\u0119bate 24\" \/>\n<meta property=\"og:description\" content=\"producent:\u00a0Wysoka Jako\u015b\u0107 kod producenta:\u00a00.010.0970.3\/50 00100970350 0.010.0970.3\/20\" \/>\n<meta property=\"og:url\" content=\"https:\/\/zebate24.pl\/produkt\/0-010-0970-3-50-same-deutz-fahr-walek-atakujacy-kolo-talerzowe-10x35\/\" \/>\n<meta property=\"og:site_name\" content=\"Z\u0119bate 24\" \/>\n<meta property=\"article:modified_time\" content=\"2020-11-23T10:48:55+00:00\" \/>\n<meta property=\"og:image\" content=\"https:\/\/zebate24.pl\/wp-content\/uploads\/2018\/07\/Projekt-bez-tytu\u0142u-4.jpg\" \/>\n\t<meta property=\"og:image:width\" content=\"300\" \/>\n\t<meta property=\"og:image:height\" content=\"300\" \/>\n\t<meta property=\"og:image:type\" content=\"image\/jpeg\" \/>\n<meta name=\"twitter:card\" content=\"summary_large_image\" \/>\n<script type=\"application\/ld+json\" class=\"yoast-schema-graph\">{\"@context\":\"https:\/\/schema.org\",\"@graph\":[{\"@type\":\"WebPage\",\"@id\":\"https:\/\/zebate24.pl\/produkt\/0-010-0970-3-50-same-deutz-fahr-walek-atakujacy-kolo-talerzowe-10x35\/\",\"url\":\"https:\/\/zebate24.pl\/produkt\/0-010-0970-3-50-same-deutz-fahr-walek-atakujacy-kolo-talerzowe-10x35\/\",\"name\":\"0.010.0970.3\/50 SAME DEUTZ FAHR WA\u0141EK ATAKUJ\u0104CY KO\u0141O TALERZOWE 10X35 - Z\u0119bate 24\",\"isPartOf\":{\"@id\":\"https:\/\/zebate24.pl\/#website\"},\"primaryImageOfPage\":{\"@id\":\"https:\/\/zebate24.pl\/produkt\/0-010-0970-3-50-same-deutz-fahr-walek-atakujacy-kolo-talerzowe-10x35\/#primaryimage\"},\"image\":{\"@id\":\"https:\/\/zebate24.pl\/produkt\/0-010-0970-3-50-same-deutz-fahr-walek-atakujacy-kolo-talerzowe-10x35\/#primaryimage\"},\"thumbnailUrl\":\"https:\/\/zebate24.pl\/wp-content\/uploads\/2018\/07\/Projekt-bez-tytu\u0142u-4.jpg\",\"datePublished\":\"2018-07-18T17:40:46+00:00\",\"dateModified\":\"2020-11-23T10:48:55+00:00\",\"breadcrumb\":{\"@id\":\"https:\/\/zebate24.pl\/produkt\/0-010-0970-3-50-same-deutz-fahr-walek-atakujacy-kolo-talerzowe-10x35\/#breadcrumb\"},\"inLanguage\":\"pl-PL\",\"potentialAction\":[{\"@type\":\"ReadAction\",\"target\":[\"https:\/\/zebate24.pl\/produkt\/0-010-0970-3-50-same-deutz-fahr-walek-atakujacy-kolo-talerzowe-10x35\/\"]}]},{\"@type\":\"ImageObject\",\"inLanguage\":\"pl-PL\",\"@id\":\"https:\/\/zebate24.pl\/produkt\/0-010-0970-3-50-same-deutz-fahr-walek-atakujacy-kolo-talerzowe-10x35\/#primaryimage\",\"url\":\"https:\/\/zebate24.pl\/wp-content\/uploads\/2018\/07\/Projekt-bez-tytu\u0142u-4.jpg\",\"contentUrl\":\"https:\/\/zebate24.pl\/wp-content\/uploads\/2018\/07\/Projekt-bez-tytu\u0142u-4.jpg\",\"width\":300,\"height\":300},{\"@type\":\"BreadcrumbList\",\"@id\":\"https:\/\/zebate24.pl\/produkt\/0-010-0970-3-50-same-deutz-fahr-walek-atakujacy-kolo-talerzowe-10x35\/#breadcrumb\",\"itemListElement\":[{\"@type\":\"ListItem\",\"position\":1,\"name\":\"Strona g\u0142\u00f3wna\",\"item\":\"https:\/\/zebate24.pl\/\"},{\"@type\":\"ListItem\",\"position\":2,\"name\":\"Cz\u0119\u015bci\",\"item\":\"https:\/\/zebate24.pl\/czesci\/\"},{\"@type\":\"ListItem\",\"position\":3,\"name\":\"0.010.0970.3\/50 SAME DEUTZ FAHR WA\u0141EK ATAKUJ\u0104CY KO\u0141O TALERZOWE 10X35\"}]},{\"@type\":\"WebSite\",\"@id\":\"https:\/\/zebate24.pl\/#website\",\"url\":\"https:\/\/zebate24.pl\/\",\"name\":\"Z\u0119bate 24\",\"description\":\"Szeroka oferta cz\u0119\u015bci nap\u0119dowych! Ko\u0142a z\u0119bate, przek\u0142adnie k\u0105towe z\u0119bate, most carraro, dana, kessler, spicer, zf, ko\u0142a talerzowe, mosty nap\u0119dowe\",\"potentialAction\":[{\"@type\":\"SearchAction\",\"target\":{\"@type\":\"EntryPoint\",\"urlTemplate\":\"https:\/\/zebate24.pl\/?s={search_term_string}\"},\"query-input\":{\"@type\":\"PropertyValueSpecification\",\"valueRequired\":true,\"valueName\":\"search_term_string\"}}],\"inLanguage\":\"pl-PL\"}]}<\/script>\n<!-- \/ Yoast SEO plugin. -->","yoast_head_json":{"title":"0.010.0970.3\/50 SAME DEUTZ FAHR WA\u0141EK ATAKUJ\u0104CY KO\u0141O TALERZOWE 10X35 - Z\u0119bate 24","robots":{"index":"index","follow":"follow","max-snippet":"max-snippet:-1","max-image-preview":"max-image-preview:large","max-video-preview":"max-video-preview:-1"},"canonical":"https:\/\/zebate24.pl\/produkt\/0-010-0970-3-50-same-deutz-fahr-walek-atakujacy-kolo-talerzowe-10x35\/","og_locale":"pl_PL","og_type":"article","og_title":"0.010.0970.3\/50 SAME DEUTZ FAHR WA\u0141EK ATAKUJ\u0104CY KO\u0141O TALERZOWE 10X35 - Z\u0119bate 24","og_description":"producent:\u00a0Wysoka Jako\u015b\u0107 kod producenta:\u00a00.010.0970.3\/50 00100970350 0.010.0970.3\/20","og_url":"https:\/\/zebate24.pl\/produkt\/0-010-0970-3-50-same-deutz-fahr-walek-atakujacy-kolo-talerzowe-10x35\/","og_site_name":"Z\u0119bate 24","article_modified_time":"2020-11-23T10:48:55+00:00","og_image":[{"width":300,"height":300,"url":"https:\/\/zebate24.pl\/wp-content\/uploads\/2018\/07\/Projekt-bez-tytu\u0142u-4.jpg","type":"image\/jpeg"}],"twitter_card":"summary_large_image","schema":{"@context":"https:\/\/schema.org","@graph":[{"@type":"WebPage","@id":"https:\/\/zebate24.pl\/produkt\/0-010-0970-3-50-same-deutz-fahr-walek-atakujacy-kolo-talerzowe-10x35\/","url":"https:\/\/zebate24.pl\/produkt\/0-010-0970-3-50-same-deutz-fahr-walek-atakujacy-kolo-talerzowe-10x35\/","name":"0.010.0970.3\/50 SAME DEUTZ FAHR WA\u0141EK ATAKUJ\u0104CY KO\u0141O TALERZOWE 10X35 - Z\u0119bate 24","isPartOf":{"@id":"https:\/\/zebate24.pl\/#website"},"primaryImageOfPage":{"@id":"https:\/\/zebate24.pl\/produkt\/0-010-0970-3-50-same-deutz-fahr-walek-atakujacy-kolo-talerzowe-10x35\/#primaryimage"},"image":{"@id":"https:\/\/zebate24.pl\/produkt\/0-010-0970-3-50-same-deutz-fahr-walek-atakujacy-kolo-talerzowe-10x35\/#primaryimage"},"thumbnailUrl":"https:\/\/zebate24.pl\/wp-content\/uploads\/2018\/07\/Projekt-bez-tytu\u0142u-4.jpg","datePublished":"2018-07-18T17:40:46+00:00","dateModified":"2020-11-23T10:48:55+00:00","breadcrumb":{"@id":"https:\/\/zebate24.pl\/produkt\/0-010-0970-3-50-same-deutz-fahr-walek-atakujacy-kolo-talerzowe-10x35\/#breadcrumb"},"inLanguage":"pl-PL","potentialAction":[{"@type":"ReadAction","target":["https:\/\/zebate24.pl\/produkt\/0-010-0970-3-50-same-deutz-fahr-walek-atakujacy-kolo-talerzowe-10x35\/"]}]},{"@type":"ImageObject","inLanguage":"pl-PL","@id":"https:\/\/zebate24.pl\/produkt\/0-010-0970-3-50-same-deutz-fahr-walek-atakujacy-kolo-talerzowe-10x35\/#primaryimage","url":"https:\/\/zebate24.pl\/wp-content\/uploads\/2018\/07\/Projekt-bez-tytu\u0142u-4.jpg","contentUrl":"https:\/\/zebate24.pl\/wp-content\/uploads\/2018\/07\/Projekt-bez-tytu\u0142u-4.jpg","width":300,"height":300},{"@type":"BreadcrumbList","@id":"https:\/\/zebate24.pl\/produkt\/0-010-0970-3-50-same-deutz-fahr-walek-atakujacy-kolo-talerzowe-10x35\/#breadcrumb","itemListElement":[{"@type":"ListItem","position":1,"name":"Strona g\u0142\u00f3wna","item":"https:\/\/zebate24.pl\/"},{"@type":"ListItem","position":2,"name":"Cz\u0119\u015bci","item":"https:\/\/zebate24.pl\/czesci\/"},{"@type":"ListItem","position":3,"name":"0.010.0970.3\/50 SAME DEUTZ FAHR WA\u0141EK ATAKUJ\u0104CY KO\u0141O TALERZOWE 10X35"}]},{"@type":"WebSite","@id":"https:\/\/zebate24.pl\/#website","url":"https:\/\/zebate24.pl\/","name":"Z\u0119bate 24","description":"Szeroka oferta cz\u0119\u015bci nap\u0119dowych! Ko\u0142a z\u0119bate, przek\u0142adnie k\u0105towe z\u0119bate, most carraro, dana, kessler, spicer, zf, ko\u0142a talerzowe, mosty nap\u0119dowe","potentialAction":[{"@type":"SearchAction","target":{"@type":"EntryPoint","urlTemplate":"https:\/\/zebate24.pl\/?s={search_term_string}"},"query-input":{"@type":"PropertyValueSpecification","valueRequired":true,"valueName":"search_term_string"}}],"inLanguage":"pl-PL"}]}},"gutenberg_blocks":[{"blockName":"custom-styles","attrs":{"styles":""}}],"meta_data":false,"acf":[],"_links":{"self":[{"href":"https:\/\/zebate24.pl\/index.php\/wp-json\/wp\/v2\/product\/269","targetHints":{"allow":["GET"]}}],"collection":[{"href":"https:\/\/zebate24.pl\/index.php\/wp-json\/wp\/v2\/product"}],"about":[{"href":"https:\/\/zebate24.pl\/index.php\/wp-json\/wp\/v2\/types\/product"}],"replies":[{"embeddable":true,"href":"https:\/\/zebate24.pl\/index.php\/wp-json\/wp\/v2\/comments?post=269"}],"wp:featuredmedia":[{"embeddable":true,"href":"https:\/\/zebate24.pl\/index.php\/wp-json\/wp\/v2\/media\/8294"}],"wp:attachment":[{"href":"https:\/\/zebate24.pl\/index.php\/wp-json\/wp\/v2\/media?parent=269"}],"wp:term":[{"taxonomy":"ze_product_categories","embeddable":true,"href":"https:\/\/zebate24.pl\/index.php\/wp-json\/wp\/v2\/ze_product_categories?post=269"},{"taxonomy":"product_cat","embeddable":true,"href":"https:\/\/zebate24.pl\/index.php\/wp-json\/wp\/v2\/product_cat?post=269"},{"taxonomy":"product_tag","embeddable":true,"href":"https:\/\/zebate24.pl\/index.php\/wp-json\/wp\/v2\/product_tag?post=269"}],"curies":[{"name":"wp","href":"https:\/\/api.w.org\/{rel}","templated":true}]}}