{"id":26739,"date":"2020-05-18T16:52:25","date_gmt":"2020-05-18T16:52:25","guid":{"rendered":"http:\/\/zebate24.pl\/?post_type=product&#038;p=26739"},"modified":"2020-05-18T16:53:15","modified_gmt":"2020-05-18T16:53:15","slug":"walek-atakujacy-kolo-talerzowe-brs-500","status":"publish","type":"product","link":"https:\/\/zebate24.pl\/produkt\/walek-atakujacy-kolo-talerzowe-brs-500\/","title":{"rendered":"Wa\u0142ek atakuj\u0105cy ko\u0142o talerzowe BRS-500"},"content":{"rendered":"<p><span style=\"font-family: georgia, palatino, serif\">Wa\u0142ek atakuj\u0105cy ko\u0142o talerzowe <span style=\"font-family: Calibri\">BRS-500<\/span>.<\/span><\/p>\n<p>&nbsp;<\/p>\n","protected":false},"excerpt":{"rendered":"<p><strong>cena:<\/strong><br \/>\n<strong>producent:<\/strong><br \/>\n<strong>kod producenta:<\/strong><\/p>\n","protected":false},"featured_media":26725,"comment_status":"closed","ping_status":"closed","template":"","meta":{"_acf_changed":false,"inline_featured_image":false},"ze_product_categories":[12383],"product_cat":[2285],"product_tag":[2292,298],"class_list":{"0":"post-26739","1":"product","2":"type-product","3":"status-publish","4":"has-post-thumbnail","6":"ze_product_categories-walki-atakujace-i-kola-talerzowe","7":"product_cat-inne","8":"product_tag-brs-500","9":"product_tag-walek-atakujacy-kolo-talerzowe","11":"first","12":"instock","13":"shipping-taxable","14":"purchasable","15":"product-type-simple"},"yoast_head":"<!-- This site is optimized with the Yoast SEO plugin v24.2 - https:\/\/yoast.com\/wordpress\/plugins\/seo\/ -->\n<title>Wa\u0142ek atakuj\u0105cy ko\u0142o talerzowe BRS-500 - Z\u0119bate 24<\/title>\n<meta name=\"robots\" content=\"index, follow, max-snippet:-1, max-image-preview:large, max-video-preview:-1\" \/>\n<link rel=\"canonical\" href=\"https:\/\/zebate24.pl\/produkt\/walek-atakujacy-kolo-talerzowe-brs-500\/\" \/>\n<meta property=\"og:locale\" content=\"pl_PL\" \/>\n<meta property=\"og:type\" content=\"article\" \/>\n<meta property=\"og:title\" content=\"Wa\u0142ek atakuj\u0105cy ko\u0142o talerzowe BRS-500 - Z\u0119bate 24\" \/>\n<meta property=\"og:description\" content=\"cena: producent: kod producenta:\" \/>\n<meta property=\"og:url\" content=\"https:\/\/zebate24.pl\/produkt\/walek-atakujacy-kolo-talerzowe-brs-500\/\" \/>\n<meta property=\"og:site_name\" content=\"Z\u0119bate 24\" \/>\n<meta property=\"article:modified_time\" content=\"2020-05-18T16:53:15+00:00\" \/>\n<meta property=\"og:image\" content=\"https:\/\/zebate24.pl\/wp-content\/uploads\/2020\/05\/photo-7.jpg\" \/>\n\t<meta property=\"og:image:width\" content=\"300\" \/>\n\t<meta property=\"og:image:height\" content=\"300\" \/>\n\t<meta property=\"og:image:type\" content=\"image\/jpeg\" \/>\n<meta name=\"twitter:card\" content=\"summary_large_image\" \/>\n<script type=\"application\/ld+json\" class=\"yoast-schema-graph\">{\"@context\":\"https:\/\/schema.org\",\"@graph\":[{\"@type\":\"WebPage\",\"@id\":\"https:\/\/zebate24.pl\/produkt\/walek-atakujacy-kolo-talerzowe-brs-500\/\",\"url\":\"https:\/\/zebate24.pl\/produkt\/walek-atakujacy-kolo-talerzowe-brs-500\/\",\"name\":\"Wa\u0142ek atakuj\u0105cy ko\u0142o talerzowe BRS-500 - Z\u0119bate 24\",\"isPartOf\":{\"@id\":\"https:\/\/zebate24.pl\/#website\"},\"primaryImageOfPage\":{\"@id\":\"https:\/\/zebate24.pl\/produkt\/walek-atakujacy-kolo-talerzowe-brs-500\/#primaryimage\"},\"image\":{\"@id\":\"https:\/\/zebate24.pl\/produkt\/walek-atakujacy-kolo-talerzowe-brs-500\/#primaryimage\"},\"thumbnailUrl\":\"https:\/\/zebate24.pl\/wp-content\/uploads\/2020\/05\/photo-7.jpg\",\"datePublished\":\"2020-05-18T16:52:25+00:00\",\"dateModified\":\"2020-05-18T16:53:15+00:00\",\"breadcrumb\":{\"@id\":\"https:\/\/zebate24.pl\/produkt\/walek-atakujacy-kolo-talerzowe-brs-500\/#breadcrumb\"},\"inLanguage\":\"pl-PL\",\"potentialAction\":[{\"@type\":\"ReadAction\",\"target\":[\"https:\/\/zebate24.pl\/produkt\/walek-atakujacy-kolo-talerzowe-brs-500\/\"]}]},{\"@type\":\"ImageObject\",\"inLanguage\":\"pl-PL\",\"@id\":\"https:\/\/zebate24.pl\/produkt\/walek-atakujacy-kolo-talerzowe-brs-500\/#primaryimage\",\"url\":\"https:\/\/zebate24.pl\/wp-content\/uploads\/2020\/05\/photo-7.jpg\",\"contentUrl\":\"https:\/\/zebate24.pl\/wp-content\/uploads\/2020\/05\/photo-7.jpg\",\"width\":300,\"height\":300},{\"@type\":\"BreadcrumbList\",\"@id\":\"https:\/\/zebate24.pl\/produkt\/walek-atakujacy-kolo-talerzowe-brs-500\/#breadcrumb\",\"itemListElement\":[{\"@type\":\"ListItem\",\"position\":1,\"name\":\"Strona g\u0142\u00f3wna\",\"item\":\"https:\/\/zebate24.pl\/\"},{\"@type\":\"ListItem\",\"position\":2,\"name\":\"Cz\u0119\u015bci\",\"item\":\"https:\/\/zebate24.pl\/czesci\/\"},{\"@type\":\"ListItem\",\"position\":3,\"name\":\"Wa\u0142ek atakuj\u0105cy ko\u0142o talerzowe BRS-500\"}]},{\"@type\":\"WebSite\",\"@id\":\"https:\/\/zebate24.pl\/#website\",\"url\":\"https:\/\/zebate24.pl\/\",\"name\":\"Z\u0119bate 24\",\"description\":\"Szeroka oferta cz\u0119\u015bci nap\u0119dowych! Ko\u0142a z\u0119bate, przek\u0142adnie k\u0105towe z\u0119bate, most carraro, dana, kessler, spicer, zf, ko\u0142a talerzowe, mosty nap\u0119dowe\",\"potentialAction\":[{\"@type\":\"SearchAction\",\"target\":{\"@type\":\"EntryPoint\",\"urlTemplate\":\"https:\/\/zebate24.pl\/?s={search_term_string}\"},\"query-input\":{\"@type\":\"PropertyValueSpecification\",\"valueRequired\":true,\"valueName\":\"search_term_string\"}}],\"inLanguage\":\"pl-PL\"}]}<\/script>\n<!-- \/ Yoast SEO plugin. -->","yoast_head_json":{"title":"Wa\u0142ek atakuj\u0105cy ko\u0142o talerzowe BRS-500 - Z\u0119bate 24","robots":{"index":"index","follow":"follow","max-snippet":"max-snippet:-1","max-image-preview":"max-image-preview:large","max-video-preview":"max-video-preview:-1"},"canonical":"https:\/\/zebate24.pl\/produkt\/walek-atakujacy-kolo-talerzowe-brs-500\/","og_locale":"pl_PL","og_type":"article","og_title":"Wa\u0142ek atakuj\u0105cy ko\u0142o talerzowe BRS-500 - Z\u0119bate 24","og_description":"cena: producent: kod producenta:","og_url":"https:\/\/zebate24.pl\/produkt\/walek-atakujacy-kolo-talerzowe-brs-500\/","og_site_name":"Z\u0119bate 24","article_modified_time":"2020-05-18T16:53:15+00:00","og_image":[{"width":300,"height":300,"url":"https:\/\/zebate24.pl\/wp-content\/uploads\/2020\/05\/photo-7.jpg","type":"image\/jpeg"}],"twitter_card":"summary_large_image","schema":{"@context":"https:\/\/schema.org","@graph":[{"@type":"WebPage","@id":"https:\/\/zebate24.pl\/produkt\/walek-atakujacy-kolo-talerzowe-brs-500\/","url":"https:\/\/zebate24.pl\/produkt\/walek-atakujacy-kolo-talerzowe-brs-500\/","name":"Wa\u0142ek atakuj\u0105cy ko\u0142o talerzowe BRS-500 - Z\u0119bate 24","isPartOf":{"@id":"https:\/\/zebate24.pl\/#website"},"primaryImageOfPage":{"@id":"https:\/\/zebate24.pl\/produkt\/walek-atakujacy-kolo-talerzowe-brs-500\/#primaryimage"},"image":{"@id":"https:\/\/zebate24.pl\/produkt\/walek-atakujacy-kolo-talerzowe-brs-500\/#primaryimage"},"thumbnailUrl":"https:\/\/zebate24.pl\/wp-content\/uploads\/2020\/05\/photo-7.jpg","datePublished":"2020-05-18T16:52:25+00:00","dateModified":"2020-05-18T16:53:15+00:00","breadcrumb":{"@id":"https:\/\/zebate24.pl\/produkt\/walek-atakujacy-kolo-talerzowe-brs-500\/#breadcrumb"},"inLanguage":"pl-PL","potentialAction":[{"@type":"ReadAction","target":["https:\/\/zebate24.pl\/produkt\/walek-atakujacy-kolo-talerzowe-brs-500\/"]}]},{"@type":"ImageObject","inLanguage":"pl-PL","@id":"https:\/\/zebate24.pl\/produkt\/walek-atakujacy-kolo-talerzowe-brs-500\/#primaryimage","url":"https:\/\/zebate24.pl\/wp-content\/uploads\/2020\/05\/photo-7.jpg","contentUrl":"https:\/\/zebate24.pl\/wp-content\/uploads\/2020\/05\/photo-7.jpg","width":300,"height":300},{"@type":"BreadcrumbList","@id":"https:\/\/zebate24.pl\/produkt\/walek-atakujacy-kolo-talerzowe-brs-500\/#breadcrumb","itemListElement":[{"@type":"ListItem","position":1,"name":"Strona g\u0142\u00f3wna","item":"https:\/\/zebate24.pl\/"},{"@type":"ListItem","position":2,"name":"Cz\u0119\u015bci","item":"https:\/\/zebate24.pl\/czesci\/"},{"@type":"ListItem","position":3,"name":"Wa\u0142ek atakuj\u0105cy ko\u0142o talerzowe BRS-500"}]},{"@type":"WebSite","@id":"https:\/\/zebate24.pl\/#website","url":"https:\/\/zebate24.pl\/","name":"Z\u0119bate 24","description":"Szeroka oferta cz\u0119\u015bci nap\u0119dowych! Ko\u0142a z\u0119bate, przek\u0142adnie k\u0105towe z\u0119bate, most carraro, dana, kessler, spicer, zf, ko\u0142a talerzowe, mosty nap\u0119dowe","potentialAction":[{"@type":"SearchAction","target":{"@type":"EntryPoint","urlTemplate":"https:\/\/zebate24.pl\/?s={search_term_string}"},"query-input":{"@type":"PropertyValueSpecification","valueRequired":true,"valueName":"search_term_string"}}],"inLanguage":"pl-PL"}]}},"gutenberg_blocks":[{"blockName":"custom-styles","attrs":{"styles":""}}],"meta_data":false,"acf":[],"_links":{"self":[{"href":"https:\/\/zebate24.pl\/index.php\/wp-json\/wp\/v2\/product\/26739","targetHints":{"allow":["GET"]}}],"collection":[{"href":"https:\/\/zebate24.pl\/index.php\/wp-json\/wp\/v2\/product"}],"about":[{"href":"https:\/\/zebate24.pl\/index.php\/wp-json\/wp\/v2\/types\/product"}],"replies":[{"embeddable":true,"href":"https:\/\/zebate24.pl\/index.php\/wp-json\/wp\/v2\/comments?post=26739"}],"wp:featuredmedia":[{"embeddable":true,"href":"https:\/\/zebate24.pl\/index.php\/wp-json\/wp\/v2\/media\/26725"}],"wp:attachment":[{"href":"https:\/\/zebate24.pl\/index.php\/wp-json\/wp\/v2\/media?parent=26739"}],"wp:term":[{"taxonomy":"ze_product_categories","embeddable":true,"href":"https:\/\/zebate24.pl\/index.php\/wp-json\/wp\/v2\/ze_product_categories?post=26739"},{"taxonomy":"product_cat","embeddable":true,"href":"https:\/\/zebate24.pl\/index.php\/wp-json\/wp\/v2\/product_cat?post=26739"},{"taxonomy":"product_tag","embeddable":true,"href":"https:\/\/zebate24.pl\/index.php\/wp-json\/wp\/v2\/product_tag?post=26739"}],"curies":[{"name":"wp","href":"https:\/\/api.w.org\/{rel}","templated":true}]}}