{"id":25847,"date":"2020-01-17T12:23:01","date_gmt":"2020-01-17T12:23:01","guid":{"rendered":"http:\/\/zebate24.pl\/?post_type=product&#038;p=25847"},"modified":"2020-01-17T12:24:10","modified_gmt":"2020-01-17T12:24:10","slug":"7016989-liebherr-sruba","status":"publish","type":"product","link":"https:\/\/zebate24.pl\/produkt\/7016989-liebherr-sruba\/","title":{"rendered":"7016989 Liebherr \u015aruba"},"content":{"rendered":"<p>Nowa, oryginalna (OEM) \u015bruba Liebherr.<br \/>\n<strong><br \/>\n<\/strong><strong>Nr-y por\u00f3wnawcze:\u00a0<\/strong>7016989<\/p>\n","protected":false},"excerpt":{"rendered":"<p><strong>cena<\/strong>:<br \/>\n<strong>producent<\/strong>: orygina\u0142 OEM<br \/>\n<strong>kod producenta<\/strong>: 7016989<\/p>\n","protected":false},"featured_media":15860,"comment_status":"closed","ping_status":"closed","template":"","meta":{"_acf_changed":false,"inline_featured_image":false},"ze_product_categories":[12402],"product_cat":[50],"product_tag":[1668,476,232],"class_list":{"0":"post-25847","1":"product","2":"type-product","3":"status-publish","4":"has-post-thumbnail","6":"ze_product_categories-sruby","7":"product_cat-czesci-liebherr","8":"product_tag-1668","9":"product_tag-liebherr","10":"product_tag-sruba","12":"first","13":"instock","14":"shipping-taxable","15":"purchasable","16":"product-type-simple"},"yoast_head":"<!-- This site is optimized with the Yoast SEO plugin v24.2 - https:\/\/yoast.com\/wordpress\/plugins\/seo\/ -->\n<title>7016989 Liebherr \u015aruba - Z\u0119bate 24<\/title>\n<meta name=\"robots\" content=\"index, follow, max-snippet:-1, max-image-preview:large, max-video-preview:-1\" \/>\n<link rel=\"canonical\" href=\"https:\/\/zebate24.pl\/produkt\/7016989-liebherr-sruba\/\" \/>\n<meta property=\"og:locale\" content=\"pl_PL\" \/>\n<meta property=\"og:type\" content=\"article\" \/>\n<meta property=\"og:title\" content=\"7016989 Liebherr \u015aruba - Z\u0119bate 24\" \/>\n<meta property=\"og:description\" content=\"cena: producent: orygina\u0142 OEM kod producenta: 7016989\" \/>\n<meta property=\"og:url\" content=\"https:\/\/zebate24.pl\/produkt\/7016989-liebherr-sruba\/\" \/>\n<meta property=\"og:site_name\" content=\"Z\u0119bate 24\" \/>\n<meta property=\"article:modified_time\" content=\"2020-01-17T12:24:10+00:00\" \/>\n<meta property=\"og:image\" content=\"https:\/\/zebate24.pl\/wp-content\/uploads\/2019\/03\/photo-33.jpg\" \/>\n\t<meta property=\"og:image:width\" content=\"267\" \/>\n\t<meta property=\"og:image:height\" content=\"200\" \/>\n\t<meta property=\"og:image:type\" content=\"image\/jpeg\" \/>\n<meta name=\"twitter:card\" content=\"summary_large_image\" \/>\n<script type=\"application\/ld+json\" class=\"yoast-schema-graph\">{\"@context\":\"https:\/\/schema.org\",\"@graph\":[{\"@type\":\"WebPage\",\"@id\":\"https:\/\/zebate24.pl\/produkt\/7016989-liebherr-sruba\/\",\"url\":\"https:\/\/zebate24.pl\/produkt\/7016989-liebherr-sruba\/\",\"name\":\"7016989 Liebherr \u015aruba - Z\u0119bate 24\",\"isPartOf\":{\"@id\":\"https:\/\/zebate24.pl\/#website\"},\"primaryImageOfPage\":{\"@id\":\"https:\/\/zebate24.pl\/produkt\/7016989-liebherr-sruba\/#primaryimage\"},\"image\":{\"@id\":\"https:\/\/zebate24.pl\/produkt\/7016989-liebherr-sruba\/#primaryimage\"},\"thumbnailUrl\":\"https:\/\/zebate24.pl\/wp-content\/uploads\/2019\/03\/photo-33.jpg\",\"datePublished\":\"2020-01-17T12:23:01+00:00\",\"dateModified\":\"2020-01-17T12:24:10+00:00\",\"breadcrumb\":{\"@id\":\"https:\/\/zebate24.pl\/produkt\/7016989-liebherr-sruba\/#breadcrumb\"},\"inLanguage\":\"pl-PL\",\"potentialAction\":[{\"@type\":\"ReadAction\",\"target\":[\"https:\/\/zebate24.pl\/produkt\/7016989-liebherr-sruba\/\"]}]},{\"@type\":\"ImageObject\",\"inLanguage\":\"pl-PL\",\"@id\":\"https:\/\/zebate24.pl\/produkt\/7016989-liebherr-sruba\/#primaryimage\",\"url\":\"https:\/\/zebate24.pl\/wp-content\/uploads\/2019\/03\/photo-33.jpg\",\"contentUrl\":\"https:\/\/zebate24.pl\/wp-content\/uploads\/2019\/03\/photo-33.jpg\",\"width\":267,\"height\":200},{\"@type\":\"BreadcrumbList\",\"@id\":\"https:\/\/zebate24.pl\/produkt\/7016989-liebherr-sruba\/#breadcrumb\",\"itemListElement\":[{\"@type\":\"ListItem\",\"position\":1,\"name\":\"Strona g\u0142\u00f3wna\",\"item\":\"https:\/\/zebate24.pl\/\"},{\"@type\":\"ListItem\",\"position\":2,\"name\":\"Cz\u0119\u015bci\",\"item\":\"https:\/\/zebate24.pl\/czesci\/\"},{\"@type\":\"ListItem\",\"position\":3,\"name\":\"7016989 Liebherr \u015aruba\"}]},{\"@type\":\"WebSite\",\"@id\":\"https:\/\/zebate24.pl\/#website\",\"url\":\"https:\/\/zebate24.pl\/\",\"name\":\"Z\u0119bate 24\",\"description\":\"Szeroka oferta cz\u0119\u015bci nap\u0119dowych! Ko\u0142a z\u0119bate, przek\u0142adnie k\u0105towe z\u0119bate, most carraro, dana, kessler, spicer, zf, ko\u0142a talerzowe, mosty nap\u0119dowe\",\"potentialAction\":[{\"@type\":\"SearchAction\",\"target\":{\"@type\":\"EntryPoint\",\"urlTemplate\":\"https:\/\/zebate24.pl\/?s={search_term_string}\"},\"query-input\":{\"@type\":\"PropertyValueSpecification\",\"valueRequired\":true,\"valueName\":\"search_term_string\"}}],\"inLanguage\":\"pl-PL\"}]}<\/script>\n<!-- \/ Yoast SEO plugin. -->","yoast_head_json":{"title":"7016989 Liebherr \u015aruba - Z\u0119bate 24","robots":{"index":"index","follow":"follow","max-snippet":"max-snippet:-1","max-image-preview":"max-image-preview:large","max-video-preview":"max-video-preview:-1"},"canonical":"https:\/\/zebate24.pl\/produkt\/7016989-liebherr-sruba\/","og_locale":"pl_PL","og_type":"article","og_title":"7016989 Liebherr \u015aruba - Z\u0119bate 24","og_description":"cena: producent: orygina\u0142 OEM kod producenta: 7016989","og_url":"https:\/\/zebate24.pl\/produkt\/7016989-liebherr-sruba\/","og_site_name":"Z\u0119bate 24","article_modified_time":"2020-01-17T12:24:10+00:00","og_image":[{"width":267,"height":200,"url":"https:\/\/zebate24.pl\/wp-content\/uploads\/2019\/03\/photo-33.jpg","type":"image\/jpeg"}],"twitter_card":"summary_large_image","schema":{"@context":"https:\/\/schema.org","@graph":[{"@type":"WebPage","@id":"https:\/\/zebate24.pl\/produkt\/7016989-liebherr-sruba\/","url":"https:\/\/zebate24.pl\/produkt\/7016989-liebherr-sruba\/","name":"7016989 Liebherr \u015aruba - Z\u0119bate 24","isPartOf":{"@id":"https:\/\/zebate24.pl\/#website"},"primaryImageOfPage":{"@id":"https:\/\/zebate24.pl\/produkt\/7016989-liebherr-sruba\/#primaryimage"},"image":{"@id":"https:\/\/zebate24.pl\/produkt\/7016989-liebherr-sruba\/#primaryimage"},"thumbnailUrl":"https:\/\/zebate24.pl\/wp-content\/uploads\/2019\/03\/photo-33.jpg","datePublished":"2020-01-17T12:23:01+00:00","dateModified":"2020-01-17T12:24:10+00:00","breadcrumb":{"@id":"https:\/\/zebate24.pl\/produkt\/7016989-liebherr-sruba\/#breadcrumb"},"inLanguage":"pl-PL","potentialAction":[{"@type":"ReadAction","target":["https:\/\/zebate24.pl\/produkt\/7016989-liebherr-sruba\/"]}]},{"@type":"ImageObject","inLanguage":"pl-PL","@id":"https:\/\/zebate24.pl\/produkt\/7016989-liebherr-sruba\/#primaryimage","url":"https:\/\/zebate24.pl\/wp-content\/uploads\/2019\/03\/photo-33.jpg","contentUrl":"https:\/\/zebate24.pl\/wp-content\/uploads\/2019\/03\/photo-33.jpg","width":267,"height":200},{"@type":"BreadcrumbList","@id":"https:\/\/zebate24.pl\/produkt\/7016989-liebherr-sruba\/#breadcrumb","itemListElement":[{"@type":"ListItem","position":1,"name":"Strona g\u0142\u00f3wna","item":"https:\/\/zebate24.pl\/"},{"@type":"ListItem","position":2,"name":"Cz\u0119\u015bci","item":"https:\/\/zebate24.pl\/czesci\/"},{"@type":"ListItem","position":3,"name":"7016989 Liebherr \u015aruba"}]},{"@type":"WebSite","@id":"https:\/\/zebate24.pl\/#website","url":"https:\/\/zebate24.pl\/","name":"Z\u0119bate 24","description":"Szeroka oferta cz\u0119\u015bci nap\u0119dowych! Ko\u0142a z\u0119bate, przek\u0142adnie k\u0105towe z\u0119bate, most carraro, dana, kessler, spicer, zf, ko\u0142a talerzowe, mosty nap\u0119dowe","potentialAction":[{"@type":"SearchAction","target":{"@type":"EntryPoint","urlTemplate":"https:\/\/zebate24.pl\/?s={search_term_string}"},"query-input":{"@type":"PropertyValueSpecification","valueRequired":true,"valueName":"search_term_string"}}],"inLanguage":"pl-PL"}]}},"gutenberg_blocks":[{"blockName":"custom-styles","attrs":{"styles":""}}],"meta_data":false,"acf":[],"_links":{"self":[{"href":"https:\/\/zebate24.pl\/index.php\/wp-json\/wp\/v2\/product\/25847","targetHints":{"allow":["GET"]}}],"collection":[{"href":"https:\/\/zebate24.pl\/index.php\/wp-json\/wp\/v2\/product"}],"about":[{"href":"https:\/\/zebate24.pl\/index.php\/wp-json\/wp\/v2\/types\/product"}],"replies":[{"embeddable":true,"href":"https:\/\/zebate24.pl\/index.php\/wp-json\/wp\/v2\/comments?post=25847"}],"wp:featuredmedia":[{"embeddable":true,"href":"https:\/\/zebate24.pl\/index.php\/wp-json\/wp\/v2\/media\/15860"}],"wp:attachment":[{"href":"https:\/\/zebate24.pl\/index.php\/wp-json\/wp\/v2\/media?parent=25847"}],"wp:term":[{"taxonomy":"ze_product_categories","embeddable":true,"href":"https:\/\/zebate24.pl\/index.php\/wp-json\/wp\/v2\/ze_product_categories?post=25847"},{"taxonomy":"product_cat","embeddable":true,"href":"https:\/\/zebate24.pl\/index.php\/wp-json\/wp\/v2\/product_cat?post=25847"},{"taxonomy":"product_tag","embeddable":true,"href":"https:\/\/zebate24.pl\/index.php\/wp-json\/wp\/v2\/product_tag?post=25847"}],"curies":[{"name":"wp","href":"https:\/\/api.w.org\/{rel}","templated":true}]}}