{"id":17894,"date":"2019-04-17T10:21:03","date_gmt":"2019-04-17T10:21:03","guid":{"rendered":"http:\/\/zebate24.pl\/?post_type=product&#038;p=17894"},"modified":"2019-04-17T10:22:01","modified_gmt":"2019-04-17T10:22:01","slug":"130681-carraro-tubes","status":"publish","type":"product","link":"https:\/\/zebate24.pl\/produkt\/130681-carraro-tubes\/","title":{"rendered":"130681 Carraro tubes"},"content":{"rendered":"<p>130681 Carraro tubes<\/p>\n","protected":false},"excerpt":{"rendered":"<p>Kod producenta: 130681<br \/>\nCena: 141 EUR<br \/>\nProducent: Carraro<\/p>\n","protected":false},"featured_media":4005,"comment_status":"closed","ping_status":"closed","template":"","meta":{"_acf_changed":false,"inline_featured_image":false},"ze_product_categories":[],"product_cat":[23],"product_tag":[],"class_list":{"0":"post-17894","1":"product","2":"type-product","3":"status-publish","4":"has-post-thumbnail","6":"product_cat-czesci-carraro","8":"first","9":"instock","10":"shipping-taxable","11":"purchasable","12":"product-type-simple"},"yoast_head":"<!-- This site is optimized with the Yoast SEO plugin v24.2 - https:\/\/yoast.com\/wordpress\/plugins\/seo\/ -->\n<title>130681 Carraro tubes - Z\u0119bate 24<\/title>\n<meta name=\"robots\" content=\"index, follow, max-snippet:-1, max-image-preview:large, max-video-preview:-1\" \/>\n<link rel=\"canonical\" href=\"https:\/\/zebate24.pl\/produkt\/130681-carraro-tubes\/\" \/>\n<meta property=\"og:locale\" content=\"pl_PL\" \/>\n<meta property=\"og:type\" content=\"article\" \/>\n<meta property=\"og:title\" content=\"130681 Carraro tubes - Z\u0119bate 24\" \/>\n<meta property=\"og:description\" content=\"Kod producenta: 130681 Cena: 141 EUR Producent: Carraro\" \/>\n<meta property=\"og:url\" content=\"https:\/\/zebate24.pl\/produkt\/130681-carraro-tubes\/\" \/>\n<meta property=\"og:site_name\" content=\"Z\u0119bate 24\" \/>\n<meta property=\"article:modified_time\" content=\"2019-04-17T10:22:01+00:00\" \/>\n<meta property=\"og:image\" content=\"https:\/\/zebate24.pl\/wp-content\/uploads\/2018\/07\/CARRARO.jpg\" \/>\n\t<meta property=\"og:image:width\" content=\"401\" \/>\n\t<meta property=\"og:image:height\" content=\"319\" \/>\n\t<meta property=\"og:image:type\" content=\"image\/jpeg\" \/>\n<meta name=\"twitter:card\" content=\"summary_large_image\" \/>\n<script type=\"application\/ld+json\" class=\"yoast-schema-graph\">{\"@context\":\"https:\/\/schema.org\",\"@graph\":[{\"@type\":\"WebPage\",\"@id\":\"https:\/\/zebate24.pl\/produkt\/130681-carraro-tubes\/\",\"url\":\"https:\/\/zebate24.pl\/produkt\/130681-carraro-tubes\/\",\"name\":\"130681 Carraro tubes - Z\u0119bate 24\",\"isPartOf\":{\"@id\":\"https:\/\/zebate24.pl\/#website\"},\"primaryImageOfPage\":{\"@id\":\"https:\/\/zebate24.pl\/produkt\/130681-carraro-tubes\/#primaryimage\"},\"image\":{\"@id\":\"https:\/\/zebate24.pl\/produkt\/130681-carraro-tubes\/#primaryimage\"},\"thumbnailUrl\":\"https:\/\/zebate24.pl\/wp-content\/uploads\/2018\/07\/CARRARO.jpg\",\"datePublished\":\"2019-04-17T10:21:03+00:00\",\"dateModified\":\"2019-04-17T10:22:01+00:00\",\"breadcrumb\":{\"@id\":\"https:\/\/zebate24.pl\/produkt\/130681-carraro-tubes\/#breadcrumb\"},\"inLanguage\":\"pl-PL\",\"potentialAction\":[{\"@type\":\"ReadAction\",\"target\":[\"https:\/\/zebate24.pl\/produkt\/130681-carraro-tubes\/\"]}]},{\"@type\":\"ImageObject\",\"inLanguage\":\"pl-PL\",\"@id\":\"https:\/\/zebate24.pl\/produkt\/130681-carraro-tubes\/#primaryimage\",\"url\":\"https:\/\/zebate24.pl\/wp-content\/uploads\/2018\/07\/CARRARO.jpg\",\"contentUrl\":\"https:\/\/zebate24.pl\/wp-content\/uploads\/2018\/07\/CARRARO.jpg\",\"width\":401,\"height\":319},{\"@type\":\"BreadcrumbList\",\"@id\":\"https:\/\/zebate24.pl\/produkt\/130681-carraro-tubes\/#breadcrumb\",\"itemListElement\":[{\"@type\":\"ListItem\",\"position\":1,\"name\":\"Strona g\u0142\u00f3wna\",\"item\":\"https:\/\/zebate24.pl\/\"},{\"@type\":\"ListItem\",\"position\":2,\"name\":\"Cz\u0119\u015bci\",\"item\":\"https:\/\/zebate24.pl\/czesci\/\"},{\"@type\":\"ListItem\",\"position\":3,\"name\":\"130681 Carraro tubes\"}]},{\"@type\":\"WebSite\",\"@id\":\"https:\/\/zebate24.pl\/#website\",\"url\":\"https:\/\/zebate24.pl\/\",\"name\":\"Z\u0119bate 24\",\"description\":\"Szeroka oferta cz\u0119\u015bci nap\u0119dowych! Ko\u0142a z\u0119bate, przek\u0142adnie k\u0105towe z\u0119bate, most carraro, dana, kessler, spicer, zf, ko\u0142a talerzowe, mosty nap\u0119dowe\",\"potentialAction\":[{\"@type\":\"SearchAction\",\"target\":{\"@type\":\"EntryPoint\",\"urlTemplate\":\"https:\/\/zebate24.pl\/?s={search_term_string}\"},\"query-input\":{\"@type\":\"PropertyValueSpecification\",\"valueRequired\":true,\"valueName\":\"search_term_string\"}}],\"inLanguage\":\"pl-PL\"}]}<\/script>\n<!-- \/ Yoast SEO plugin. -->","yoast_head_json":{"title":"130681 Carraro tubes - Z\u0119bate 24","robots":{"index":"index","follow":"follow","max-snippet":"max-snippet:-1","max-image-preview":"max-image-preview:large","max-video-preview":"max-video-preview:-1"},"canonical":"https:\/\/zebate24.pl\/produkt\/130681-carraro-tubes\/","og_locale":"pl_PL","og_type":"article","og_title":"130681 Carraro tubes - Z\u0119bate 24","og_description":"Kod producenta: 130681 Cena: 141 EUR Producent: Carraro","og_url":"https:\/\/zebate24.pl\/produkt\/130681-carraro-tubes\/","og_site_name":"Z\u0119bate 24","article_modified_time":"2019-04-17T10:22:01+00:00","og_image":[{"width":401,"height":319,"url":"https:\/\/zebate24.pl\/wp-content\/uploads\/2018\/07\/CARRARO.jpg","type":"image\/jpeg"}],"twitter_card":"summary_large_image","schema":{"@context":"https:\/\/schema.org","@graph":[{"@type":"WebPage","@id":"https:\/\/zebate24.pl\/produkt\/130681-carraro-tubes\/","url":"https:\/\/zebate24.pl\/produkt\/130681-carraro-tubes\/","name":"130681 Carraro tubes - Z\u0119bate 24","isPartOf":{"@id":"https:\/\/zebate24.pl\/#website"},"primaryImageOfPage":{"@id":"https:\/\/zebate24.pl\/produkt\/130681-carraro-tubes\/#primaryimage"},"image":{"@id":"https:\/\/zebate24.pl\/produkt\/130681-carraro-tubes\/#primaryimage"},"thumbnailUrl":"https:\/\/zebate24.pl\/wp-content\/uploads\/2018\/07\/CARRARO.jpg","datePublished":"2019-04-17T10:21:03+00:00","dateModified":"2019-04-17T10:22:01+00:00","breadcrumb":{"@id":"https:\/\/zebate24.pl\/produkt\/130681-carraro-tubes\/#breadcrumb"},"inLanguage":"pl-PL","potentialAction":[{"@type":"ReadAction","target":["https:\/\/zebate24.pl\/produkt\/130681-carraro-tubes\/"]}]},{"@type":"ImageObject","inLanguage":"pl-PL","@id":"https:\/\/zebate24.pl\/produkt\/130681-carraro-tubes\/#primaryimage","url":"https:\/\/zebate24.pl\/wp-content\/uploads\/2018\/07\/CARRARO.jpg","contentUrl":"https:\/\/zebate24.pl\/wp-content\/uploads\/2018\/07\/CARRARO.jpg","width":401,"height":319},{"@type":"BreadcrumbList","@id":"https:\/\/zebate24.pl\/produkt\/130681-carraro-tubes\/#breadcrumb","itemListElement":[{"@type":"ListItem","position":1,"name":"Strona g\u0142\u00f3wna","item":"https:\/\/zebate24.pl\/"},{"@type":"ListItem","position":2,"name":"Cz\u0119\u015bci","item":"https:\/\/zebate24.pl\/czesci\/"},{"@type":"ListItem","position":3,"name":"130681 Carraro tubes"}]},{"@type":"WebSite","@id":"https:\/\/zebate24.pl\/#website","url":"https:\/\/zebate24.pl\/","name":"Z\u0119bate 24","description":"Szeroka oferta cz\u0119\u015bci nap\u0119dowych! Ko\u0142a z\u0119bate, przek\u0142adnie k\u0105towe z\u0119bate, most carraro, dana, kessler, spicer, zf, ko\u0142a talerzowe, mosty nap\u0119dowe","potentialAction":[{"@type":"SearchAction","target":{"@type":"EntryPoint","urlTemplate":"https:\/\/zebate24.pl\/?s={search_term_string}"},"query-input":{"@type":"PropertyValueSpecification","valueRequired":true,"valueName":"search_term_string"}}],"inLanguage":"pl-PL"}]}},"gutenberg_blocks":[{"blockName":"custom-styles","attrs":{"styles":""}}],"meta_data":false,"acf":[],"_links":{"self":[{"href":"https:\/\/zebate24.pl\/index.php\/wp-json\/wp\/v2\/product\/17894","targetHints":{"allow":["GET"]}}],"collection":[{"href":"https:\/\/zebate24.pl\/index.php\/wp-json\/wp\/v2\/product"}],"about":[{"href":"https:\/\/zebate24.pl\/index.php\/wp-json\/wp\/v2\/types\/product"}],"replies":[{"embeddable":true,"href":"https:\/\/zebate24.pl\/index.php\/wp-json\/wp\/v2\/comments?post=17894"}],"wp:featuredmedia":[{"embeddable":true,"href":"https:\/\/zebate24.pl\/index.php\/wp-json\/wp\/v2\/media\/4005"}],"wp:attachment":[{"href":"https:\/\/zebate24.pl\/index.php\/wp-json\/wp\/v2\/media?parent=17894"}],"wp:term":[{"taxonomy":"ze_product_categories","embeddable":true,"href":"https:\/\/zebate24.pl\/index.php\/wp-json\/wp\/v2\/ze_product_categories?post=17894"},{"taxonomy":"product_cat","embeddable":true,"href":"https:\/\/zebate24.pl\/index.php\/wp-json\/wp\/v2\/product_cat?post=17894"},{"taxonomy":"product_tag","embeddable":true,"href":"https:\/\/zebate24.pl\/index.php\/wp-json\/wp\/v2\/product_tag?post=17894"}],"curies":[{"name":"wp","href":"https:\/\/api.w.org\/{rel}","templated":true}]}}