    {"id":13892,"date":"2018-12-27T11:18:24","date_gmt":"2018-12-27T11:18:24","guid":{"rendered":"http:\/\/zebate24.pl\/?post_type=product&#038;p=13892"},"modified":"2018-12-27T11:30:18","modified_gmt":"2018-12-27T11:30:18","slug":"7029426-jlg-obudowa","status":"publish","type":"product","link":"https:\/\/zebate24.pl\/produkt\/7029426-jlg-obudowa\/","title":{"rendered":"7029426 JLG Obudowa"},"content":{"rendered":"<p>Nowa, oryginalna (OEM) obudowa.<\/p>\n<p>Pasuje do maszyn JLG.<\/p>\n<p>Nr-y por\u00f3wnawcze: 7029426<\/p>\n","protected":false},"excerpt":{"rendered":"<p>cena: 110z\u0142 netto<br \/>\nproducent: Orygina\u0142 OEM<br \/>\nkod producenta: 7029426<\/p>\n","protected":false},"featured_media":0,"comment_status":"closed","ping_status":"closed","template":"","meta":{"_acf_changed":false,"inline_featured_image":false},"ze_product_categories":[12400],"product_cat":[30],"product_tag":[],"class_list":{"0":"post-13892","1":"product","2":"type-product","3":"status-publish","5":"ze_product_categories-obudowy","6":"product_cat-czesci-jlg","8":"first","9":"instock","10":"shipping-taxable","11":"purchasable","12":"product-type-simple"},"yoast_head":"<!-- This site is optimized with the Yoast SEO plugin v24.2 - https:\/\/yoast.com\/wordpress\/plugins\/seo\/ -->\n<title>7029426 JLG Obudowa - Z\u0119bate 24<\/title>\n<meta name=\"robots\" content=\"index, follow, max-snippet:-1, max-image-preview:large, max-video-preview:-1\" \/>\n<link rel=\"canonical\" href=\"https:\/\/zebate24.pl\/produkt\/7029426-jlg-obudowa\/\" \/>\n<meta property=\"og:locale\" content=\"pl_PL\" \/>\n<meta property=\"og:type\" content=\"article\" \/>\n<meta property=\"og:title\" content=\"7029426 JLG Obudowa - Z\u0119bate 24\" \/>\n<meta property=\"og:description\" content=\"cena: 110z\u0142 netto producent: Orygina\u0142 OEM kod producenta: 7029426\" \/>\n<meta property=\"og:url\" content=\"https:\/\/zebate24.pl\/produkt\/7029426-jlg-obudowa\/\" \/>\n<meta property=\"og:site_name\" content=\"Z\u0119bate 24\" \/>\n<meta property=\"article:modified_time\" content=\"2018-12-27T11:30:18+00:00\" \/>\n<meta name=\"twitter:card\" content=\"summary_large_image\" \/>\n<script type=\"application\/ld+json\" class=\"yoast-schema-graph\">{\"@context\":\"https:\/\/schema.org\",\"@graph\":[{\"@type\":\"WebPage\",\"@id\":\"https:\/\/zebate24.pl\/produkt\/7029426-jlg-obudowa\/\",\"url\":\"https:\/\/zebate24.pl\/produkt\/7029426-jlg-obudowa\/\",\"name\":\"7029426 JLG Obudowa - Z\u0119bate 24\",\"isPartOf\":{\"@id\":\"https:\/\/zebate24.pl\/#website\"},\"datePublished\":\"2018-12-27T11:18:24+00:00\",\"dateModified\":\"2018-12-27T11:30:18+00:00\",\"breadcrumb\":{\"@id\":\"https:\/\/zebate24.pl\/produkt\/7029426-jlg-obudowa\/#breadcrumb\"},\"inLanguage\":\"pl-PL\",\"potentialAction\":[{\"@type\":\"ReadAction\",\"target\":[\"https:\/\/zebate24.pl\/produkt\/7029426-jlg-obudowa\/\"]}]},{\"@type\":\"BreadcrumbList\",\"@id\":\"https:\/\/zebate24.pl\/produkt\/7029426-jlg-obudowa\/#breadcrumb\",\"itemListElement\":[{\"@type\":\"ListItem\",\"position\":1,\"name\":\"Strona g\u0142\u00f3wna\",\"item\":\"https:\/\/zebate24.pl\/\"},{\"@type\":\"ListItem\",\"position\":2,\"name\":\"Cz\u0119\u015bci\",\"item\":\"https:\/\/zebate24.pl\/czesci\/\"},{\"@type\":\"ListItem\",\"position\":3,\"name\":\"7029426 JLG Obudowa\"}]},{\"@type\":\"WebSite\",\"@id\":\"https:\/\/zebate24.pl\/#website\",\"url\":\"https:\/\/zebate24.pl\/\",\"name\":\"Z\u0119bate 24\",\"description\":\"Szeroka oferta cz\u0119\u015bci nap\u0119dowych! Ko\u0142a z\u0119bate, przek\u0142adnie k\u0105towe z\u0119bate, most carraro, dana, kessler, spicer, zf, ko\u0142a talerzowe, mosty nap\u0119dowe\",\"potentialAction\":[{\"@type\":\"SearchAction\",\"target\":{\"@type\":\"EntryPoint\",\"urlTemplate\":\"https:\/\/zebate24.pl\/?s={search_term_string}\"},\"query-input\":{\"@type\":\"PropertyValueSpecification\",\"valueRequired\":true,\"valueName\":\"search_term_string\"}}],\"inLanguage\":\"pl-PL\"}]}<\/script>\n<!-- \/ Yoast SEO plugin. -->","yoast_head_json":{"title":"7029426 JLG Obudowa - Z\u0119bate 24","robots":{"index":"index","follow":"follow","max-snippet":"max-snippet:-1","max-image-preview":"max-image-preview:large","max-video-preview":"max-video-preview:-1"},"canonical":"https:\/\/zebate24.pl\/produkt\/7029426-jlg-obudowa\/","og_locale":"pl_PL","og_type":"article","og_title":"7029426 JLG Obudowa - Z\u0119bate 24","og_description":"cena: 110z\u0142 netto producent: Orygina\u0142 OEM kod producenta: 7029426","og_url":"https:\/\/zebate24.pl\/produkt\/7029426-jlg-obudowa\/","og_site_name":"Z\u0119bate 24","article_modified_time":"2018-12-27T11:30:18+00:00","twitter_card":"summary_large_image","schema":{"@context":"https:\/\/schema.org","@graph":[{"@type":"WebPage","@id":"https:\/\/zebate24.pl\/produkt\/7029426-jlg-obudowa\/","url":"https:\/\/zebate24.pl\/produkt\/7029426-jlg-obudowa\/","name":"7029426 JLG Obudowa - Z\u0119bate 24","isPartOf":{"@id":"https:\/\/zebate24.pl\/#website"},"datePublished":"2018-12-27T11:18:24+00:00","dateModified":"2018-12-27T11:30:18+00:00","breadcrumb":{"@id":"https:\/\/zebate24.pl\/produkt\/7029426-jlg-obudowa\/#breadcrumb"},"inLanguage":"pl-PL","potentialAction":[{"@type":"ReadAction","target":["https:\/\/zebate24.pl\/produkt\/7029426-jlg-obudowa\/"]}]},{"@type":"BreadcrumbList","@id":"https:\/\/zebate24.pl\/produkt\/7029426-jlg-obudowa\/#breadcrumb","itemListElement":[{"@type":"ListItem","position":1,"name":"Strona g\u0142\u00f3wna","item":"https:\/\/zebate24.pl\/"},{"@type":"ListItem","position":2,"name":"Cz\u0119\u015bci","item":"https:\/\/zebate24.pl\/czesci\/"},{"@type":"ListItem","position":3,"name":"7029426 JLG Obudowa"}]},{"@type":"WebSite","@id":"https:\/\/zebate24.pl\/#website","url":"https:\/\/zebate24.pl\/","name":"Z\u0119bate 24","description":"Szeroka oferta cz\u0119\u015bci nap\u0119dowych! Ko\u0142a z\u0119bate, przek\u0142adnie k\u0105towe z\u0119bate, most carraro, dana, kessler, spicer, zf, ko\u0142a talerzowe, mosty nap\u0119dowe","potentialAction":[{"@type":"SearchAction","target":{"@type":"EntryPoint","urlTemplate":"https:\/\/zebate24.pl\/?s={search_term_string}"},"query-input":{"@type":"PropertyValueSpecification","valueRequired":true,"valueName":"search_term_string"}}],"inLanguage":"pl-PL"}]}},"gutenberg_blocks":[{"blockName":"custom-styles","attrs":{"styles":""}}],"meta_data":false,"acf":[],"_links":{"self":[{"href":"https:\/\/zebate24.pl\/index.php\/wp-json\/wp\/v2\/product\/13892","targetHints":{"allow":["GET"]}}],"collection":[{"href":"https:\/\/zebate24.pl\/index.php\/wp-json\/wp\/v2\/product"}],"about":[{"href":"https:\/\/zebate24.pl\/index.php\/wp-json\/wp\/v2\/types\/product"}],"replies":[{"embeddable":true,"href":"https:\/\/zebate24.pl\/index.php\/wp-json\/wp\/v2\/comments?post=13892"}],"wp:attachment":[{"href":"https:\/\/zebate24.pl\/index.php\/wp-json\/wp\/v2\/media?parent=13892"}],"wp:term":[{"taxonomy":"ze_product_categories","embeddable":true,"href":"https:\/\/zebate24.pl\/index.php\/wp-json\/wp\/v2\/ze_product_categories?post=13892"},{"taxonomy":"product_cat","embeddable":true,"href":"https:\/\/zebate24.pl\/index.php\/wp-json\/wp\/v2\/product_cat?post=13892"},{"taxonomy":"product_tag","embeddable":true,"href":"https:\/\/zebate24.pl\/index.php\/wp-json\/wp\/v2\/product_tag?post=13892"}],"curies":[{"name":"wp","href":"https:\/\/api.w.org\/{rel}","templated":true}]}}