{"id":280,"date":"2018-07-18T18:10:34","date_gmt":"2018-07-18T18:10:34","guid":{"rendered":"http:\/\/zebate24.pl\/request-quote\/"},"modified":"2025-01-15T10:42:11","modified_gmt":"2025-01-15T10:42:11","slug":"wycena-produktow","status":"publish","type":"page","link":"https:\/\/zebate24.pl\/wycena-produktow\/","title":{"rendered":"Wycena produkt\u00f3w"},"content":{"rendered":"<section class=\"breadcrumbs my-32 xl:mt-80 xl:mb-40 overflow-x-auto\">\n  <div  class=\"container\" >\n    <div class=\"breadcrumbs__inner flex w-max\">\n      <span><span><a href=\"https:\/\/zebate24.pl\/\">Strona g\u0142\u00f3wna<\/a><\/span><\/span>\n    <\/div>\n  <\/div>\n<\/section><section class=\"yith-products-listing-with-request-form relative section-margin-xxl\">\n\n\t<div class=\"container\">\n\n\t\t\n\t\t\t\n    <h1 class=\"   mb-24 md:mb-48 lg:mb-80\">\n\n            Wycena produkt\u00f3w\n\n    <\/h1>\n\n\n\t\t\n        \n<div class=\"woocommerce ywraq-wrapper ywraq-empty\">\n\t\t\t<div id=\"yith-ywraq-message\"><div class=\"ywraq-question-message\">\n\t<\/div>\n<\/div>\n\t\t\n\t\t\t\t<div class=\"ywraq-form-table-wrapper vertical\">\n\t\t\t\n<form id=\"yith-ywraq-form\" name=\"yith-ywraq-form\" method=\"post\" class=\"section-margin-m\">\n\t\n\t\n\t\t<div class=\"ywraq-before-form\">\n\n\t\t\t<p class=\"ywraq_list_empty_message\">Twoja lista zapyta\u0144 jest pusta, dodaj produkty do zapytania<p><p class=\"return-to-shop\"><a class=\"button wc-backward\" href=\"https:\/\/zebate24.pl\/czesci\/\">Wr\u00f3\u0107 do sklepu<\/a><\/p>\n\t\t<\/div>\n\n\t\n<\/form>\n\n\n\t\t\t<div class=\"grid w-full grid-cols-12\">\n\t\t\t\t<div class=\"xl:col-span-1\"><\/div>\n\t\t\t\t<div class=\"col-span-12 xl:col-span-10 grid grid-cols-1 lg:grid-cols-2 gap-16\">\n\t\t\t\t\t<div class=\"col-span-1\">\n\t\t\t\t\t\t<p class=\"max-w-[40.6rem] h5 lg:mt-48\">\n\t\t\t\t\t\t\tUzupe\u0142nij formularz i wy\u015blij swoje zapytanie o ofert\u0119.<br><br>\n\t\t\t\t\t\t\tWr\u00f3cimy do Ciebie z odpowiedz\u0105 tak szybko jak to mo\u017cliwe.<br><br>\n\t\t\t\t\t\t<\/p>\n\t\t\t\t\t<\/div>\n\t\t\t\t\t<div class=\"col-span-1\">\n\t\t\t\t\t\t\n\t\t\t\t\t<\/div>\n\t\t\t\t\n\t\t\t\t<\/div>\n\t\t\t<\/div>\n\t\t<\/div>\n\t<\/div>\n\n\t\n\t<\/div>\n\t\n<\/section><div class=\"wp-block-group\"><div class=\"wp-block-group__inner-container is-layout-constrained wp-block-group-is-layout-constrained\"><section class=\"call-to-action relative section-margin-xl\">\n\n\t<div class=\"container relative overflow-hidden bg-neutral-900 rounded-16 py-32 lg:py-56 px-32 lg:px-56 xl:px-120 xxl:px-160\">\n\n\t\t<div class=\"z-20 absolute top-0 -left-80 text-neutral-050 opacity-5\">\n\t\t\t<svg xmlns=\"http:\/\/www.w3.org\/2000\/svg\" width=\"230\" height=\"150\" viewBox=\"0 0 230 150\" fill=\"none\">\n  <path d=\"M88.102 67.9128C55.0621 67.9128 28.2773 41.1288 28.2773 8.08806C28.2773 -24.9519 55.0621 -51.7358 88.102 -51.7358C121.142 -51.7358 147.927 -24.9519 147.927 8.08806C147.927 41.1288 121.142 67.9128 88.102 67.9128ZM210.633 -17.7371C208.748 -17.7371 207.125 -19.0556 206.68 -20.8877C203.683 -33.2293 198.813 -44.8378 192.382 -55.3922C191.401 -57.0022 191.616 -59.0814 192.949 -60.4146L203.617 -71.0826C205.179 -72.6451 205.178 -75.1785 203.615 -76.7404L172.843 -107.49C171.281 -109.052 168.749 -109.051 167.187 -107.489L156.53 -96.8324C155.197 -95.4993 153.118 -95.2842 151.508 -96.2652C140.954 -102.696 129.346 -107.566 117.005 -110.563C115.173 -111.008 113.854 -112.63 113.854 -114.516V-129.587C113.854 -131.796 112.063 -133.587 109.854 -133.587H66.3501C64.141 -133.587 62.3501 -131.796 62.3501 -129.587V-114.516C62.3501 -112.63 61.0315 -111.008 59.1993 -110.563C46.858 -107.566 35.2502 -102.696 24.6959 -96.2652C23.086 -95.2842 21.0066 -95.4993 19.6735 -96.8324L9.0166 -107.489C7.4549 -109.051 4.92303 -109.052 3.36076 -107.49L-27.4115 -76.7404C-28.9745 -75.1785 -28.975 -72.6451 -27.4126 -71.0826L-16.745 -60.4146C-15.412 -59.0814 -15.1969 -57.0022 -16.1778 -55.3922C-22.6086 -44.8378 -27.479 -33.2293 -30.4764 -20.8877C-30.9214 -19.0556 -32.5439 -17.7371 -34.4292 -17.7371H-49.5611C-51.7694 -17.7371 -53.5599 -15.9476 -53.5611 -13.7393L-53.5847 29.7636C-53.5859 31.9736 -51.7947 33.7658 -49.5847 33.7658H-34.43C-32.5447 33.7658 -30.9222 35.0843 -30.4772 36.9164C-27.4798 49.258 -22.6094 60.8666 -16.1786 71.4217C-15.1977 73.0317 -15.4128 75.1109 -16.7459 76.444L-27.4754 87.1735C-29.0371 88.7352 -29.0376 91.267 -27.4765 92.8293L3.27338 123.602C4.83533 125.165 7.36886 125.166 8.93136 123.603L19.6718 112.862C21.005 111.529 23.0844 111.314 24.6944 112.295C35.2494 118.726 46.858 123.597 59.1996 126.594C61.0316 127.039 62.3501 128.661 62.3501 130.547V145.763C62.3501 147.972 64.141 149.763 66.3501 149.763H109.854C112.063 149.763 113.854 147.972 113.854 145.763V130.547C113.854 128.661 115.172 127.039 117.004 126.594C129.346 123.597 140.955 118.726 151.51 112.295C153.12 111.314 155.199 111.529 156.532 112.862L167.273 123.603C168.835 125.166 171.369 125.165 172.931 123.602L203.68 92.8293C205.242 91.267 205.241 88.7352 203.679 87.1735L192.95 76.444C191.617 75.1109 191.402 73.0317 192.383 71.4217C198.813 60.8666 203.684 49.258 206.681 36.9164C207.126 35.0843 208.749 33.7658 210.634 33.7658H225.791C228 33.7658 229.791 31.975 229.791 29.7658V-13.7371C229.791 -15.9463 228 -17.7371 225.791 -17.7371H210.633Z\" fill=\"currentColor\"\/>\n<\/svg>\n\t\t<\/div>\n\n\t\t\n\t\n\t\t\n\t\t\t                \n\t<figure class=\"overflow-hidden absolute w-auto h-full top-0 right-0 z-10 call-to-action__figure\">\n\n\t\t\n\t\t\t\t\t\t\t\t\t\t\t\t\n\t\t\t<img decoding=\"async\" src=\"https:\/\/zebate24.pl\/wp-content\/uploads\/2025\/01\/cta-kontakt.png\" srcset=\"https:\/\/zebate24.pl\/wp-content\/uploads\/2025\/01\/cta-kontakt.png 729w, https:\/\/zebate24.pl\/wp-content\/uploads\/2025\/01\/cta-kontakt-300x158.png 300w, https:\/\/zebate24.pl\/wp-content\/uploads\/2025\/01\/cta-kontakt-500x263.png 500w, https:\/\/zebate24.pl\/wp-content\/uploads\/2025\/01\/cta-kontakt-700x369.png 700w\" sizes=\"(max-width: 729px) 100vw, 729px\" alt=\"cta-kontakt\" class=\"h-full w-full object-cover\" width=\"729\" height=\"384\" loading=\"lazy\"\/>\n\n\t\t\n\t<\/figure>\n\n\n\t\t\n\t\n\t\t\n\t\t<div class=\"relative z-30 flex flex-col gap-24 lg:gap-48\">\n\n\t\t\t<div class=\"flex flex-col gap-16 max-w-[43.8rem]\">\n\t\t\t\n\t\t\t\t\n\t\t\t\t\t\n    <h3 class=\"   text-white\">\n\n            Potrzebujesz pomocy?<br>Skontaktuj si\u0119 z nami\n\n    <\/h3>\n\n\n\t\t\t\t\n\t\t\t\t\n\t\t\t\t\t<div class=\"flex flex-col gap-8 paragraph-m text-neutral-300\">\n\n\t\t\t\t\t\t<p>Ch\u0119tnie odpowiemy na wszelkie pytania, a nasi eksperci doradz\u0105 w kwestii wyboru odpowiedniego produktu.<\/p>\n\n\t\t\t\t\t\n\t\t\t\t\t<\/div>\n\n\t\t\t\t\n\t\t\t<\/div>\n\n\t\t\t<div class=\"flex flex-wrap gap-8 items-center\">\n\n\t\t\t\t\n\t\t\t\t\t\n\t\n    \n        \n\t\t\t\n\t\t\t\t<a href=\"tel:(+48) 794 967 004\" target=\"_self\"  class=\"button primary !text-white\">\n\n\t\t\t\t\t\t\t\t\t\t\t<span class=\"primary--circle\" aria-hidden=\"true\"><\/span>\n\t\t\t\t\t\t<span class=\"primary--phone z-10\">\n\t\t\t\t\t\t\t<svg xmlns=\"http:\/\/www.w3.org\/2000\/svg\" width=\"16\" height=\"16\" viewBox=\"0 0 16 16\" fill=\"none\">\n    <path d=\"M4.48541 0.468748C3.42025 0.468748 2.3985 0.891935 1.64513 1.64519C0.892 2.39847 0.46875 3.42012 0.46875 4.48541C0.46875 10.5859 5.41403 15.5312 11.5146 15.5312C12.5798 15.5312 13.6015 15.1081 14.3548 14.3548C15.108 13.6015 15.5312 12.5799 15.5312 11.5146L10.5104 9.50625L9.50625 12.0167H9.50572C6.45584 12.0167 3.98334 9.54422 3.98334 6.49425V6.49375L6.49375 5.48959L4.48541 0.468748Z\" fill=\"currentColor\"\/>\n<\/svg>\n\t\t\t\t\t\t<\/span>\n\t\t\t\t\t\n\t\t\t\t\t<span class=\"primary--text z-10\">\n\t\t\t\t\t\t(+48) 794 967 004\n\t\t\t\t\t<\/span>\n\n\t\t\t\t<\/a>\n\n\n\t\t\t\n\n        \n    \n\n\t\t\t\t\n\t\t\t\t\n\t\t\t\t\t\n\t\n    \n        \n\t\t\t\n\t\t\t\t<a href=\"\/kontakt\/\" target=\"_self\"  class=\"button primary  !text-white\">\n\n\t\t\t\t\t\t\t\t\t\t\t<span class=\"primary--circle\" aria-hidden=\"true\"><\/span>\n\t\t\t\t\t\t<span class=\"primary--mail z-10\">\n\t\t\t\t\t\t\t<svg xmlns=\"http:\/\/www.w3.org\/2000\/svg\" width=\"16\" height=\"16\" viewbox=\"0 0 16 16\" fill=\"none\">\n    <g fill=\"currentColor\">\n        <path d=\"M7.292 9.273.023 3.986 0 3.998v8a1.6 1.6 0 0 0 1.6 1.6h12.8a1.6 1.6 0 0 0 1.6-1.6v-8.02l-.004-.001-7.288 5.296a1.204 1.204 0 0 1-1.416 0Z\"\/>\n        <path d=\"m8.709 7.297 6.455-4.694a1.59 1.59 0 0 0-.764-.2H1.6c-.277 0-.533.076-.764.2l6.456 4.694c.422.307.994.307 1.417 0Z\"\/>\n    <\/g>\n<\/svg>\n\t\t\t\t\t\t<\/span>\n\t\t\t\t\t\n\t\t\t\t\t<span class=\"primary--text z-10\">\n\t\t\t\t\t\tNapisz do nas\n\t\t\t\t\t<\/span>\n\n\t\t\t\t<\/a>\n\n\n\t\t\t\n\n        \n    \n\n\t\t\t\t\t\t\t\n\n\t\t\t<\/div>\n\n\n\t\t<\/div>\n\n\t<\/div>\n\t\n<\/section><\/div><\/div>","protected":false},"excerpt":{"rendered":"","protected":false},"author":1,"featured_media":0,"parent":0,"menu_order":12,"comment_status":"closed","ping_status":"closed","template":"","meta":{"_acf_changed":false,"inline_featured_image":false,"footnotes":""},"class_list":["post-280","page","type-page","status-publish","hentry"],"yoast_head":"<!-- This site is optimized with the Yoast SEO plugin v24.2 - https:\/\/yoast.com\/wordpress\/plugins\/seo\/ -->\n<title>Z\u0119bate 24<\/title>\n<meta name=\"robots\" content=\"index, follow, max-snippet:-1, max-image-preview:large, max-video-preview:-1\" \/>\n<link rel=\"canonical\" href=\"https:\/\/zebate24.pl\/index.php\/wp-json\/wp\/v2\/pages\/280\" \/>\n<meta property=\"og:locale\" content=\"pl_PL\" \/>\n<meta property=\"og:type\" content=\"website\" \/>\n<meta property=\"og:url\" content=\"https:\/\/zebate24.pl\/index.php\/wp-json\/wp\/v2\/pages\/280\" \/>\n<meta property=\"og:site_name\" content=\"Z\u0119bate 24\" \/>\n<meta name=\"twitter:card\" content=\"summary_large_image\" \/>\n<script type=\"application\/ld+json\" class=\"yoast-schema-graph\">{\"@context\":\"https:\/\/schema.org\",\"@graph\":[{\"@type\":\"WebSite\",\"@id\":\"https:\/\/zebate24.pl\/#website\",\"url\":\"https:\/\/zebate24.pl\/\",\"name\":\"Z\u0119bate 24\",\"description\":\"Szeroka oferta cz\u0119\u015bci nap\u0119dowych! Ko\u0142a z\u0119bate, przek\u0142adnie k\u0105towe z\u0119bate, most carraro, dana, kessler, spicer, zf, ko\u0142a talerzowe, mosty nap\u0119dowe\",\"potentialAction\":[{\"@type\":\"SearchAction\",\"target\":{\"@type\":\"EntryPoint\",\"urlTemplate\":\"https:\/\/zebate24.pl\/?s={search_term_string}\"},\"query-input\":{\"@type\":\"PropertyValueSpecification\",\"valueRequired\":true,\"valueName\":\"search_term_string\"}}],\"inLanguage\":\"pl-PL\"}]}<\/script>\n<!-- \/ Yoast SEO plugin. -->","yoast_head_json":{"title":"Z\u0119bate 24","robots":{"index":"index","follow":"follow","max-snippet":"max-snippet:-1","max-image-preview":"max-image-preview:large","max-video-preview":"max-video-preview:-1"},"canonical":"https:\/\/zebate24.pl\/index.php\/wp-json\/wp\/v2\/pages\/280","og_locale":"pl_PL","og_type":"website","og_url":"https:\/\/zebate24.pl\/index.php\/wp-json\/wp\/v2\/pages\/280","og_site_name":"Z\u0119bate 24","twitter_card":"summary_large_image","schema":{"@context":"https:\/\/schema.org","@graph":[{"@type":"WebSite","@id":"https:\/\/zebate24.pl\/#website","url":"https:\/\/zebate24.pl\/","name":"Z\u0119bate 24","description":"Szeroka oferta cz\u0119\u015bci nap\u0119dowych! Ko\u0142a z\u0119bate, przek\u0142adnie k\u0105towe z\u0119bate, most carraro, dana, kessler, spicer, zf, ko\u0142a talerzowe, mosty nap\u0119dowe","potentialAction":[{"@type":"SearchAction","target":{"@type":"EntryPoint","urlTemplate":"https:\/\/zebate24.pl\/?s={search_term_string}"},"query-input":{"@type":"PropertyValueSpecification","valueRequired":true,"valueName":"search_term_string"}}],"inLanguage":"pl-PL"}]}},"gutenberg_blocks":[{"blockName":"custom-styles","attrs":{"styles":""}},{"blockName":"acf\/breadcrumbs","attrs":{"name":"acf\/breadcrumbs","data":[],"mode":"edit"},"innerBlocks":[],"innerHTML":"","innerContent":[]},{"blockName":"acf\/yith-products-listing-with-request-form","attrs":{"name":"acf\/yith-products-listing-with-request-form","data":{"heading_heading_text":"Wycena produkt\u00f3w","_heading_heading_text":"field_638627ccced84","heading_heading_level":"h1","_heading_heading_level":"field_638627e7ced85","heading_heading_variant":"default","_heading_heading_variant":"field_63862847ced86","heading_extra_classes":"","_heading_extra_classes":"field_638628eeced88","heading":"","_heading":"field_678666a8ef59a","form_text":"Uzupe\u0142nij formularz i wy\u015blij swoje zapytanie o ofert\u0119.<br><br>\r\nWr\u00f3cimy do Ciebie z odpowiedz\u0105 tak szybko jak to mo\u017cliwe.","_form_text":"field_678666c2ef59c"},"mode":"edit"},"innerBlocks":[],"innerHTML":"","innerContent":[]},{"blockName":"core\/block","attrs":[{"blockName":"custom-styles","attrs":{"styles":""}},{"blockName":"core\/group","attrs":{"layout":{"type":"constrained"}},"innerBlocks":[{"blockName":"acf\/call-to-action","attrs":{"name":"acf\/call-to-action","data":{"heading_heading_text":"Potrzebujesz pomocy?<br>Skontaktuj si\u0119 z nami","_heading_heading_text":"field_638627ccced84","heading_heading_level":"h3","_heading_heading_level":"field_638627e7ced85","heading_heading_variant":"default","_heading_heading_variant":"field_63862847ced86","heading_extra_classes":"","_heading_extra_classes":"field_638628eeced88","heading":"","_heading":"field_6766ca19c3c2e","desc":"Ch\u0119tnie odpowiemy na wszelkie pytania, a nasi eksperci doradz\u0105 w kwestii wyboru odpowiedniego produktu.","_desc":"field_6766ca9ac3c33","phone_number_button":"true","_phone_number_button":"field_6766ca76c3c31","contact_button_button_title":"Napisz do nas","_contact_button_button_title":"field_61d40397c2f0a","contact_button_button_type":"link","_contact_button_button_type":"field_63bbde3b8f0d0","contact_button_button_link":{"title":"Napisz do nas","url":"\/kontakt\/","target":""},"_contact_button_button_link":"field_61d4039bc2f0b","contact_button_button_style":"primary","_contact_button_button_style":"field_63872d045d0f0","contact_button_button_extra_classes":"","_contact_button_button_extra_classes":"field_642beab6a97de","contact_button":"","_contact_button":"field_6766ca2fc3c2f","bg_image":34407,"_bg_image":"field_6766caabc3c35"},"mode":"edit"},"innerBlocks":[],"innerHTML":"","innerContent":[]}],"innerHTML":"\n<div class=\"wp-block-group\"><\/div>\n","innerContent":["\n<div class=\"wp-block-group\">",null,"<\/div>\n"]}],"innerBlocks":[],"innerHTML":"","innerContent":[]}],"meta_data":{"menu_type":"white"},"acf":[],"_links":{"self":[{"href":"https:\/\/zebate24.pl\/index.php\/wp-json\/wp\/v2\/pages\/280","targetHints":{"allow":["GET"]}}],"collection":[{"href":"https:\/\/zebate24.pl\/index.php\/wp-json\/wp\/v2\/pages"}],"about":[{"href":"https:\/\/zebate24.pl\/index.php\/wp-json\/wp\/v2\/types\/page"}],"author":[{"embeddable":true,"href":"https:\/\/zebate24.pl\/index.php\/wp-json\/wp\/v2\/users\/1"}],"replies":[{"embeddable":true,"href":"https:\/\/zebate24.pl\/index.php\/wp-json\/wp\/v2\/comments?post=280"}],"version-history":[{"count":5,"href":"https:\/\/zebate24.pl\/index.php\/wp-json\/wp\/v2\/pages\/280\/revisions"}],"predecessor-version":[{"id":34338,"href":"https:\/\/zebate24.pl\/index.php\/wp-json\/wp\/v2\/pages\/280\/revisions\/34338"}],"wp:attachment":[{"href":"https:\/\/zebate24.pl\/index.php\/wp-json\/wp\/v2\/media?parent=280"}],"curies":[{"name":"wp","href":"https:\/\/api.w.org\/{rel}","templated":true}]}}